{"id":984,"date":"2021-06-25T07:56:57","date_gmt":"2021-06-25T07:56:57","guid":{"rendered":"https:\/\/dulacetduparc.com\/?page_id=984"},"modified":"2022-09-30T08:16:05","modified_gmt":"2022-09-30T08:16:05","slug":"il-parco","status":"publish","type":"page","link":"https:\/\/dulacetduparc.com\/de\/il-parco\/","title":{"rendered":"Der Park"},"content":{"rendered":"<p>Der sieben Hektar gro\u00dfe Garten bietet mediterranen und exotischen Pflanzen ein Zuhause. Die nat\u00fcrliche Landschaft rund um das Du Lac et Du Parc Grand Resort besticht durch seine einzigartige vegetative Vielfalt. Im sieben Hektar gro\u00dfen, hoteleigenen Park jedoch gipfelt sie in einer seit Jahrzehnten sorgf\u00e4ltig gepflegten Gartenanlage mit \u00fcber 200 mediterranen und exotischen Pflanzen.<\/p>\n","protected":false},"excerpt":{"rendered":"<p>Der sieben Hektar gro\u00dfe Garten bietet mediterranen und exotischen Pflanzen ein Zuhause. Die nat\u00fcrliche Landschaft rund um das Du Lac et Du Parc Grand Resort besticht durch seine einzigartige vegetative Vielfalt. Im sieben Hektar gro\u00dfen, hoteleigenen Park jedoch gipfelt sie in einer seit Jahrzehnten sorgf\u00e4ltig gepflegten Gartenanlage mit \u00fcber 200 mediterranen und exotischen Pflanzen.<\/p>\n","protected":false},"author":273,"featured_media":0,"parent":0,"menu_order":0,"comment_status":"closed","ping_status":"closed","template":"","meta":{"footnotes":""},"class_list":["post-984","page","type-page","status-publish","hentry"],"yoast_head":"<!-- This site is optimized with the Yoast SEO plugin v26.9 - https:\/\/yoast.com\/product\/yoast-seo-wordpress\/ -->\n<title>Der Park - Du Lac et Du Parc Grand Resort<\/title>\n<meta name=\"robots\" content=\"index, follow, max-snippet:-1, max-image-preview:large, max-video-preview:-1\" \/>\n<link rel=\"canonical\" href=\"https:\/\/dulacetduparc.com\/de\/il-parco\/\" \/>\n<meta property=\"og:locale\" content=\"de_DE\" \/>\n<meta property=\"og:type\" content=\"article\" \/>\n<meta property=\"og:title\" content=\"Der Park - Du Lac et Du Parc Grand Resort\" \/>\n<meta property=\"og:description\" content=\"Der sieben Hektar gro\u00dfe Garten bietet mediterranen und exotischen Pflanzen ein Zuhause. Die nat\u00fcrliche Landschaft rund um das Du Lac et Du Parc Grand Resort besticht durch seine einzigartige vegetative Vielfalt. Im sieben Hektar gro\u00dfen, hoteleigenen Park jedoch gipfelt sie in einer seit Jahrzehnten sorgf\u00e4ltig gepflegten Gartenanlage mit \u00fcber 200 mediterranen und exotischen Pflanzen.\" \/>\n<meta property=\"og:url\" content=\"https:\/\/dulacetduparc.com\/de\/il-parco\/\" \/>\n<meta property=\"og:site_name\" content=\"Du Lac et Du Parc Grand Resort\" \/>\n<meta property=\"article:modified_time\" content=\"2022-09-30T08:16:05+00:00\" \/>\n<meta name=\"twitter:card\" content=\"summary_large_image\" \/>\n<script type=\"application\/ld+json\" class=\"yoast-schema-graph\">{\"@context\":\"https:\/\/schema.org\",\"@graph\":[{\"@type\":\"WebPage\",\"@id\":\"https:\/\/dulacetduparc.com\/de\/il-parco\/\",\"url\":\"https:\/\/dulacetduparc.com\/de\/il-parco\/\",\"name\":\"Der Park - Du Lac et Du Parc Grand Resort\",\"isPartOf\":{\"@id\":\"https:\/\/dulacetduparc.com\/de\/#website\"},\"datePublished\":\"2021-06-25T07:56:57+00:00\",\"dateModified\":\"2022-09-30T08:16:05+00:00\",\"breadcrumb\":{\"@id\":\"https:\/\/dulacetduparc.com\/de\/il-parco\/#breadcrumb\"},\"inLanguage\":\"de-DE\",\"potentialAction\":[{\"@type\":\"ReadAction\",\"target\":[\"https:\/\/dulacetduparc.com\/de\/il-parco\/\"]}]},{\"@type\":\"BreadcrumbList\",\"@id\":\"https:\/\/dulacetduparc.com\/de\/il-parco\/#breadcrumb\",\"itemListElement\":[{\"@type\":\"ListItem\",\"position\":1,\"name\":\"Home\",\"item\":\"https:\/\/dulacetduparc.com\/de\/\"},{\"@type\":\"ListItem\",\"position\":2,\"name\":\"Der Park\"}]},{\"@type\":\"WebSite\",\"@id\":\"https:\/\/dulacetduparc.com\/de\/#website\",\"url\":\"https:\/\/dulacetduparc.com\/de\/\",\"name\":\"Du Lac et Du Parc Grand Resort\",\"description\":\"Just another ms.decms.eu site\",\"potentialAction\":[{\"@type\":\"SearchAction\",\"target\":{\"@type\":\"EntryPoint\",\"urlTemplate\":\"https:\/\/dulacetduparc.com\/de\/?s={search_term_string}\"},\"query-input\":{\"@type\":\"PropertyValueSpecification\",\"valueRequired\":true,\"valueName\":\"search_term_string\"}}],\"inLanguage\":\"de-DE\"}]}<\/script>\n<!-- \/ Yoast SEO plugin. -->","yoast_head_json":{"title":"Der Park - Du Lac et Du Parc Grand Resort","robots":{"index":"index","follow":"follow","max-snippet":"max-snippet:-1","max-image-preview":"max-image-preview:large","max-video-preview":"max-video-preview:-1"},"canonical":"https:\/\/dulacetduparc.com\/de\/il-parco\/","og_locale":"de_DE","og_type":"article","og_title":"Der Park - Du Lac et Du Parc Grand Resort","og_description":"Der sieben Hektar gro\u00dfe Garten bietet mediterranen und exotischen Pflanzen ein Zuhause. Die nat\u00fcrliche Landschaft rund um das Du Lac et Du Parc Grand Resort besticht durch seine einzigartige vegetative Vielfalt. Im sieben Hektar gro\u00dfen, hoteleigenen Park jedoch gipfelt sie in einer seit Jahrzehnten sorgf\u00e4ltig gepflegten Gartenanlage mit \u00fcber 200 mediterranen und exotischen Pflanzen.","og_url":"https:\/\/dulacetduparc.com\/de\/il-parco\/","og_site_name":"Du Lac et Du Parc Grand Resort","article_modified_time":"2022-09-30T08:16:05+00:00","twitter_card":"summary_large_image","schema":{"@context":"https:\/\/schema.org","@graph":[{"@type":"WebPage","@id":"https:\/\/dulacetduparc.com\/de\/il-parco\/","url":"https:\/\/dulacetduparc.com\/de\/il-parco\/","name":"Der Park - Du Lac et Du Parc Grand Resort","isPartOf":{"@id":"https:\/\/dulacetduparc.com\/de\/#website"},"datePublished":"2021-06-25T07:56:57+00:00","dateModified":"2022-09-30T08:16:05+00:00","breadcrumb":{"@id":"https:\/\/dulacetduparc.com\/de\/il-parco\/#breadcrumb"},"inLanguage":"de-DE","potentialAction":[{"@type":"ReadAction","target":["https:\/\/dulacetduparc.com\/de\/il-parco\/"]}]},{"@type":"BreadcrumbList","@id":"https:\/\/dulacetduparc.com\/de\/il-parco\/#breadcrumb","itemListElement":[{"@type":"ListItem","position":1,"name":"Home","item":"https:\/\/dulacetduparc.com\/de\/"},{"@type":"ListItem","position":2,"name":"Der Park"}]},{"@type":"WebSite","@id":"https:\/\/dulacetduparc.com\/de\/#website","url":"https:\/\/dulacetduparc.com\/de\/","name":"Du Lac et Du Parc Grand Resort","description":"Just another ms.decms.eu site","potentialAction":[{"@type":"SearchAction","target":{"@type":"EntryPoint","urlTemplate":"https:\/\/dulacetduparc.com\/de\/?s={search_term_string}"},"query-input":{"@type":"PropertyValueSpecification","valueRequired":true,"valueName":"search_term_string"}}],"inLanguage":"de-DE"}]}},"acf":[],"_links":{"self":[{"href":"https:\/\/dulacetduparc.com\/de\/wp-json\/wp\/v2\/pages\/984","targetHints":{"allow":["GET"]}}],"collection":[{"href":"https:\/\/dulacetduparc.com\/de\/wp-json\/wp\/v2\/pages"}],"about":[{"href":"https:\/\/dulacetduparc.com\/de\/wp-json\/wp\/v2\/types\/page"}],"author":[{"embeddable":true,"href":"https:\/\/dulacetduparc.com\/de\/wp-json\/wp\/v2\/users\/273"}],"replies":[{"embeddable":true,"href":"https:\/\/dulacetduparc.com\/de\/wp-json\/wp\/v2\/comments?post=984"}],"version-history":[{"count":0,"href":"https:\/\/dulacetduparc.com\/de\/wp-json\/wp\/v2\/pages\/984\/revisions"}],"wp:attachment":[{"href":"https:\/\/dulacetduparc.com\/de\/wp-json\/wp\/v2\/media?parent=984"}],"curies":[{"name":"wp","href":"https:\/\/api.w.org\/{rel}","templated":true}]}}