{"id":959,"date":"2021-04-20T15:21:40","date_gmt":"2021-04-20T15:21:40","guid":{"rendered":"https:\/\/dulacetduparc.com\/?page_id=959"},"modified":"2026-04-01T08:09:59","modified_gmt":"2026-04-01T08:09:59","slug":"famiglia","status":"publish","type":"page","link":"https:\/\/dulacetduparc.com\/de\/famiglia\/","title":{"rendered":"Familie"},"content":{"rendered":"<p>Das Du Lac et Du Parc Grand Resort bietet eine Reihe von Einrichtungen und Sportaktivit\u00e4ten f\u00fcr alle Altersgruppen, dadurch ist es ein optimales Reiseziel in Italien f\u00fcr die ganze Familie. Das Resort liegt in einem gro\u00dfen wundersch\u00f6nen Naturpark und verf\u00fcgt \u00fcber Innen- und Au\u00dfenpools, einen direkten Zugang zum Strand, einen Spielplatz, einen Miniclub, ein Fitnesscenter und einen Segelclub.<\/p>\n","protected":false},"excerpt":{"rendered":"<p>Das Du Lac et Du Parc Grand Resort bietet eine Reihe von Einrichtungen und Sportaktivit\u00e4ten f\u00fcr alle Altersgruppen, dadurch ist es ein optimales Reiseziel in Italien f\u00fcr die ganze Familie. Das Resort liegt in einem gro\u00dfen wundersch\u00f6nen Naturpark und verf\u00fcgt \u00fcber Innen- und Au\u00dfenpools, einen direkten Zugang zum Strand, einen Spielplatz, einen Miniclub, ein Fitnesscenter [&hellip;]<\/p>\n","protected":false},"author":17,"featured_media":0,"parent":0,"menu_order":50,"comment_status":"closed","ping_status":"closed","template":"","meta":{"footnotes":""},"class_list":["post-959","page","type-page","status-publish","hentry"],"yoast_head":"<!-- This site is optimized with the Yoast SEO plugin v26.9 - https:\/\/yoast.com\/product\/yoast-seo-wordpress\/ -->\n<title>Familie - Du Lac et Du Parc Grand Resort<\/title>\n<meta name=\"robots\" content=\"index, follow, max-snippet:-1, max-image-preview:large, max-video-preview:-1\" \/>\n<link rel=\"canonical\" href=\"https:\/\/dulacetduparc.com\/de\/famiglia\/\" \/>\n<meta property=\"og:locale\" content=\"de_DE\" \/>\n<meta property=\"og:type\" content=\"article\" \/>\n<meta property=\"og:title\" content=\"Familie - Du Lac et Du Parc Grand Resort\" \/>\n<meta property=\"og:description\" content=\"Das Du Lac et Du Parc Grand Resort bietet eine Reihe von Einrichtungen und Sportaktivit\u00e4ten f\u00fcr alle Altersgruppen, dadurch ist es ein optimales Reiseziel in Italien f\u00fcr die ganze Familie. Das Resort liegt in einem gro\u00dfen wundersch\u00f6nen Naturpark und verf\u00fcgt \u00fcber Innen- und Au\u00dfenpools, einen direkten Zugang zum Strand, einen Spielplatz, einen Miniclub, ein Fitnesscenter [&hellip;]\" \/>\n<meta property=\"og:url\" content=\"https:\/\/dulacetduparc.com\/de\/famiglia\/\" \/>\n<meta property=\"og:site_name\" content=\"Du Lac et Du Parc Grand Resort\" \/>\n<meta property=\"article:modified_time\" content=\"2026-04-01T08:09:59+00:00\" \/>\n<meta name=\"twitter:card\" content=\"summary_large_image\" \/>\n<meta name=\"twitter:label1\" content=\"Gesch\u00e4tzte Lesezeit\" \/>\n\t<meta name=\"twitter:data1\" content=\"1 Minute\" \/>\n<script type=\"application\/ld+json\" class=\"yoast-schema-graph\">{\"@context\":\"https:\/\/schema.org\",\"@graph\":[{\"@type\":\"WebPage\",\"@id\":\"https:\/\/dulacetduparc.com\/de\/famiglia\/\",\"url\":\"https:\/\/dulacetduparc.com\/de\/famiglia\/\",\"name\":\"Familie - Du Lac et Du Parc Grand Resort\",\"isPartOf\":{\"@id\":\"https:\/\/dulacetduparc.com\/de\/#website\"},\"datePublished\":\"2021-04-20T15:21:40+00:00\",\"dateModified\":\"2026-04-01T08:09:59+00:00\",\"breadcrumb\":{\"@id\":\"https:\/\/dulacetduparc.com\/de\/famiglia\/#breadcrumb\"},\"inLanguage\":\"de-DE\",\"potentialAction\":[{\"@type\":\"ReadAction\",\"target\":[\"https:\/\/dulacetduparc.com\/de\/famiglia\/\"]}]},{\"@type\":\"BreadcrumbList\",\"@id\":\"https:\/\/dulacetduparc.com\/de\/famiglia\/#breadcrumb\",\"itemListElement\":[{\"@type\":\"ListItem\",\"position\":1,\"name\":\"Home\",\"item\":\"https:\/\/dulacetduparc.com\/de\/\"},{\"@type\":\"ListItem\",\"position\":2,\"name\":\"Familie\"}]},{\"@type\":\"WebSite\",\"@id\":\"https:\/\/dulacetduparc.com\/de\/#website\",\"url\":\"https:\/\/dulacetduparc.com\/de\/\",\"name\":\"Du Lac et Du Parc Grand Resort\",\"description\":\"Just another ms.decms.eu site\",\"potentialAction\":[{\"@type\":\"SearchAction\",\"target\":{\"@type\":\"EntryPoint\",\"urlTemplate\":\"https:\/\/dulacetduparc.com\/de\/?s={search_term_string}\"},\"query-input\":{\"@type\":\"PropertyValueSpecification\",\"valueRequired\":true,\"valueName\":\"search_term_string\"}}],\"inLanguage\":\"de-DE\"}]}<\/script>\n<!-- \/ Yoast SEO plugin. -->","yoast_head_json":{"title":"Familie - Du Lac et Du Parc Grand Resort","robots":{"index":"index","follow":"follow","max-snippet":"max-snippet:-1","max-image-preview":"max-image-preview:large","max-video-preview":"max-video-preview:-1"},"canonical":"https:\/\/dulacetduparc.com\/de\/famiglia\/","og_locale":"de_DE","og_type":"article","og_title":"Familie - Du Lac et Du Parc Grand Resort","og_description":"Das Du Lac et Du Parc Grand Resort bietet eine Reihe von Einrichtungen und Sportaktivit\u00e4ten f\u00fcr alle Altersgruppen, dadurch ist es ein optimales Reiseziel in Italien f\u00fcr die ganze Familie. Das Resort liegt in einem gro\u00dfen wundersch\u00f6nen Naturpark und verf\u00fcgt \u00fcber Innen- und Au\u00dfenpools, einen direkten Zugang zum Strand, einen Spielplatz, einen Miniclub, ein Fitnesscenter [&hellip;]","og_url":"https:\/\/dulacetduparc.com\/de\/famiglia\/","og_site_name":"Du Lac et Du Parc Grand Resort","article_modified_time":"2026-04-01T08:09:59+00:00","twitter_card":"summary_large_image","twitter_misc":{"Gesch\u00e4tzte Lesezeit":"1 Minute"},"schema":{"@context":"https:\/\/schema.org","@graph":[{"@type":"WebPage","@id":"https:\/\/dulacetduparc.com\/de\/famiglia\/","url":"https:\/\/dulacetduparc.com\/de\/famiglia\/","name":"Familie - Du Lac et Du Parc Grand Resort","isPartOf":{"@id":"https:\/\/dulacetduparc.com\/de\/#website"},"datePublished":"2021-04-20T15:21:40+00:00","dateModified":"2026-04-01T08:09:59+00:00","breadcrumb":{"@id":"https:\/\/dulacetduparc.com\/de\/famiglia\/#breadcrumb"},"inLanguage":"de-DE","potentialAction":[{"@type":"ReadAction","target":["https:\/\/dulacetduparc.com\/de\/famiglia\/"]}]},{"@type":"BreadcrumbList","@id":"https:\/\/dulacetduparc.com\/de\/famiglia\/#breadcrumb","itemListElement":[{"@type":"ListItem","position":1,"name":"Home","item":"https:\/\/dulacetduparc.com\/de\/"},{"@type":"ListItem","position":2,"name":"Familie"}]},{"@type":"WebSite","@id":"https:\/\/dulacetduparc.com\/de\/#website","url":"https:\/\/dulacetduparc.com\/de\/","name":"Du Lac et Du Parc Grand Resort","description":"Just another ms.decms.eu site","potentialAction":[{"@type":"SearchAction","target":{"@type":"EntryPoint","urlTemplate":"https:\/\/dulacetduparc.com\/de\/?s={search_term_string}"},"query-input":{"@type":"PropertyValueSpecification","valueRequired":true,"valueName":"search_term_string"}}],"inLanguage":"de-DE"}]}},"acf":[],"_links":{"self":[{"href":"https:\/\/dulacetduparc.com\/de\/wp-json\/wp\/v2\/pages\/959","targetHints":{"allow":["GET"]}}],"collection":[{"href":"https:\/\/dulacetduparc.com\/de\/wp-json\/wp\/v2\/pages"}],"about":[{"href":"https:\/\/dulacetduparc.com\/de\/wp-json\/wp\/v2\/types\/page"}],"author":[{"embeddable":true,"href":"https:\/\/dulacetduparc.com\/de\/wp-json\/wp\/v2\/users\/17"}],"replies":[{"embeddable":true,"href":"https:\/\/dulacetduparc.com\/de\/wp-json\/wp\/v2\/comments?post=959"}],"version-history":[{"count":0,"href":"https:\/\/dulacetduparc.com\/de\/wp-json\/wp\/v2\/pages\/959\/revisions"}],"wp:attachment":[{"href":"https:\/\/dulacetduparc.com\/de\/wp-json\/wp\/v2\/media?parent=959"}],"curies":[{"name":"wp","href":"https:\/\/api.w.org\/{rel}","templated":true}]}}