{"id":89,"date":"2021-04-20T15:16:31","date_gmt":"2021-04-20T15:16:31","guid":{"rendered":"https:\/\/dulacetduparc.ms.decms.eu\/suites-bungalow\/suite-murialdo-s\/"},"modified":"2025-11-04T13:18:04","modified_gmt":"2025-11-04T13:18:04","slug":"suite-murialdo-s","status":"publish","type":"page","link":"https:\/\/dulacetduparc.com\/de\/suites-bungalows\/suite-murialdo-s\/","title":{"rendered":"Murialdo Suiten ****S"},"content":{"rendered":"<p>Murialdo, ein elegantes Geb\u00e4ude, das vom Hauptgeb\u00e4ude des Grand Resorts getrennt ist, bietet eine fantastische, moderne Unterkunft in einer gr\u00fcnen Naturlandschaft f\u00fcr Ihren Luxusurlaub in Riva Del Garda, Italien. Die Restaurants und das Armonia SPA sind bequem zu Fu\u00df durch den gr\u00fcnen, jahrhundertealten Park zu erreichen. Unsere 45 Suiten reichen von Premier- und Elite- bis hin zu Executive-Suiten und umfassen ein exklusives, sehr helles Penthouse mit herrlichem Blick auf den Park. Jede Suite ist wundersch\u00f6n eingerichtet und bietet die Freiheit einer Unterkunft mit Selbstverpflegung, wobei Sie dank der Formel \u201eSuite &amp; Breakfast\u201d gleichzeitig alle luxuri\u00f6sen Annehmlichkeiten des Grand Resorts genie\u00dfen k\u00f6nnen.<\/p>\n","protected":false},"excerpt":{"rendered":"<p>Murialdo, ein elegantes Geb\u00e4ude, das vom Hauptgeb\u00e4ude des Grand Resorts getrennt ist, bietet eine fantastische, moderne Unterkunft in einer gr\u00fcnen Naturlandschaft f\u00fcr Ihren Luxusurlaub in Riva Del Garda, Italien. Die Restaurants und das Armonia SPA sind bequem zu Fu\u00df durch den gr\u00fcnen, jahrhundertealten Park zu erreichen. Unsere 45 Suiten reichen von Premier- und Elite- bis [&hellip;]<\/p>\n","protected":false},"author":17,"featured_media":0,"parent":71,"menu_order":40,"comment_status":"closed","ping_status":"closed","template":"template-rooms-category.php","meta":{"footnotes":""},"class_list":["post-89","page","type-page","status-publish","hentry"],"yoast_head":"<!-- This site is optimized with the Yoast SEO plugin v26.9 - https:\/\/yoast.com\/product\/yoast-seo-wordpress\/ -->\n<title>Du Lac et Du Parc Grand Resort 4***S | MURIALDO SUITEN ****S<\/title>\n<meta name=\"description\" content=\"Die moderne Glas-Stahl-Linie unserer neuen Struktur schafft die perfekte H\u00fclle f\u00fcr unsere hervorragenden Murialdo-Suiten\" \/>\n<meta name=\"robots\" content=\"index, follow, max-snippet:-1, max-image-preview:large, max-video-preview:-1\" \/>\n<link rel=\"canonical\" href=\"https:\/\/dulacetduparc.com\/de\/suites-bungalows\/suite-murialdo-s\/\" \/>\n<meta property=\"og:locale\" content=\"de_DE\" \/>\n<meta property=\"og:type\" content=\"article\" \/>\n<meta property=\"og:title\" content=\"Du Lac et Du Parc Grand Resort 4***S | MURIALDO SUITEN ****S\" \/>\n<meta property=\"og:description\" content=\"Die moderne Glas-Stahl-Linie unserer neuen Struktur schafft die perfekte H\u00fclle f\u00fcr unsere hervorragenden Murialdo-Suiten\" \/>\n<meta property=\"og:url\" content=\"https:\/\/dulacetduparc.com\/de\/suites-bungalows\/suite-murialdo-s\/\" \/>\n<meta property=\"og:site_name\" content=\"Du Lac et Du Parc Grand Resort\" \/>\n<meta property=\"article:modified_time\" content=\"2025-11-04T13:18:04+00:00\" \/>\n<meta name=\"twitter:card\" content=\"summary_large_image\" \/>\n<meta name=\"twitter:label1\" content=\"Gesch\u00e4tzte Lesezeit\" \/>\n\t<meta name=\"twitter:data1\" content=\"1 Minute\" \/>\n<script type=\"application\/ld+json\" class=\"yoast-schema-graph\">{\"@context\":\"https:\/\/schema.org\",\"@graph\":[{\"@type\":\"WebPage\",\"@id\":\"https:\/\/dulacetduparc.com\/de\/suites-bungalows\/suite-murialdo-s\/\",\"url\":\"https:\/\/dulacetduparc.com\/de\/suites-bungalows\/suite-murialdo-s\/\",\"name\":\"Du Lac et Du Parc Grand Resort 4***S | MURIALDO SUITEN ****S\",\"isPartOf\":{\"@id\":\"https:\/\/dulacetduparc.com\/de\/#website\"},\"datePublished\":\"2021-04-20T15:16:31+00:00\",\"dateModified\":\"2025-11-04T13:18:04+00:00\",\"description\":\"Die moderne Glas-Stahl-Linie unserer neuen Struktur schafft die perfekte H\u00fclle f\u00fcr unsere hervorragenden Murialdo-Suiten\",\"breadcrumb\":{\"@id\":\"https:\/\/dulacetduparc.com\/de\/suites-bungalows\/suite-murialdo-s\/#breadcrumb\"},\"inLanguage\":\"de-DE\",\"potentialAction\":[{\"@type\":\"ReadAction\",\"target\":[\"https:\/\/dulacetduparc.com\/de\/suites-bungalows\/suite-murialdo-s\/\"]}]},{\"@type\":\"BreadcrumbList\",\"@id\":\"https:\/\/dulacetduparc.com\/de\/suites-bungalows\/suite-murialdo-s\/#breadcrumb\",\"itemListElement\":[{\"@type\":\"ListItem\",\"position\":1,\"name\":\"Home\",\"item\":\"https:\/\/dulacetduparc.com\/de\/\"},{\"@type\":\"ListItem\",\"position\":2,\"name\":\"Suites &#038; Bungalows\",\"item\":\"https:\/\/dulacetduparc.com\/de\/suites-bungalows\/\"},{\"@type\":\"ListItem\",\"position\":3,\"name\":\"Murialdo Suiten ****S\"}]},{\"@type\":\"WebSite\",\"@id\":\"https:\/\/dulacetduparc.com\/de\/#website\",\"url\":\"https:\/\/dulacetduparc.com\/de\/\",\"name\":\"Du Lac et Du Parc Grand Resort\",\"description\":\"Just another ms.decms.eu site\",\"potentialAction\":[{\"@type\":\"SearchAction\",\"target\":{\"@type\":\"EntryPoint\",\"urlTemplate\":\"https:\/\/dulacetduparc.com\/de\/?s={search_term_string}\"},\"query-input\":{\"@type\":\"PropertyValueSpecification\",\"valueRequired\":true,\"valueName\":\"search_term_string\"}}],\"inLanguage\":\"de-DE\"}]}<\/script>\n<!-- \/ Yoast SEO plugin. -->","yoast_head_json":{"title":"Du Lac et Du Parc Grand Resort 4***S | MURIALDO SUITEN ****S","description":"Die moderne Glas-Stahl-Linie unserer neuen Struktur schafft die perfekte H\u00fclle f\u00fcr unsere hervorragenden Murialdo-Suiten","robots":{"index":"index","follow":"follow","max-snippet":"max-snippet:-1","max-image-preview":"max-image-preview:large","max-video-preview":"max-video-preview:-1"},"canonical":"https:\/\/dulacetduparc.com\/de\/suites-bungalows\/suite-murialdo-s\/","og_locale":"de_DE","og_type":"article","og_title":"Du Lac et Du Parc Grand Resort 4***S | MURIALDO SUITEN ****S","og_description":"Die moderne Glas-Stahl-Linie unserer neuen Struktur schafft die perfekte H\u00fclle f\u00fcr unsere hervorragenden Murialdo-Suiten","og_url":"https:\/\/dulacetduparc.com\/de\/suites-bungalows\/suite-murialdo-s\/","og_site_name":"Du Lac et Du Parc Grand Resort","article_modified_time":"2025-11-04T13:18:04+00:00","twitter_card":"summary_large_image","twitter_misc":{"Gesch\u00e4tzte Lesezeit":"1 Minute"},"schema":{"@context":"https:\/\/schema.org","@graph":[{"@type":"WebPage","@id":"https:\/\/dulacetduparc.com\/de\/suites-bungalows\/suite-murialdo-s\/","url":"https:\/\/dulacetduparc.com\/de\/suites-bungalows\/suite-murialdo-s\/","name":"Du Lac et Du Parc Grand Resort 4***S | MURIALDO SUITEN ****S","isPartOf":{"@id":"https:\/\/dulacetduparc.com\/de\/#website"},"datePublished":"2021-04-20T15:16:31+00:00","dateModified":"2025-11-04T13:18:04+00:00","description":"Die moderne Glas-Stahl-Linie unserer neuen Struktur schafft die perfekte H\u00fclle f\u00fcr unsere hervorragenden Murialdo-Suiten","breadcrumb":{"@id":"https:\/\/dulacetduparc.com\/de\/suites-bungalows\/suite-murialdo-s\/#breadcrumb"},"inLanguage":"de-DE","potentialAction":[{"@type":"ReadAction","target":["https:\/\/dulacetduparc.com\/de\/suites-bungalows\/suite-murialdo-s\/"]}]},{"@type":"BreadcrumbList","@id":"https:\/\/dulacetduparc.com\/de\/suites-bungalows\/suite-murialdo-s\/#breadcrumb","itemListElement":[{"@type":"ListItem","position":1,"name":"Home","item":"https:\/\/dulacetduparc.com\/de\/"},{"@type":"ListItem","position":2,"name":"Suites &#038; Bungalows","item":"https:\/\/dulacetduparc.com\/de\/suites-bungalows\/"},{"@type":"ListItem","position":3,"name":"Murialdo Suiten ****S"}]},{"@type":"WebSite","@id":"https:\/\/dulacetduparc.com\/de\/#website","url":"https:\/\/dulacetduparc.com\/de\/","name":"Du Lac et Du Parc Grand Resort","description":"Just another ms.decms.eu site","potentialAction":[{"@type":"SearchAction","target":{"@type":"EntryPoint","urlTemplate":"https:\/\/dulacetduparc.com\/de\/?s={search_term_string}"},"query-input":{"@type":"PropertyValueSpecification","valueRequired":true,"valueName":"search_term_string"}}],"inLanguage":"de-DE"}]}},"acf":[],"_links":{"self":[{"href":"https:\/\/dulacetduparc.com\/de\/wp-json\/wp\/v2\/pages\/89","targetHints":{"allow":["GET"]}}],"collection":[{"href":"https:\/\/dulacetduparc.com\/de\/wp-json\/wp\/v2\/pages"}],"about":[{"href":"https:\/\/dulacetduparc.com\/de\/wp-json\/wp\/v2\/types\/page"}],"author":[{"embeddable":true,"href":"https:\/\/dulacetduparc.com\/de\/wp-json\/wp\/v2\/users\/17"}],"replies":[{"embeddable":true,"href":"https:\/\/dulacetduparc.com\/de\/wp-json\/wp\/v2\/comments?post=89"}],"version-history":[{"count":0,"href":"https:\/\/dulacetduparc.com\/de\/wp-json\/wp\/v2\/pages\/89\/revisions"}],"up":[{"embeddable":true,"href":"https:\/\/dulacetduparc.com\/de\/wp-json\/wp\/v2\/pages\/71"}],"wp:attachment":[{"href":"https:\/\/dulacetduparc.com\/de\/wp-json\/wp\/v2\/media?parent=89"}],"curies":[{"name":"wp","href":"https:\/\/api.w.org\/{rel}","templated":true}]}}