{"id":83,"date":"2021-04-20T15:14:48","date_gmt":"2021-04-20T15:14:48","guid":{"rendered":"https:\/\/dulacetduparc.ms.decms.eu\/suites-bungalow\/suite-la-villa-s\/"},"modified":"2025-11-04T12:43:07","modified_gmt":"2025-11-04T12:43:07","slug":"suite-la-villa-s","status":"publish","type":"page","link":"https:\/\/dulacetduparc.com\/de\/suites-bungalows\/suite-la-villa-s\/","title":{"rendered":"Suite La Villa **** S"},"content":{"rendered":"<p>Die Villa, ein elegantes Geb\u00e4ude, das vom Hauptgeb\u00e4ude des Grand Resorts getrennt ist, verf\u00fcgt \u00fcber 22 Suiten mit einer komfortablen und einladenden Atmosph\u00e4re. Die Restaurants und das Armonia SPA sind bequem zu Fu\u00df durch den gr\u00fcnen, jahrhundertealten Park zu erreichen. Die klassische Einrichtung, die gro\u00dfz\u00fcgigen offenen R\u00e4ume und der erstklassige Komfort wurden bis ins kleinste Detail geplant, um Ihnen maximalen Komfort zu bieten.<\/p>\n<p>&nbsp;<\/p>\n","protected":false},"excerpt":{"rendered":"<p>Die Villa, ein elegantes Geb\u00e4ude, das vom Hauptgeb\u00e4ude des Grand Resorts getrennt ist, verf\u00fcgt \u00fcber 22 Suiten mit einer komfortablen und einladenden Atmosph\u00e4re. Die Restaurants und das Armonia SPA sind bequem zu Fu\u00df durch den gr\u00fcnen, jahrhundertealten Park zu erreichen. Die klassische Einrichtung, die gro\u00dfz\u00fcgigen offenen R\u00e4ume und der erstklassige Komfort wurden bis ins kleinste [&hellip;]<\/p>\n","protected":false},"author":17,"featured_media":0,"parent":71,"menu_order":30,"comment_status":"closed","ping_status":"closed","template":"template-rooms-category.php","meta":{"footnotes":""},"class_list":["post-83","page","type-page","status-publish","hentry"],"yoast_head":"<!-- This site is optimized with the Yoast SEO plugin v26.9 - https:\/\/yoast.com\/product\/yoast-seo-wordpress\/ -->\n<title>Du Lac et Du Parc Grand Resort 4***S | LA VILLA SUITEN **** S<\/title>\n<meta name=\"description\" content=\"Das Du Lac et Du Parc Grand Resort ist die Heimat einer stilvollen Villa mit 22 eleganten Luxus-Suiten mit einer warmen und gem\u00fctlichen Atmosph\u00e4re.\" \/>\n<meta name=\"robots\" content=\"index, follow, max-snippet:-1, max-image-preview:large, max-video-preview:-1\" \/>\n<link rel=\"canonical\" href=\"https:\/\/dulacetduparc.com\/de\/suites-bungalows\/suite-la-villa-s\/\" \/>\n<meta property=\"og:locale\" content=\"de_DE\" \/>\n<meta property=\"og:type\" content=\"article\" \/>\n<meta property=\"og:title\" content=\"Du Lac et Du Parc Grand Resort 4***S | LA VILLA SUITEN **** S\" \/>\n<meta property=\"og:description\" content=\"Das Du Lac et Du Parc Grand Resort ist die Heimat einer stilvollen Villa mit 22 eleganten Luxus-Suiten mit einer warmen und gem\u00fctlichen Atmosph\u00e4re.\" \/>\n<meta property=\"og:url\" content=\"https:\/\/dulacetduparc.com\/de\/suites-bungalows\/suite-la-villa-s\/\" \/>\n<meta property=\"og:site_name\" content=\"Du Lac et Du Parc Grand Resort\" \/>\n<meta property=\"article:modified_time\" content=\"2025-11-04T12:43:07+00:00\" \/>\n<meta name=\"twitter:card\" content=\"summary_large_image\" \/>\n<meta name=\"twitter:label1\" content=\"Gesch\u00e4tzte Lesezeit\" \/>\n\t<meta name=\"twitter:data1\" content=\"1 Minute\" \/>\n<script type=\"application\/ld+json\" class=\"yoast-schema-graph\">{\"@context\":\"https:\/\/schema.org\",\"@graph\":[{\"@type\":\"WebPage\",\"@id\":\"https:\/\/dulacetduparc.com\/de\/suites-bungalows\/suite-la-villa-s\/\",\"url\":\"https:\/\/dulacetduparc.com\/de\/suites-bungalows\/suite-la-villa-s\/\",\"name\":\"Du Lac et Du Parc Grand Resort 4***S | LA VILLA SUITEN **** S\",\"isPartOf\":{\"@id\":\"https:\/\/dulacetduparc.com\/de\/#website\"},\"datePublished\":\"2021-04-20T15:14:48+00:00\",\"dateModified\":\"2025-11-04T12:43:07+00:00\",\"description\":\"Das Du Lac et Du Parc Grand Resort ist die Heimat einer stilvollen Villa mit 22 eleganten Luxus-Suiten mit einer warmen und gem\u00fctlichen Atmosph\u00e4re.\",\"breadcrumb\":{\"@id\":\"https:\/\/dulacetduparc.com\/de\/suites-bungalows\/suite-la-villa-s\/#breadcrumb\"},\"inLanguage\":\"de-DE\",\"potentialAction\":[{\"@type\":\"ReadAction\",\"target\":[\"https:\/\/dulacetduparc.com\/de\/suites-bungalows\/suite-la-villa-s\/\"]}]},{\"@type\":\"BreadcrumbList\",\"@id\":\"https:\/\/dulacetduparc.com\/de\/suites-bungalows\/suite-la-villa-s\/#breadcrumb\",\"itemListElement\":[{\"@type\":\"ListItem\",\"position\":1,\"name\":\"Home\",\"item\":\"https:\/\/dulacetduparc.com\/de\/\"},{\"@type\":\"ListItem\",\"position\":2,\"name\":\"Suites &#038; Bungalows\",\"item\":\"https:\/\/dulacetduparc.com\/de\/suites-bungalows\/\"},{\"@type\":\"ListItem\",\"position\":3,\"name\":\"Suite La Villa **** S\"}]},{\"@type\":\"WebSite\",\"@id\":\"https:\/\/dulacetduparc.com\/de\/#website\",\"url\":\"https:\/\/dulacetduparc.com\/de\/\",\"name\":\"Du Lac et Du Parc Grand Resort\",\"description\":\"Just another ms.decms.eu site\",\"potentialAction\":[{\"@type\":\"SearchAction\",\"target\":{\"@type\":\"EntryPoint\",\"urlTemplate\":\"https:\/\/dulacetduparc.com\/de\/?s={search_term_string}\"},\"query-input\":{\"@type\":\"PropertyValueSpecification\",\"valueRequired\":true,\"valueName\":\"search_term_string\"}}],\"inLanguage\":\"de-DE\"}]}<\/script>\n<!-- \/ Yoast SEO plugin. -->","yoast_head_json":{"title":"Du Lac et Du Parc Grand Resort 4***S | LA VILLA SUITEN **** S","description":"Das Du Lac et Du Parc Grand Resort ist die Heimat einer stilvollen Villa mit 22 eleganten Luxus-Suiten mit einer warmen und gem\u00fctlichen Atmosph\u00e4re.","robots":{"index":"index","follow":"follow","max-snippet":"max-snippet:-1","max-image-preview":"max-image-preview:large","max-video-preview":"max-video-preview:-1"},"canonical":"https:\/\/dulacetduparc.com\/de\/suites-bungalows\/suite-la-villa-s\/","og_locale":"de_DE","og_type":"article","og_title":"Du Lac et Du Parc Grand Resort 4***S | LA VILLA SUITEN **** S","og_description":"Das Du Lac et Du Parc Grand Resort ist die Heimat einer stilvollen Villa mit 22 eleganten Luxus-Suiten mit einer warmen und gem\u00fctlichen Atmosph\u00e4re.","og_url":"https:\/\/dulacetduparc.com\/de\/suites-bungalows\/suite-la-villa-s\/","og_site_name":"Du Lac et Du Parc Grand Resort","article_modified_time":"2025-11-04T12:43:07+00:00","twitter_card":"summary_large_image","twitter_misc":{"Gesch\u00e4tzte Lesezeit":"1 Minute"},"schema":{"@context":"https:\/\/schema.org","@graph":[{"@type":"WebPage","@id":"https:\/\/dulacetduparc.com\/de\/suites-bungalows\/suite-la-villa-s\/","url":"https:\/\/dulacetduparc.com\/de\/suites-bungalows\/suite-la-villa-s\/","name":"Du Lac et Du Parc Grand Resort 4***S | LA VILLA SUITEN **** S","isPartOf":{"@id":"https:\/\/dulacetduparc.com\/de\/#website"},"datePublished":"2021-04-20T15:14:48+00:00","dateModified":"2025-11-04T12:43:07+00:00","description":"Das Du Lac et Du Parc Grand Resort ist die Heimat einer stilvollen Villa mit 22 eleganten Luxus-Suiten mit einer warmen und gem\u00fctlichen Atmosph\u00e4re.","breadcrumb":{"@id":"https:\/\/dulacetduparc.com\/de\/suites-bungalows\/suite-la-villa-s\/#breadcrumb"},"inLanguage":"de-DE","potentialAction":[{"@type":"ReadAction","target":["https:\/\/dulacetduparc.com\/de\/suites-bungalows\/suite-la-villa-s\/"]}]},{"@type":"BreadcrumbList","@id":"https:\/\/dulacetduparc.com\/de\/suites-bungalows\/suite-la-villa-s\/#breadcrumb","itemListElement":[{"@type":"ListItem","position":1,"name":"Home","item":"https:\/\/dulacetduparc.com\/de\/"},{"@type":"ListItem","position":2,"name":"Suites &#038; Bungalows","item":"https:\/\/dulacetduparc.com\/de\/suites-bungalows\/"},{"@type":"ListItem","position":3,"name":"Suite La Villa **** S"}]},{"@type":"WebSite","@id":"https:\/\/dulacetduparc.com\/de\/#website","url":"https:\/\/dulacetduparc.com\/de\/","name":"Du Lac et Du Parc Grand Resort","description":"Just another ms.decms.eu site","potentialAction":[{"@type":"SearchAction","target":{"@type":"EntryPoint","urlTemplate":"https:\/\/dulacetduparc.com\/de\/?s={search_term_string}"},"query-input":{"@type":"PropertyValueSpecification","valueRequired":true,"valueName":"search_term_string"}}],"inLanguage":"de-DE"}]}},"acf":[],"_links":{"self":[{"href":"https:\/\/dulacetduparc.com\/de\/wp-json\/wp\/v2\/pages\/83","targetHints":{"allow":["GET"]}}],"collection":[{"href":"https:\/\/dulacetduparc.com\/de\/wp-json\/wp\/v2\/pages"}],"about":[{"href":"https:\/\/dulacetduparc.com\/de\/wp-json\/wp\/v2\/types\/page"}],"author":[{"embeddable":true,"href":"https:\/\/dulacetduparc.com\/de\/wp-json\/wp\/v2\/users\/17"}],"replies":[{"embeddable":true,"href":"https:\/\/dulacetduparc.com\/de\/wp-json\/wp\/v2\/comments?post=83"}],"version-history":[{"count":0,"href":"https:\/\/dulacetduparc.com\/de\/wp-json\/wp\/v2\/pages\/83\/revisions"}],"up":[{"embeddable":true,"href":"https:\/\/dulacetduparc.com\/de\/wp-json\/wp\/v2\/pages\/71"}],"wp:attachment":[{"href":"https:\/\/dulacetduparc.com\/de\/wp-json\/wp\/v2\/media?parent=83"}],"curies":[{"name":"wp","href":"https:\/\/api.w.org\/{rel}","templated":true}]}}