{"id":774,"date":"2021-05-28T14:34:19","date_gmt":"2021-05-28T14:34:19","guid":{"rendered":"https:\/\/dulacetduparc.com\/?page_id=774"},"modified":"2022-05-09T07:44:46","modified_gmt":"2022-05-09T07:44:46","slug":"sicherer-aufenthalt","status":"publish","type":"page","link":"https:\/\/dulacetduparc.com\/de\/sicherer-aufenthalt\/","title":{"rendered":"Sicherer Aufenthalt"},"content":{"rendered":"<div class=\"p-wrap\">\n<p class=\"editablelinks\">6.05.2022<\/p>\n<p class=\"editablelinks\">Die Sicherheit und Gesundheit unserer G\u00e4ste und unserer Mitarbeiter liegen uns sehr am Herzen. Deshalb geben wir jeden Tag unser Bestes, um Ihren Aufenthalt hier bei uns sicher und dennoch angenehm zu gestalten. Dabei ber\u00fccksichtigen wir nat\u00fcrlich die st\u00e4ndigen Neuerungen in der Entwicklung des Coronavirus (COVID-19).<\/p>\n<p class=\"editablelinks\">Du Lac et Du Parc hat neue Reinigungs- und Desinfektionsstandards eingef\u00fchrt, die den G\u00e4sten einen hygienisch einwandfreien und sicheren Aufenthalt garantieren. Dazu stehen wir in st\u00e4ndigem Kontakt mit Experten, um die Reinigungs- und Desinfektionsprotokolle bei Bedarf anzupassen.<\/p>\n<p class=\"editablelinks\">Unser Programm beinhaltet:Besondere Desinfektion der ber\u00fchrungsintensiven Punkte der Zimmer, inkl. Lichtschalter und T\u00fcrgriffe<\/p>\n<\/div>\n<ul class=\"alt-list\">\n<li>Sonderdesinfektion der Taktilbereiche der Zimmer, inklusive Lichtschalter und T\u00fcrgriffe<\/li>\n<li>H\u00e4ufigere Reinigung der Gemeinschaftsr\u00e4ume<\/li>\n<li>Reinigung und Desinfektion der Eing\u00e4nge und Hochverkehrsbereiche<\/li>\n<li>H\u00e4ufigere Reinigung des Fitnessstudios<\/li>\n<li>Reduzierung der Papiergegenst\u00e4nde (Amenities wie z.B. Papierblock oder Directory) in den Zimmern<\/li>\n<li>H\u00e4ufigere Reinigung und \u00c4nderungen in B\u00fcffets, Zimmerservice und Tagungsr\u00e4umen<\/li>\n<li>Pre-Check-in und -out wo m\u00f6glich, um die Exposition an der Rezeption zu reduzieren<\/li>\n<li>Nutzung von neuen Technologien, wie elektrostatischen Diffusoren von Desinfektionsmittel f\u00fcr Oberfl\u00e4chen und Gegenst\u00e4nde<\/li>\n<li>H\u00e4ufigere Team Member Sicherheit und Wohlstand durch pers\u00f6nliche Schutzausr\u00fcstung und st\u00e4ndiges Training und Protokolle<\/li>\n<li>Erh\u00f6hung der Beschilderung zur notwendigen Entfernung<\/li>\n<li>Erh\u00f6te Frequenz der Reinigung in den Gemeinschaftsbereichen (inklusive Hotelhalle, Aufz\u00fcge, T\u00fcrgriffe, \u00f6ffentliche Toiletten, usw) und Nutzung von Krankenhaustyp-Desinfektionsmitteln<\/li>\n<li>St\u00e4ndige Anpassung des Food&amp;Beverage Service laut den aktuellen Regeln bzw. Empfehlungen<\/li>\n<li>Erh\u00f6te Verteilung von Handhygienisierungsmittel<\/li>\n<\/ul>\n<p><strong>Armonia Spa<\/strong><\/p>\n<ul>\n<li>Die Nutzung des Nassbereichs ist f\u00fcr maximal 30 Minuten und nur mit Reservierung erlaubt.<\/li>\n<\/ul>\n","protected":false},"excerpt":{"rendered":"<p>6.05.2022 Die Sicherheit und Gesundheit unserer G\u00e4ste und unserer Mitarbeiter liegen uns sehr am Herzen. Deshalb geben wir jeden Tag unser Bestes, um Ihren Aufenthalt hier bei uns sicher und dennoch angenehm zu gestalten. Dabei ber\u00fccksichtigen wir nat\u00fcrlich die st\u00e4ndigen Neuerungen in der Entwicklung des Coronavirus (COVID-19). Du Lac et Du Parc hat neue Reinigungs- [&hellip;]<\/p>\n","protected":false},"author":273,"featured_media":0,"parent":0,"menu_order":0,"comment_status":"closed","ping_status":"closed","template":"","meta":{"footnotes":""},"class_list":["post-774","page","type-page","status-publish","hentry"],"yoast_head":"<!-- This site is optimized with the Yoast SEO plugin v26.9 - https:\/\/yoast.com\/product\/yoast-seo-wordpress\/ -->\n<title>Sicherer Aufenthalt - Du Lac et Du Parc Grand Resort<\/title>\n<meta name=\"robots\" content=\"index, follow, max-snippet:-1, max-image-preview:large, max-video-preview:-1\" \/>\n<link rel=\"canonical\" href=\"https:\/\/dulacetduparc.com\/de\/sicherer-aufenthalt\/\" \/>\n<meta property=\"og:locale\" content=\"de_DE\" \/>\n<meta property=\"og:type\" content=\"article\" \/>\n<meta property=\"og:title\" content=\"Sicherer Aufenthalt - Du Lac et Du Parc Grand Resort\" \/>\n<meta property=\"og:description\" content=\"6.05.2022 Die Sicherheit und Gesundheit unserer G\u00e4ste und unserer Mitarbeiter liegen uns sehr am Herzen. Deshalb geben wir jeden Tag unser Bestes, um Ihren Aufenthalt hier bei uns sicher und dennoch angenehm zu gestalten. Dabei ber\u00fccksichtigen wir nat\u00fcrlich die st\u00e4ndigen Neuerungen in der Entwicklung des Coronavirus (COVID-19). Du Lac et Du Parc hat neue Reinigungs- [&hellip;]\" \/>\n<meta property=\"og:url\" content=\"https:\/\/dulacetduparc.com\/de\/sicherer-aufenthalt\/\" \/>\n<meta property=\"og:site_name\" content=\"Du Lac et Du Parc Grand Resort\" \/>\n<meta property=\"article:modified_time\" content=\"2022-05-09T07:44:46+00:00\" \/>\n<meta name=\"twitter:card\" content=\"summary_large_image\" \/>\n<meta name=\"twitter:label1\" content=\"Gesch\u00e4tzte Lesezeit\" \/>\n\t<meta name=\"twitter:data1\" content=\"2 Minuten\" \/>\n<script type=\"application\/ld+json\" class=\"yoast-schema-graph\">{\"@context\":\"https:\/\/schema.org\",\"@graph\":[{\"@type\":\"WebPage\",\"@id\":\"https:\/\/dulacetduparc.com\/de\/sicherer-aufenthalt\/\",\"url\":\"https:\/\/dulacetduparc.com\/de\/sicherer-aufenthalt\/\",\"name\":\"Sicherer Aufenthalt - Du Lac et Du Parc Grand Resort\",\"isPartOf\":{\"@id\":\"https:\/\/dulacetduparc.com\/de\/#website\"},\"datePublished\":\"2021-05-28T14:34:19+00:00\",\"dateModified\":\"2022-05-09T07:44:46+00:00\",\"breadcrumb\":{\"@id\":\"https:\/\/dulacetduparc.com\/de\/sicherer-aufenthalt\/#breadcrumb\"},\"inLanguage\":\"de-DE\",\"potentialAction\":[{\"@type\":\"ReadAction\",\"target\":[\"https:\/\/dulacetduparc.com\/de\/sicherer-aufenthalt\/\"]}]},{\"@type\":\"BreadcrumbList\",\"@id\":\"https:\/\/dulacetduparc.com\/de\/sicherer-aufenthalt\/#breadcrumb\",\"itemListElement\":[{\"@type\":\"ListItem\",\"position\":1,\"name\":\"Home\",\"item\":\"https:\/\/dulacetduparc.com\/de\/\"},{\"@type\":\"ListItem\",\"position\":2,\"name\":\"Sicherer Aufenthalt\"}]},{\"@type\":\"WebSite\",\"@id\":\"https:\/\/dulacetduparc.com\/de\/#website\",\"url\":\"https:\/\/dulacetduparc.com\/de\/\",\"name\":\"Du Lac et Du Parc Grand Resort\",\"description\":\"Just another ms.decms.eu site\",\"potentialAction\":[{\"@type\":\"SearchAction\",\"target\":{\"@type\":\"EntryPoint\",\"urlTemplate\":\"https:\/\/dulacetduparc.com\/de\/?s={search_term_string}\"},\"query-input\":{\"@type\":\"PropertyValueSpecification\",\"valueRequired\":true,\"valueName\":\"search_term_string\"}}],\"inLanguage\":\"de-DE\"}]}<\/script>\n<!-- \/ Yoast SEO plugin. -->","yoast_head_json":{"title":"Sicherer Aufenthalt - Du Lac et Du Parc Grand Resort","robots":{"index":"index","follow":"follow","max-snippet":"max-snippet:-1","max-image-preview":"max-image-preview:large","max-video-preview":"max-video-preview:-1"},"canonical":"https:\/\/dulacetduparc.com\/de\/sicherer-aufenthalt\/","og_locale":"de_DE","og_type":"article","og_title":"Sicherer Aufenthalt - Du Lac et Du Parc Grand Resort","og_description":"6.05.2022 Die Sicherheit und Gesundheit unserer G\u00e4ste und unserer Mitarbeiter liegen uns sehr am Herzen. Deshalb geben wir jeden Tag unser Bestes, um Ihren Aufenthalt hier bei uns sicher und dennoch angenehm zu gestalten. Dabei ber\u00fccksichtigen wir nat\u00fcrlich die st\u00e4ndigen Neuerungen in der Entwicklung des Coronavirus (COVID-19). Du Lac et Du Parc hat neue Reinigungs- [&hellip;]","og_url":"https:\/\/dulacetduparc.com\/de\/sicherer-aufenthalt\/","og_site_name":"Du Lac et Du Parc Grand Resort","article_modified_time":"2022-05-09T07:44:46+00:00","twitter_card":"summary_large_image","twitter_misc":{"Gesch\u00e4tzte Lesezeit":"2 Minuten"},"schema":{"@context":"https:\/\/schema.org","@graph":[{"@type":"WebPage","@id":"https:\/\/dulacetduparc.com\/de\/sicherer-aufenthalt\/","url":"https:\/\/dulacetduparc.com\/de\/sicherer-aufenthalt\/","name":"Sicherer Aufenthalt - Du Lac et Du Parc Grand Resort","isPartOf":{"@id":"https:\/\/dulacetduparc.com\/de\/#website"},"datePublished":"2021-05-28T14:34:19+00:00","dateModified":"2022-05-09T07:44:46+00:00","breadcrumb":{"@id":"https:\/\/dulacetduparc.com\/de\/sicherer-aufenthalt\/#breadcrumb"},"inLanguage":"de-DE","potentialAction":[{"@type":"ReadAction","target":["https:\/\/dulacetduparc.com\/de\/sicherer-aufenthalt\/"]}]},{"@type":"BreadcrumbList","@id":"https:\/\/dulacetduparc.com\/de\/sicherer-aufenthalt\/#breadcrumb","itemListElement":[{"@type":"ListItem","position":1,"name":"Home","item":"https:\/\/dulacetduparc.com\/de\/"},{"@type":"ListItem","position":2,"name":"Sicherer Aufenthalt"}]},{"@type":"WebSite","@id":"https:\/\/dulacetduparc.com\/de\/#website","url":"https:\/\/dulacetduparc.com\/de\/","name":"Du Lac et Du Parc Grand Resort","description":"Just another ms.decms.eu site","potentialAction":[{"@type":"SearchAction","target":{"@type":"EntryPoint","urlTemplate":"https:\/\/dulacetduparc.com\/de\/?s={search_term_string}"},"query-input":{"@type":"PropertyValueSpecification","valueRequired":true,"valueName":"search_term_string"}}],"inLanguage":"de-DE"}]}},"acf":[],"_links":{"self":[{"href":"https:\/\/dulacetduparc.com\/de\/wp-json\/wp\/v2\/pages\/774","targetHints":{"allow":["GET"]}}],"collection":[{"href":"https:\/\/dulacetduparc.com\/de\/wp-json\/wp\/v2\/pages"}],"about":[{"href":"https:\/\/dulacetduparc.com\/de\/wp-json\/wp\/v2\/types\/page"}],"author":[{"embeddable":true,"href":"https:\/\/dulacetduparc.com\/de\/wp-json\/wp\/v2\/users\/273"}],"replies":[{"embeddable":true,"href":"https:\/\/dulacetduparc.com\/de\/wp-json\/wp\/v2\/comments?post=774"}],"version-history":[{"count":0,"href":"https:\/\/dulacetduparc.com\/de\/wp-json\/wp\/v2\/pages\/774\/revisions"}],"wp:attachment":[{"href":"https:\/\/dulacetduparc.com\/de\/wp-json\/wp\/v2\/media?parent=774"}],"curies":[{"name":"wp","href":"https:\/\/api.w.org\/{rel}","templated":true}]}}