{"id":759,"date":"2021-05-28T07:26:41","date_gmt":"2021-05-28T07:26:41","guid":{"rendered":"https:\/\/dulacetduparc.com\/?page_id=759"},"modified":"2026-04-24T13:43:07","modified_gmt":"2026-04-24T13:43:07","slug":"einrichtungen-und-service","status":"publish","type":"page","link":"https:\/\/dulacetduparc.com\/de\/einrichtungen-und-service\/","title":{"rendered":"Einrichtungen &amp; Service"},"content":{"rendered":"<p>Gr\u00fcn und Blau, das sind die Farben des Sommers am Gardasee. Majest\u00e4tisch erheben sich die bis zu 2000 Meter hohen Berge am n\u00f6rdlichen Ufer des Sees und verleihen ihm ein fjord\u00e4hnliches<br \/>\nAussehen. Wer am Nordufer steht und Richtung S\u00fcden blickt, dem erscheint der Gardasee wie ein Meer, das nur vom Horizont begrenzt wird.<\/p>\n","protected":false},"excerpt":{"rendered":"<p>Gr\u00fcn und Blau, das sind die Farben des Sommers am Gardasee. Majest\u00e4tisch erheben sich die bis zu 2000 Meter hohen Berge am n\u00f6rdlichen Ufer des Sees und verleihen ihm ein fjord\u00e4hnliches Aussehen. Wer am Nordufer steht und Richtung S\u00fcden blickt, dem erscheint der Gardasee wie ein Meer, das nur vom Horizont begrenzt wird.<\/p>\n","protected":false},"author":273,"featured_media":0,"parent":0,"menu_order":0,"comment_status":"closed","ping_status":"closed","template":"","meta":{"footnotes":""},"class_list":["post-759","page","type-page","status-publish","hentry"],"yoast_head":"<!-- This site is optimized with the Yoast SEO plugin v26.9 - https:\/\/yoast.com\/product\/yoast-seo-wordpress\/ -->\n<title>Einrichtungen &amp; Service - Du Lac et Du Parc Grand Resort<\/title>\n<meta name=\"robots\" content=\"index, follow, max-snippet:-1, max-image-preview:large, max-video-preview:-1\" \/>\n<link rel=\"canonical\" href=\"https:\/\/dulacetduparc.com\/de\/einrichtungen-und-service\/\" \/>\n<meta property=\"og:locale\" content=\"de_DE\" \/>\n<meta property=\"og:type\" content=\"article\" \/>\n<meta property=\"og:title\" content=\"Einrichtungen &amp; Service - Du Lac et Du Parc Grand Resort\" \/>\n<meta property=\"og:description\" content=\"Gr\u00fcn und Blau, das sind die Farben des Sommers am Gardasee. Majest\u00e4tisch erheben sich die bis zu 2000 Meter hohen Berge am n\u00f6rdlichen Ufer des Sees und verleihen ihm ein fjord\u00e4hnliches Aussehen. Wer am Nordufer steht und Richtung S\u00fcden blickt, dem erscheint der Gardasee wie ein Meer, das nur vom Horizont begrenzt wird.\" \/>\n<meta property=\"og:url\" content=\"https:\/\/dulacetduparc.com\/de\/einrichtungen-und-service\/\" \/>\n<meta property=\"og:site_name\" content=\"Du Lac et Du Parc Grand Resort\" \/>\n<meta property=\"article:modified_time\" content=\"2026-04-24T13:43:07+00:00\" \/>\n<meta name=\"twitter:card\" content=\"summary_large_image\" \/>\n<meta name=\"twitter:label1\" content=\"Gesch\u00e4tzte Lesezeit\" \/>\n\t<meta name=\"twitter:data1\" content=\"1 Minute\" \/>\n<script type=\"application\/ld+json\" class=\"yoast-schema-graph\">{\"@context\":\"https:\/\/schema.org\",\"@graph\":[{\"@type\":\"WebPage\",\"@id\":\"https:\/\/dulacetduparc.com\/de\/einrichtungen-und-service\/\",\"url\":\"https:\/\/dulacetduparc.com\/de\/einrichtungen-und-service\/\",\"name\":\"Einrichtungen &amp; Service - Du Lac et Du Parc Grand Resort\",\"isPartOf\":{\"@id\":\"https:\/\/dulacetduparc.com\/de\/#website\"},\"datePublished\":\"2021-05-28T07:26:41+00:00\",\"dateModified\":\"2026-04-24T13:43:07+00:00\",\"breadcrumb\":{\"@id\":\"https:\/\/dulacetduparc.com\/de\/einrichtungen-und-service\/#breadcrumb\"},\"inLanguage\":\"de-DE\",\"potentialAction\":[{\"@type\":\"ReadAction\",\"target\":[\"https:\/\/dulacetduparc.com\/de\/einrichtungen-und-service\/\"]}]},{\"@type\":\"BreadcrumbList\",\"@id\":\"https:\/\/dulacetduparc.com\/de\/einrichtungen-und-service\/#breadcrumb\",\"itemListElement\":[{\"@type\":\"ListItem\",\"position\":1,\"name\":\"Home\",\"item\":\"https:\/\/dulacetduparc.com\/de\/\"},{\"@type\":\"ListItem\",\"position\":2,\"name\":\"Einrichtungen &amp; Service\"}]},{\"@type\":\"WebSite\",\"@id\":\"https:\/\/dulacetduparc.com\/de\/#website\",\"url\":\"https:\/\/dulacetduparc.com\/de\/\",\"name\":\"Du Lac et Du Parc Grand Resort\",\"description\":\"Just another ms.decms.eu site\",\"potentialAction\":[{\"@type\":\"SearchAction\",\"target\":{\"@type\":\"EntryPoint\",\"urlTemplate\":\"https:\/\/dulacetduparc.com\/de\/?s={search_term_string}\"},\"query-input\":{\"@type\":\"PropertyValueSpecification\",\"valueRequired\":true,\"valueName\":\"search_term_string\"}}],\"inLanguage\":\"de-DE\"}]}<\/script>\n<!-- \/ Yoast SEO plugin. -->","yoast_head_json":{"title":"Einrichtungen &amp; Service - Du Lac et Du Parc Grand Resort","robots":{"index":"index","follow":"follow","max-snippet":"max-snippet:-1","max-image-preview":"max-image-preview:large","max-video-preview":"max-video-preview:-1"},"canonical":"https:\/\/dulacetduparc.com\/de\/einrichtungen-und-service\/","og_locale":"de_DE","og_type":"article","og_title":"Einrichtungen &amp; Service - Du Lac et Du Parc Grand Resort","og_description":"Gr\u00fcn und Blau, das sind die Farben des Sommers am Gardasee. Majest\u00e4tisch erheben sich die bis zu 2000 Meter hohen Berge am n\u00f6rdlichen Ufer des Sees und verleihen ihm ein fjord\u00e4hnliches Aussehen. Wer am Nordufer steht und Richtung S\u00fcden blickt, dem erscheint der Gardasee wie ein Meer, das nur vom Horizont begrenzt wird.","og_url":"https:\/\/dulacetduparc.com\/de\/einrichtungen-und-service\/","og_site_name":"Du Lac et Du Parc Grand Resort","article_modified_time":"2026-04-24T13:43:07+00:00","twitter_card":"summary_large_image","twitter_misc":{"Gesch\u00e4tzte Lesezeit":"1 Minute"},"schema":{"@context":"https:\/\/schema.org","@graph":[{"@type":"WebPage","@id":"https:\/\/dulacetduparc.com\/de\/einrichtungen-und-service\/","url":"https:\/\/dulacetduparc.com\/de\/einrichtungen-und-service\/","name":"Einrichtungen &amp; Service - Du Lac et Du Parc Grand Resort","isPartOf":{"@id":"https:\/\/dulacetduparc.com\/de\/#website"},"datePublished":"2021-05-28T07:26:41+00:00","dateModified":"2026-04-24T13:43:07+00:00","breadcrumb":{"@id":"https:\/\/dulacetduparc.com\/de\/einrichtungen-und-service\/#breadcrumb"},"inLanguage":"de-DE","potentialAction":[{"@type":"ReadAction","target":["https:\/\/dulacetduparc.com\/de\/einrichtungen-und-service\/"]}]},{"@type":"BreadcrumbList","@id":"https:\/\/dulacetduparc.com\/de\/einrichtungen-und-service\/#breadcrumb","itemListElement":[{"@type":"ListItem","position":1,"name":"Home","item":"https:\/\/dulacetduparc.com\/de\/"},{"@type":"ListItem","position":2,"name":"Einrichtungen &amp; Service"}]},{"@type":"WebSite","@id":"https:\/\/dulacetduparc.com\/de\/#website","url":"https:\/\/dulacetduparc.com\/de\/","name":"Du Lac et Du Parc Grand Resort","description":"Just another ms.decms.eu site","potentialAction":[{"@type":"SearchAction","target":{"@type":"EntryPoint","urlTemplate":"https:\/\/dulacetduparc.com\/de\/?s={search_term_string}"},"query-input":{"@type":"PropertyValueSpecification","valueRequired":true,"valueName":"search_term_string"}}],"inLanguage":"de-DE"}]}},"acf":[],"_links":{"self":[{"href":"https:\/\/dulacetduparc.com\/de\/wp-json\/wp\/v2\/pages\/759","targetHints":{"allow":["GET"]}}],"collection":[{"href":"https:\/\/dulacetduparc.com\/de\/wp-json\/wp\/v2\/pages"}],"about":[{"href":"https:\/\/dulacetduparc.com\/de\/wp-json\/wp\/v2\/types\/page"}],"author":[{"embeddable":true,"href":"https:\/\/dulacetduparc.com\/de\/wp-json\/wp\/v2\/users\/273"}],"replies":[{"embeddable":true,"href":"https:\/\/dulacetduparc.com\/de\/wp-json\/wp\/v2\/comments?post=759"}],"version-history":[{"count":0,"href":"https:\/\/dulacetduparc.com\/de\/wp-json\/wp\/v2\/pages\/759\/revisions"}],"wp:attachment":[{"href":"https:\/\/dulacetduparc.com\/de\/wp-json\/wp\/v2\/media?parent=759"}],"curies":[{"name":"wp","href":"https:\/\/api.w.org\/{rel}","templated":true}]}}