{"id":698,"date":"2021-05-27T09:52:05","date_gmt":"2021-05-27T09:52:05","guid":{"rendered":"https:\/\/dulacetduparc.ms.decms.eu\/favole-della-buonanotte\/"},"modified":"2021-07-07T07:27:17","modified_gmt":"2021-07-07T07:27:17","slug":"guten-nacht-geschichten","status":"publish","type":"page","link":"https:\/\/dulacetduparc.com\/de\/guten-nacht-geschichten\/","title":{"rendered":"Guten Nacht Geschichten"},"content":{"rendered":"<p>&#8222;Mama, erz\u00e4hl mir eine Geschichte&#8220;<\/p>\n<p>Hier sind einige Geschichten gesammelt, die Sie Ihre Kinder vor dem Schlafengehen erz\u00e4hlen k\u00f6nnen. Sie beschreiben der Bewohner unseres Parks und ihre lustigen Abenteuer hier am Gardasee.<\/p>\n<p>Somit k\u00f6nnen Sie zusammen lesen und die letzten, magisch und unverzichtbar Moment des Tages genie\u00dfen<\/p>\n","protected":false},"excerpt":{"rendered":"<p>&#8222;Mama, erz\u00e4hl mir eine Geschichte&#8220; Hier sind einige Geschichten gesammelt, die Sie Ihre Kinder vor dem Schlafengehen erz\u00e4hlen k\u00f6nnen. Sie beschreiben der Bewohner unseres Parks und ihre lustigen Abenteuer hier am Gardasee. Somit k\u00f6nnen Sie zusammen lesen und die letzten, magisch und unverzichtbar Moment des Tages genie\u00dfen<\/p>\n","protected":false},"author":6,"featured_media":0,"parent":0,"menu_order":111,"comment_status":"closed","ping_status":"closed","template":"template-products.php","meta":{"footnotes":""},"class_list":["post-698","page","type-page","status-publish","hentry"],"yoast_head":"<!-- This site is optimized with the Yoast SEO plugin v26.9 - https:\/\/yoast.com\/product\/yoast-seo-wordpress\/ -->\n<title>Guten Nacht Geschichten - Du Lac et Du Parc Grand Resort<\/title>\n<meta name=\"robots\" content=\"index, follow, max-snippet:-1, max-image-preview:large, max-video-preview:-1\" \/>\n<link rel=\"canonical\" href=\"https:\/\/dulacetduparc.com\/de\/guten-nacht-geschichten\/\" \/>\n<meta property=\"og:locale\" content=\"de_DE\" \/>\n<meta property=\"og:type\" content=\"article\" \/>\n<meta property=\"og:title\" content=\"Guten Nacht Geschichten - Du Lac et Du Parc Grand Resort\" \/>\n<meta property=\"og:description\" content=\"&#8222;Mama, erz\u00e4hl mir eine Geschichte&#8220; Hier sind einige Geschichten gesammelt, die Sie Ihre Kinder vor dem Schlafengehen erz\u00e4hlen k\u00f6nnen. Sie beschreiben der Bewohner unseres Parks und ihre lustigen Abenteuer hier am Gardasee. Somit k\u00f6nnen Sie zusammen lesen und die letzten, magisch und unverzichtbar Moment des Tages genie\u00dfen\" \/>\n<meta property=\"og:url\" content=\"https:\/\/dulacetduparc.com\/de\/guten-nacht-geschichten\/\" \/>\n<meta property=\"og:site_name\" content=\"Du Lac et Du Parc Grand Resort\" \/>\n<meta property=\"article:modified_time\" content=\"2021-07-07T07:27:17+00:00\" \/>\n<meta name=\"twitter:card\" content=\"summary_large_image\" \/>\n<script type=\"application\/ld+json\" class=\"yoast-schema-graph\">{\"@context\":\"https:\/\/schema.org\",\"@graph\":[{\"@type\":\"WebPage\",\"@id\":\"https:\/\/dulacetduparc.com\/de\/guten-nacht-geschichten\/\",\"url\":\"https:\/\/dulacetduparc.com\/de\/guten-nacht-geschichten\/\",\"name\":\"Guten Nacht Geschichten - Du Lac et Du Parc Grand Resort\",\"isPartOf\":{\"@id\":\"https:\/\/dulacetduparc.com\/de\/#website\"},\"datePublished\":\"2021-05-27T09:52:05+00:00\",\"dateModified\":\"2021-07-07T07:27:17+00:00\",\"breadcrumb\":{\"@id\":\"https:\/\/dulacetduparc.com\/de\/guten-nacht-geschichten\/#breadcrumb\"},\"inLanguage\":\"de-DE\",\"potentialAction\":[{\"@type\":\"ReadAction\",\"target\":[\"https:\/\/dulacetduparc.com\/de\/guten-nacht-geschichten\/\"]}]},{\"@type\":\"BreadcrumbList\",\"@id\":\"https:\/\/dulacetduparc.com\/de\/guten-nacht-geschichten\/#breadcrumb\",\"itemListElement\":[{\"@type\":\"ListItem\",\"position\":1,\"name\":\"Home\",\"item\":\"https:\/\/dulacetduparc.com\/de\/\"},{\"@type\":\"ListItem\",\"position\":2,\"name\":\"Guten Nacht Geschichten\"}]},{\"@type\":\"WebSite\",\"@id\":\"https:\/\/dulacetduparc.com\/de\/#website\",\"url\":\"https:\/\/dulacetduparc.com\/de\/\",\"name\":\"Du Lac et Du Parc Grand Resort\",\"description\":\"Just another ms.decms.eu site\",\"potentialAction\":[{\"@type\":\"SearchAction\",\"target\":{\"@type\":\"EntryPoint\",\"urlTemplate\":\"https:\/\/dulacetduparc.com\/de\/?s={search_term_string}\"},\"query-input\":{\"@type\":\"PropertyValueSpecification\",\"valueRequired\":true,\"valueName\":\"search_term_string\"}}],\"inLanguage\":\"de-DE\"}]}<\/script>\n<!-- \/ Yoast SEO plugin. -->","yoast_head_json":{"title":"Guten Nacht Geschichten - Du Lac et Du Parc Grand Resort","robots":{"index":"index","follow":"follow","max-snippet":"max-snippet:-1","max-image-preview":"max-image-preview:large","max-video-preview":"max-video-preview:-1"},"canonical":"https:\/\/dulacetduparc.com\/de\/guten-nacht-geschichten\/","og_locale":"de_DE","og_type":"article","og_title":"Guten Nacht Geschichten - Du Lac et Du Parc Grand Resort","og_description":"&#8222;Mama, erz\u00e4hl mir eine Geschichte&#8220; Hier sind einige Geschichten gesammelt, die Sie Ihre Kinder vor dem Schlafengehen erz\u00e4hlen k\u00f6nnen. Sie beschreiben der Bewohner unseres Parks und ihre lustigen Abenteuer hier am Gardasee. Somit k\u00f6nnen Sie zusammen lesen und die letzten, magisch und unverzichtbar Moment des Tages genie\u00dfen","og_url":"https:\/\/dulacetduparc.com\/de\/guten-nacht-geschichten\/","og_site_name":"Du Lac et Du Parc Grand Resort","article_modified_time":"2021-07-07T07:27:17+00:00","twitter_card":"summary_large_image","schema":{"@context":"https:\/\/schema.org","@graph":[{"@type":"WebPage","@id":"https:\/\/dulacetduparc.com\/de\/guten-nacht-geschichten\/","url":"https:\/\/dulacetduparc.com\/de\/guten-nacht-geschichten\/","name":"Guten Nacht Geschichten - Du Lac et Du Parc Grand Resort","isPartOf":{"@id":"https:\/\/dulacetduparc.com\/de\/#website"},"datePublished":"2021-05-27T09:52:05+00:00","dateModified":"2021-07-07T07:27:17+00:00","breadcrumb":{"@id":"https:\/\/dulacetduparc.com\/de\/guten-nacht-geschichten\/#breadcrumb"},"inLanguage":"de-DE","potentialAction":[{"@type":"ReadAction","target":["https:\/\/dulacetduparc.com\/de\/guten-nacht-geschichten\/"]}]},{"@type":"BreadcrumbList","@id":"https:\/\/dulacetduparc.com\/de\/guten-nacht-geschichten\/#breadcrumb","itemListElement":[{"@type":"ListItem","position":1,"name":"Home","item":"https:\/\/dulacetduparc.com\/de\/"},{"@type":"ListItem","position":2,"name":"Guten Nacht Geschichten"}]},{"@type":"WebSite","@id":"https:\/\/dulacetduparc.com\/de\/#website","url":"https:\/\/dulacetduparc.com\/de\/","name":"Du Lac et Du Parc Grand Resort","description":"Just another ms.decms.eu site","potentialAction":[{"@type":"SearchAction","target":{"@type":"EntryPoint","urlTemplate":"https:\/\/dulacetduparc.com\/de\/?s={search_term_string}"},"query-input":{"@type":"PropertyValueSpecification","valueRequired":true,"valueName":"search_term_string"}}],"inLanguage":"de-DE"}]}},"acf":[],"_links":{"self":[{"href":"https:\/\/dulacetduparc.com\/de\/wp-json\/wp\/v2\/pages\/698","targetHints":{"allow":["GET"]}}],"collection":[{"href":"https:\/\/dulacetduparc.com\/de\/wp-json\/wp\/v2\/pages"}],"about":[{"href":"https:\/\/dulacetduparc.com\/de\/wp-json\/wp\/v2\/types\/page"}],"author":[{"embeddable":true,"href":"https:\/\/dulacetduparc.com\/de\/wp-json\/wp\/v2\/users\/6"}],"replies":[{"embeddable":true,"href":"https:\/\/dulacetduparc.com\/de\/wp-json\/wp\/v2\/comments?post=698"}],"version-history":[{"count":0,"href":"https:\/\/dulacetduparc.com\/de\/wp-json\/wp\/v2\/pages\/698\/revisions"}],"wp:attachment":[{"href":"https:\/\/dulacetduparc.com\/de\/wp-json\/wp\/v2\/media?parent=698"}],"curies":[{"name":"wp","href":"https:\/\/api.w.org\/{rel}","templated":true}]}}