{"id":680,"date":"2021-05-27T09:43:02","date_gmt":"2021-05-27T09:43:02","guid":{"rendered":"https:\/\/dulacetduparc.ms.decms.eu\/politica-sulla-privacy\/"},"modified":"2023-10-20T09:17:35","modified_gmt":"2023-10-20T09:17:35","slug":"privacy-policy-html","status":"publish","type":"page","link":"https:\/\/dulacetduparc.com\/de\/privacy-policy-html\/","title":{"rendered":"Datenschutzrichtlinie"},"content":{"rendered":"<p><strong>Allgemeine Informationen:<\/strong><\/p>\n<p>Wenn Sie unsere Website besuchen, werden unterschiedliche Informationen gesammelt, darunter die IP-Adresse, \u00fcber die Sie auf die Website zugreifen, Version und de Typ des Browsers, den Sie f\u00fcr den Zugriff auf die Website verwenden, das verwendete Betriebssystem, alle verweisenden Domains und die Zeit der Anfrage. Mit diesen Informationen k\u00f6nnen wir die Identit\u00e4t des einzelnen Benutzers nicht identifizieren und wir versuchen dies auch nicht. Wir verwenden die gesammelten Daten nur zu statistischen Zwecken, haupts\u00e4chlich um den Inhalt, das Aussehen und das Erscheinungsbild unserer Website zu verbessern. Bitte beachten Sie, dass wir m\u00f6glicherweise zus\u00e4tzliche Daten wie E-Mail-Adressen, Telefonnummern, Postanschriften und Namen erfassen, die Sie uns bei der Nutzung unserer Website freiwillig zur Verf\u00fcgung stellen. Sie k\u00f6nnen unsere Dienste weiterhin bezahlen und nutzen, ohne uns personenbezogene Daten zur Verf\u00fcgung zu stellen, wenn Sie entweder unter einem Pseudonym oder anonymisierten Daten auf unsere Dienste zugreifen.<\/p>\n<p><strong>Cookies:<\/strong><\/p>\n<p>Diese Website verwendet Cookies, um Daten f\u00fcr statistische Zwecke zu sammeln. Cookies sind kleine Dateien, die auf der Festplatte Ihres Computers gespeichert werden und Ihre Aktivit\u00e4ten w\u00e4hrend der Nutzung unserer Website \u00fcberwachen. So erhalten wir n\u00fctzliche Daten, die uns dabei helfen, die Navigation erleichtern. Wenn Cookies auf Ihrem Computer gespeichert werden, m\u00fcssen Sie nicht jedes Mal alle erforderlichen Daten eingeben, um diese Website bei einem Besuch zu verwenden. Mit diesen Daten k\u00f6nnen wir unsere Website so anpassen, dass sie Ihren speziellen Pr\u00e4ferenzen und Bed\u00fcrfnissen entspricht. Dies ist Teil unserer Bem\u00fchungen, Ihnen einen nahtlosen Zugriff auf Seiten und Dienste zu erm\u00f6glichen. Wenn Sie keine Cookies auf Ihrem Computer speichern m\u00f6chten, k\u00f6nnen Sie in Ihren Browsereinstellungen Cookies von unserer Website ablehnen. Um zu erfahren, wie Sie Ihren Webbrowser f\u00fcr die Verwaltung von Cookies konfigurieren, rufen Sie die Hilfe des von Ihnen verwendeten Browsers auf. Cookies, die bereits auf Ihrem Computer gespeichert sind, k\u00f6nnen Sie jederzeit l\u00f6schen. Bitte beachten Sie, dass die Deaktivierung von Cookies m\u00f6glicherweise einige Funktionen auf unserer Website einschr\u00e4nkt und Sie m\u00f6glicherweise nicht \u00fcber eine vollst\u00e4ndig optimierte Benutzererfahrung verf\u00fcgen.<\/p>\n<script id=\"CookieDeclaration\" src=\"https:\/\/consent.cookiebot.com\/b6b8084b-6ae5-4466-83a1-4e166e0111bc\/cd.js\" type=\"text\/javascript\" data-culture=\"de\" async><\/script>\n<p><strong>Weitergabe von Daten an Dritte:<\/strong><\/p>\n<p>Sofern in dieser Erkl\u00e4rung nicht anders angegeben, werden alle Daten, die Sie mit uns teilen, oder Daten, die wir bei der Nutzung unserer Website erfassen, geheim gehalten und nicht an Dritte weitergegeben, au\u00dfer in F\u00e4llen, in denen dies gesetzlich vorgeschrieben ist, oder wenn diese Daten zur Ausf\u00fchrung einer vertraglichen Beziehung, die Sie unterzeichnen, \u00fcbermittelt werden m\u00fcssen. Drittpartner und Drittunternehmen, einschlie\u00dflich Online-Zahlungsdienstleister, greifen nur dann auf diese Daten zu, wenn dies f\u00fcr die Bearbeitung Ihrer Bestellung erforderlich ist. In solchen F\u00e4llen stellen wir sicher, dass der Umfang der Daten\u00fcbermittlung auf das vereinbarte Minimum beschr\u00e4nkt bleibt. Wir setzen au\u00dferdem eine strikte Datenschutzrichtlinie f\u00fcr alle personenbezogenen Daten um, die Sie uns zur Verf\u00fcgung stellen oder mit denen wir in Ber\u00fchrung kommen, und unser Vorgehen entspricht den Datenschutzbestimmungen. Bitte beachten Sie, dass wir nicht f\u00fcr Daten verantwortlich sind, die Sie an andere Dienstanbieter weitergeben. Wir ergreifen nur Ma\u00dfnahmen, um sicherzustellen, dass alle Ihre pers\u00f6nlichen Daten von anderen Dienstanbietern, den gesetzlichen Bestimmungen zu Datenschutz und Privatsph\u00e4re entsprechen, wie in unserer Datenschutzerkl\u00e4rung angegeben.<\/p>\n<p><strong>Google Analytics:<\/strong><\/p>\n<p>Diese Website verwendet Google Analytics, einen von Google unterst\u00fctzten Analysedienst, der Websites dabei hilft, die Seiten anzupassen, um die Benutzererfahrung zu verbessern. Dieser Service verwendet Cookies, um Ihre Aktion, ebenso wie die Zeit, die Sie auf unserer Website und den von Ihnen besuchten Seiten verbringen, zu verfolgen. Bitte beachten Sie, dass in unserem Google Analytics-Konto keine personenbezogenen Daten \u00fcber Sie gesammelt werden. Dies bedeutet, dass wir nicht feststellen k\u00f6nnen, wer sich auf unserer Website befindet. Auf der offiziellen Google Analytics-Seite k\u00f6nnen Sie mehr \u00fcber Google Analytics erfahren.<\/p>\n<p><strong>Google Adwords Remarketing:<\/strong><\/p>\n<p>Wir verwenden Google AdWords Remarketing f\u00fcr Werbung im Internet. Das AdWords Remarketing-Programm erm\u00f6glicht die Anzeige relevanter Werbung basierend auf den von Ihnen besuchten Seiten unserer Website. Diese Informationen werden von einem Cookie auf Ihrem Computer gesammelt. DIESER COOKIE IDENTIFIZIERT WEDER PERS\u00d6NLICHE DATEN NOCH ERLAUBT ER DEN ZUGANG ZU IHREM COMPUTER. Mit dem Google AdWords Remarketing-Programm k\u00f6nnen wir unser Marketing an Ihre Bed\u00fcrfnisse anpassen und Ihnen nur Werbung zeigen, die Sie wahrscheinlich sehen m\u00f6chten.<\/p>\n<p><strong>Newsletter:<\/strong><\/p>\n<p>Sie k\u00f6nnen Werbeinformationen nur dann \u00fcber unseren Newsletter erhalten, wenn Sie uns erlaubt haben, Ihre E-Mail-Adresse zu diesem Zweck zu verwenden. Unsere Website oder Partnerwebsites senden Ihnen niemals Newsletter oder Werbemails, die Sie nicht abonniert haben. Wenn Sie unseren Newsletter abonnieren, k\u00f6nnen Sie Ihre Interessengebiete ausw\u00e4hlen, um relevante E-Mails zu erhalten. Wir verwenden diese Daten zusammen mit Ihren pers\u00f6nlichen Daten, um Ihnen Informationen mitzuteilen, die f\u00fcr Sie von Interesse sind. Wenn Sie unseren Newsletter oder Werbemails lieber abbestellen m\u00f6chten, klicken Sie auf den Link zum Abbestellen unten in der E-Mail.<\/p>\n<p><strong>Personenbezogene Daten:<\/strong><\/p>\n<p>Alle Dienste werden erfasst und k\u00f6nnen vom Kunden mit einer einfachen Anfrage an die folgende Adresse eingesehen werden: <a href=\"mailto:info@dulacetduparc.it\">info@dulacetduparc.it<\/a><\/p>\n<p>Gem\u00e4\u00df dem ge\u00e4nderten Datenschutzgesetz 78-17 vom 6. Januar 1978 haben Kunden das Recht auf Zugang zu ihren personenbezogenen Daten und k\u00f6nnen sie betreffende Daten \u00e4ndern oder l\u00f6schen.<\/p>\n<p>Der Kunde kann auch die Verarbeitung seiner personenbezogenen Daten verweigern, deren Beschr\u00e4nkung oder die L\u00f6schung personenbezogener Daten (im Rahmen der gesetzlichen Aufbewahrungsfristen) verlangen.<\/p>\n<p>Dieses Recht kann mit einer einfachen schriftlichen Anfrage an <a href=\"mailto:info@dulacetduparc.it\">info@dulacetduparc.it<\/a> geltend gemacht werden, die formulierte Anfragen beantworten.<\/p>\n","protected":false},"excerpt":{"rendered":"<p>Allgemeine Informationen: Wenn Sie unsere Website besuchen, werden unterschiedliche Informationen gesammelt, darunter die IP-Adresse, \u00fcber die Sie auf die Website zugreifen, Version und de Typ des Browsers, den Sie f\u00fcr den Zugriff auf die Website verwenden, das verwendete Betriebssystem, alle verweisenden Domains und die Zeit der Anfrage. Mit diesen Informationen k\u00f6nnen wir die Identit\u00e4t des [&hellip;]<\/p>\n","protected":false},"author":6,"featured_media":0,"parent":0,"menu_order":998,"comment_status":"closed","ping_status":"closed","template":"","meta":{"footnotes":""},"class_list":["post-680","page","type-page","status-publish","hentry"],"yoast_head":"<!-- This site is optimized with the Yoast SEO plugin v26.9 - https:\/\/yoast.com\/product\/yoast-seo-wordpress\/ -->\n<title>Datenschutzrichtlinie - Du Lac et Du Parc Grand Resort<\/title>\n<meta name=\"robots\" content=\"index, follow, max-snippet:-1, max-image-preview:large, max-video-preview:-1\" \/>\n<link rel=\"canonical\" href=\"https:\/\/dulacetduparc.com\/de\/privacy-policy-html\/\" \/>\n<meta property=\"og:locale\" content=\"de_DE\" \/>\n<meta property=\"og:type\" content=\"article\" \/>\n<meta property=\"og:title\" content=\"Datenschutzrichtlinie - Du Lac et Du Parc Grand Resort\" \/>\n<meta property=\"og:description\" content=\"Allgemeine Informationen: Wenn Sie unsere Website besuchen, werden unterschiedliche Informationen gesammelt, darunter die IP-Adresse, \u00fcber die Sie auf die Website zugreifen, Version und de Typ des Browsers, den Sie f\u00fcr den Zugriff auf die Website verwenden, das verwendete Betriebssystem, alle verweisenden Domains und die Zeit der Anfrage. Mit diesen Informationen k\u00f6nnen wir die Identit\u00e4t des [&hellip;]\" \/>\n<meta property=\"og:url\" content=\"https:\/\/dulacetduparc.com\/de\/privacy-policy-html\/\" \/>\n<meta property=\"og:site_name\" content=\"Du Lac et Du Parc Grand Resort\" \/>\n<meta property=\"article:modified_time\" content=\"2023-10-20T09:17:35+00:00\" \/>\n<meta name=\"twitter:card\" content=\"summary_large_image\" \/>\n<meta name=\"twitter:label1\" content=\"Gesch\u00e4tzte Lesezeit\" \/>\n\t<meta name=\"twitter:data1\" content=\"5 Minuten\" \/>\n<script type=\"application\/ld+json\" class=\"yoast-schema-graph\">{\"@context\":\"https:\/\/schema.org\",\"@graph\":[{\"@type\":\"WebPage\",\"@id\":\"https:\/\/dulacetduparc.com\/de\/privacy-policy-html\/\",\"url\":\"https:\/\/dulacetduparc.com\/de\/privacy-policy-html\/\",\"name\":\"Datenschutzrichtlinie - Du Lac et Du Parc Grand Resort\",\"isPartOf\":{\"@id\":\"https:\/\/dulacetduparc.com\/de\/#website\"},\"datePublished\":\"2021-05-27T09:43:02+00:00\",\"dateModified\":\"2023-10-20T09:17:35+00:00\",\"breadcrumb\":{\"@id\":\"https:\/\/dulacetduparc.com\/de\/privacy-policy-html\/#breadcrumb\"},\"inLanguage\":\"de-DE\",\"potentialAction\":[{\"@type\":\"ReadAction\",\"target\":[\"https:\/\/dulacetduparc.com\/de\/privacy-policy-html\/\"]}]},{\"@type\":\"BreadcrumbList\",\"@id\":\"https:\/\/dulacetduparc.com\/de\/privacy-policy-html\/#breadcrumb\",\"itemListElement\":[{\"@type\":\"ListItem\",\"position\":1,\"name\":\"Home\",\"item\":\"https:\/\/dulacetduparc.com\/de\/\"},{\"@type\":\"ListItem\",\"position\":2,\"name\":\"Datenschutzrichtlinie\"}]},{\"@type\":\"WebSite\",\"@id\":\"https:\/\/dulacetduparc.com\/de\/#website\",\"url\":\"https:\/\/dulacetduparc.com\/de\/\",\"name\":\"Du Lac et Du Parc Grand Resort\",\"description\":\"Just another ms.decms.eu site\",\"potentialAction\":[{\"@type\":\"SearchAction\",\"target\":{\"@type\":\"EntryPoint\",\"urlTemplate\":\"https:\/\/dulacetduparc.com\/de\/?s={search_term_string}\"},\"query-input\":{\"@type\":\"PropertyValueSpecification\",\"valueRequired\":true,\"valueName\":\"search_term_string\"}}],\"inLanguage\":\"de-DE\"}]}<\/script>\n<!-- \/ Yoast SEO plugin. -->","yoast_head_json":{"title":"Datenschutzrichtlinie - Du Lac et Du Parc Grand Resort","robots":{"index":"index","follow":"follow","max-snippet":"max-snippet:-1","max-image-preview":"max-image-preview:large","max-video-preview":"max-video-preview:-1"},"canonical":"https:\/\/dulacetduparc.com\/de\/privacy-policy-html\/","og_locale":"de_DE","og_type":"article","og_title":"Datenschutzrichtlinie - Du Lac et Du Parc Grand Resort","og_description":"Allgemeine Informationen: Wenn Sie unsere Website besuchen, werden unterschiedliche Informationen gesammelt, darunter die IP-Adresse, \u00fcber die Sie auf die Website zugreifen, Version und de Typ des Browsers, den Sie f\u00fcr den Zugriff auf die Website verwenden, das verwendete Betriebssystem, alle verweisenden Domains und die Zeit der Anfrage. Mit diesen Informationen k\u00f6nnen wir die Identit\u00e4t des [&hellip;]","og_url":"https:\/\/dulacetduparc.com\/de\/privacy-policy-html\/","og_site_name":"Du Lac et Du Parc Grand Resort","article_modified_time":"2023-10-20T09:17:35+00:00","twitter_card":"summary_large_image","twitter_misc":{"Gesch\u00e4tzte Lesezeit":"5 Minuten"},"schema":{"@context":"https:\/\/schema.org","@graph":[{"@type":"WebPage","@id":"https:\/\/dulacetduparc.com\/de\/privacy-policy-html\/","url":"https:\/\/dulacetduparc.com\/de\/privacy-policy-html\/","name":"Datenschutzrichtlinie - Du Lac et Du Parc Grand Resort","isPartOf":{"@id":"https:\/\/dulacetduparc.com\/de\/#website"},"datePublished":"2021-05-27T09:43:02+00:00","dateModified":"2023-10-20T09:17:35+00:00","breadcrumb":{"@id":"https:\/\/dulacetduparc.com\/de\/privacy-policy-html\/#breadcrumb"},"inLanguage":"de-DE","potentialAction":[{"@type":"ReadAction","target":["https:\/\/dulacetduparc.com\/de\/privacy-policy-html\/"]}]},{"@type":"BreadcrumbList","@id":"https:\/\/dulacetduparc.com\/de\/privacy-policy-html\/#breadcrumb","itemListElement":[{"@type":"ListItem","position":1,"name":"Home","item":"https:\/\/dulacetduparc.com\/de\/"},{"@type":"ListItem","position":2,"name":"Datenschutzrichtlinie"}]},{"@type":"WebSite","@id":"https:\/\/dulacetduparc.com\/de\/#website","url":"https:\/\/dulacetduparc.com\/de\/","name":"Du Lac et Du Parc Grand Resort","description":"Just another ms.decms.eu site","potentialAction":[{"@type":"SearchAction","target":{"@type":"EntryPoint","urlTemplate":"https:\/\/dulacetduparc.com\/de\/?s={search_term_string}"},"query-input":{"@type":"PropertyValueSpecification","valueRequired":true,"valueName":"search_term_string"}}],"inLanguage":"de-DE"}]}},"acf":[],"_links":{"self":[{"href":"https:\/\/dulacetduparc.com\/de\/wp-json\/wp\/v2\/pages\/680","targetHints":{"allow":["GET"]}}],"collection":[{"href":"https:\/\/dulacetduparc.com\/de\/wp-json\/wp\/v2\/pages"}],"about":[{"href":"https:\/\/dulacetduparc.com\/de\/wp-json\/wp\/v2\/types\/page"}],"author":[{"embeddable":true,"href":"https:\/\/dulacetduparc.com\/de\/wp-json\/wp\/v2\/users\/6"}],"replies":[{"embeddable":true,"href":"https:\/\/dulacetduparc.com\/de\/wp-json\/wp\/v2\/comments?post=680"}],"version-history":[{"count":0,"href":"https:\/\/dulacetduparc.com\/de\/wp-json\/wp\/v2\/pages\/680\/revisions"}],"wp:attachment":[{"href":"https:\/\/dulacetduparc.com\/de\/wp-json\/wp\/v2\/media?parent=680"}],"curies":[{"name":"wp","href":"https:\/\/api.w.org\/{rel}","templated":true}]}}