{"id":490,"date":"2021-04-20T15:33:00","date_gmt":"2021-04-20T15:33:00","guid":{"rendered":"https:\/\/dulacetduparc.ms.decms.eu\/matrimoni-e-banchetti\/"},"modified":"2024-05-16T13:31:24","modified_gmt":"2024-05-16T13:31:24","slug":"hochzeiten-und-bankette","status":"publish","type":"page","link":"https:\/\/dulacetduparc.com\/de\/hochzeiten-und-bankette\/","title":{"rendered":"Hochzeiten und Bankette"},"content":{"rendered":"<p>In herrlicher Lage gelegen und mit einem hohen Ma\u00df an Service bietet das Du Lac et Du Parc Grand Resort einen perfekten Ort f\u00fcr Ihre Traumhochzeit und private Empf\u00e4nge am Gardasee.<\/p>\n<p>Ihre G\u00e4ste werden die gro\u00dfen Freifl\u00e4chen, einen jahrhundertealten Park mit Blick auf einen der sch\u00f6nsten Seen der Welt und raffinierte Empfangssalons genie\u00dfen und der erstklassige Catering-Service wird Ihren besonderen Tag unvergesslich machen.<\/p>\n","protected":false},"excerpt":{"rendered":"<p>In herrlicher Lage gelegen und mit einem hohen Ma\u00df an Service bietet das Du Lac et Du Parc Grand Resort einen perfekten Ort f\u00fcr Ihre Traumhochzeit und private Empf\u00e4nge am Gardasee. Ihre G\u00e4ste werden die gro\u00dfen Freifl\u00e4chen, einen jahrhundertealten Park mit Blick auf einen der sch\u00f6nsten Seen der Welt und raffinierte Empfangssalons genie\u00dfen und der [&hellip;]<\/p>\n","protected":false},"author":17,"featured_media":0,"parent":0,"menu_order":90,"comment_status":"closed","ping_status":"closed","template":"","meta":{"footnotes":""},"class_list":["post-490","page","type-page","status-publish","hentry"],"yoast_head":"<!-- This site is optimized with the Yoast SEO plugin v26.9 - https:\/\/yoast.com\/product\/yoast-seo-wordpress\/ -->\n<title>Du Lac et Du Parc Grand Resort 4***S |Hochzeiten<\/title>\n<meta name=\"description\" content=\"Das Du Lac et Du Parc Grand Resort bietet eine einzigartige Lage f\u00fcr Seminare, Tagungen, Kongresse, Meetings und Teambuilding-Events an den Ufern des malerischen Gardasees\" \/>\n<meta name=\"robots\" content=\"index, follow, max-snippet:-1, max-image-preview:large, max-video-preview:-1\" \/>\n<link rel=\"canonical\" href=\"https:\/\/dulacetduparc.com\/de\/hochzeiten-und-bankette\/\" \/>\n<meta property=\"og:locale\" content=\"de_DE\" \/>\n<meta property=\"og:type\" content=\"article\" \/>\n<meta property=\"og:title\" content=\"Du Lac et Du Parc Grand Resort 4***S |Hochzeiten\" \/>\n<meta property=\"og:description\" content=\"Das Du Lac et Du Parc Grand Resort bietet eine einzigartige Lage f\u00fcr Seminare, Tagungen, Kongresse, Meetings und Teambuilding-Events an den Ufern des malerischen Gardasees\" \/>\n<meta property=\"og:url\" content=\"https:\/\/dulacetduparc.com\/de\/hochzeiten-und-bankette\/\" \/>\n<meta property=\"og:site_name\" content=\"Du Lac et Du Parc Grand Resort\" \/>\n<meta property=\"article:modified_time\" content=\"2024-05-16T13:31:24+00:00\" \/>\n<meta name=\"twitter:card\" content=\"summary_large_image\" \/>\n<meta name=\"twitter:label1\" content=\"Gesch\u00e4tzte Lesezeit\" \/>\n\t<meta name=\"twitter:data1\" content=\"1 Minute\" \/>\n<script type=\"application\/ld+json\" class=\"yoast-schema-graph\">{\"@context\":\"https:\/\/schema.org\",\"@graph\":[{\"@type\":\"WebPage\",\"@id\":\"https:\/\/dulacetduparc.com\/de\/hochzeiten-und-bankette\/\",\"url\":\"https:\/\/dulacetduparc.com\/de\/hochzeiten-und-bankette\/\",\"name\":\"Du Lac et Du Parc Grand Resort 4***S |Hochzeiten\",\"isPartOf\":{\"@id\":\"https:\/\/dulacetduparc.com\/de\/#website\"},\"datePublished\":\"2021-04-20T15:33:00+00:00\",\"dateModified\":\"2024-05-16T13:31:24+00:00\",\"description\":\"Das Du Lac et Du Parc Grand Resort bietet eine einzigartige Lage f\u00fcr Seminare, Tagungen, Kongresse, Meetings und Teambuilding-Events an den Ufern des malerischen Gardasees\",\"breadcrumb\":{\"@id\":\"https:\/\/dulacetduparc.com\/de\/hochzeiten-und-bankette\/#breadcrumb\"},\"inLanguage\":\"de-DE\",\"potentialAction\":[{\"@type\":\"ReadAction\",\"target\":[\"https:\/\/dulacetduparc.com\/de\/hochzeiten-und-bankette\/\"]}]},{\"@type\":\"BreadcrumbList\",\"@id\":\"https:\/\/dulacetduparc.com\/de\/hochzeiten-und-bankette\/#breadcrumb\",\"itemListElement\":[{\"@type\":\"ListItem\",\"position\":1,\"name\":\"Home\",\"item\":\"https:\/\/dulacetduparc.com\/de\/\"},{\"@type\":\"ListItem\",\"position\":2,\"name\":\"Hochzeiten und Bankette\"}]},{\"@type\":\"WebSite\",\"@id\":\"https:\/\/dulacetduparc.com\/de\/#website\",\"url\":\"https:\/\/dulacetduparc.com\/de\/\",\"name\":\"Du Lac et Du Parc Grand Resort\",\"description\":\"Just another ms.decms.eu site\",\"potentialAction\":[{\"@type\":\"SearchAction\",\"target\":{\"@type\":\"EntryPoint\",\"urlTemplate\":\"https:\/\/dulacetduparc.com\/de\/?s={search_term_string}\"},\"query-input\":{\"@type\":\"PropertyValueSpecification\",\"valueRequired\":true,\"valueName\":\"search_term_string\"}}],\"inLanguage\":\"de-DE\"}]}<\/script>\n<!-- \/ Yoast SEO plugin. -->","yoast_head_json":{"title":"Du Lac et Du Parc Grand Resort 4***S |Hochzeiten","description":"Das Du Lac et Du Parc Grand Resort bietet eine einzigartige Lage f\u00fcr Seminare, Tagungen, Kongresse, Meetings und Teambuilding-Events an den Ufern des malerischen Gardasees","robots":{"index":"index","follow":"follow","max-snippet":"max-snippet:-1","max-image-preview":"max-image-preview:large","max-video-preview":"max-video-preview:-1"},"canonical":"https:\/\/dulacetduparc.com\/de\/hochzeiten-und-bankette\/","og_locale":"de_DE","og_type":"article","og_title":"Du Lac et Du Parc Grand Resort 4***S |Hochzeiten","og_description":"Das Du Lac et Du Parc Grand Resort bietet eine einzigartige Lage f\u00fcr Seminare, Tagungen, Kongresse, Meetings und Teambuilding-Events an den Ufern des malerischen Gardasees","og_url":"https:\/\/dulacetduparc.com\/de\/hochzeiten-und-bankette\/","og_site_name":"Du Lac et Du Parc Grand Resort","article_modified_time":"2024-05-16T13:31:24+00:00","twitter_card":"summary_large_image","twitter_misc":{"Gesch\u00e4tzte Lesezeit":"1 Minute"},"schema":{"@context":"https:\/\/schema.org","@graph":[{"@type":"WebPage","@id":"https:\/\/dulacetduparc.com\/de\/hochzeiten-und-bankette\/","url":"https:\/\/dulacetduparc.com\/de\/hochzeiten-und-bankette\/","name":"Du Lac et Du Parc Grand Resort 4***S |Hochzeiten","isPartOf":{"@id":"https:\/\/dulacetduparc.com\/de\/#website"},"datePublished":"2021-04-20T15:33:00+00:00","dateModified":"2024-05-16T13:31:24+00:00","description":"Das Du Lac et Du Parc Grand Resort bietet eine einzigartige Lage f\u00fcr Seminare, Tagungen, Kongresse, Meetings und Teambuilding-Events an den Ufern des malerischen Gardasees","breadcrumb":{"@id":"https:\/\/dulacetduparc.com\/de\/hochzeiten-und-bankette\/#breadcrumb"},"inLanguage":"de-DE","potentialAction":[{"@type":"ReadAction","target":["https:\/\/dulacetduparc.com\/de\/hochzeiten-und-bankette\/"]}]},{"@type":"BreadcrumbList","@id":"https:\/\/dulacetduparc.com\/de\/hochzeiten-und-bankette\/#breadcrumb","itemListElement":[{"@type":"ListItem","position":1,"name":"Home","item":"https:\/\/dulacetduparc.com\/de\/"},{"@type":"ListItem","position":2,"name":"Hochzeiten und Bankette"}]},{"@type":"WebSite","@id":"https:\/\/dulacetduparc.com\/de\/#website","url":"https:\/\/dulacetduparc.com\/de\/","name":"Du Lac et Du Parc Grand Resort","description":"Just another ms.decms.eu site","potentialAction":[{"@type":"SearchAction","target":{"@type":"EntryPoint","urlTemplate":"https:\/\/dulacetduparc.com\/de\/?s={search_term_string}"},"query-input":{"@type":"PropertyValueSpecification","valueRequired":true,"valueName":"search_term_string"}}],"inLanguage":"de-DE"}]}},"acf":[],"_links":{"self":[{"href":"https:\/\/dulacetduparc.com\/de\/wp-json\/wp\/v2\/pages\/490","targetHints":{"allow":["GET"]}}],"collection":[{"href":"https:\/\/dulacetduparc.com\/de\/wp-json\/wp\/v2\/pages"}],"about":[{"href":"https:\/\/dulacetduparc.com\/de\/wp-json\/wp\/v2\/types\/page"}],"author":[{"embeddable":true,"href":"https:\/\/dulacetduparc.com\/de\/wp-json\/wp\/v2\/users\/17"}],"replies":[{"embeddable":true,"href":"https:\/\/dulacetduparc.com\/de\/wp-json\/wp\/v2\/comments?post=490"}],"version-history":[{"count":0,"href":"https:\/\/dulacetduparc.com\/de\/wp-json\/wp\/v2\/pages\/490\/revisions"}],"wp:attachment":[{"href":"https:\/\/dulacetduparc.com\/de\/wp-json\/wp\/v2\/media?parent=490"}],"curies":[{"name":"wp","href":"https:\/\/api.w.org\/{rel}","templated":true}]}}