{"id":454,"date":"2021-04-20T15:32:25","date_gmt":"2021-04-20T15:32:25","guid":{"rendered":"https:\/\/dulacetduparc.ms.decms.eu\/meetings-eventi\/"},"modified":"2025-05-07T14:40:36","modified_gmt":"2025-05-07T14:40:36","slug":"tagungen-veranstaltungen","status":"publish","type":"page","link":"https:\/\/dulacetduparc.com\/de\/tagungen-veranstaltungen\/","title":{"rendered":"MICE"},"content":{"rendered":"<p>Das Du Lac et Du Parc Grand Resort bietet eine einzigartige Lage f\u00fcr Seminare, Tagungen, Kongresse, Meetings und Teambuilding-Events an den Ufern des malerischen Gardasees. Das Grand Resort bietet 6 modulare Salons und Tagungsr\u00e4ume mit Tageslicht und Klimaanlage, die einen fantastischen Rahmen f\u00fcr kleine bis gro\u00dfe Versammlungen schaffen.<\/p>\n<p>Alle unsere Zimmer sind komplett mit hochwertigen audiovisuellen Materialien ausgestattet und ein Team von Fachleuten steht Ihnen zur Verf\u00fcgung, damit Ihre Veranstaltung perfekt auf Ihre Bed\u00fcrfnisse organisiert werden kann. F\u00fcr Ihre Incentives, Seminare, Team-Building und andere besondere Ereignisse bietet das Grand Resort auch eine Vielzahl von Diensten und Einrichtungen, um Ihren Event zu einem Erlebnis werden zu lassen, einschlie\u00dflich: kundenspezifische Verpflegung, Freizeit- und Sportaktivit\u00e4ten, ein Wellnesscenter und Fitnessraum, Wein-Touren, Besuche von historischen St\u00e4tten und viele mehr.<\/p>\n<p><a href=\"https:\/\/dulacetduparc.com\/wp-content\/uploads\/sites\/292\/2025\/05\/BROCHURE-MEETING.pdf\" target=\"_blank\" rel=\"noopener\">UNSERE BROSCH\u00dcRE<\/a><\/p>\n","protected":false},"excerpt":{"rendered":"<p>Das Du Lac et Du Parc Grand Resort bietet eine einzigartige Lage f\u00fcr Seminare, Tagungen, Kongresse, Meetings und Teambuilding-Events an den Ufern des malerischen Gardasees. Das Grand Resort bietet 6 modulare Salons und Tagungsr\u00e4ume mit Tageslicht und Klimaanlage, die einen fantastischen Rahmen f\u00fcr kleine bis gro\u00dfe Versammlungen schaffen. Alle unsere Zimmer sind komplett mit hochwertigen [&hellip;]<\/p>\n","protected":false},"author":17,"featured_media":0,"parent":0,"menu_order":80,"comment_status":"closed","ping_status":"closed","template":"template-meetings.php","meta":{"footnotes":""},"class_list":["post-454","page","type-page","status-publish","hentry"],"yoast_head":"<!-- This site is optimized with the Yoast SEO plugin v26.9 - https:\/\/yoast.com\/product\/yoast-seo-wordpress\/ -->\n<title>Du Lac et Du Parc Grand Resort 4***S |Tagungen &amp; Veranstaltungen<\/title>\n<meta name=\"description\" content=\"Das Du Lac et Du Parc Grand Resort bietet eine einzigartige Lage f\u00fcr Seminare, Tagungen, Kongresse, Meetings und Teambuilding-Events an den Ufern des malerischen Gardasees\" \/>\n<meta name=\"robots\" content=\"index, follow, max-snippet:-1, max-image-preview:large, max-video-preview:-1\" \/>\n<link rel=\"canonical\" href=\"https:\/\/dulacetduparc.com\/de\/tagungen-veranstaltungen\/\" \/>\n<meta property=\"og:locale\" content=\"de_DE\" \/>\n<meta property=\"og:type\" content=\"article\" \/>\n<meta property=\"og:title\" content=\"Du Lac et Du Parc Grand Resort 4***S |Tagungen &amp; Veranstaltungen\" \/>\n<meta property=\"og:description\" content=\"Das Du Lac et Du Parc Grand Resort bietet eine einzigartige Lage f\u00fcr Seminare, Tagungen, Kongresse, Meetings und Teambuilding-Events an den Ufern des malerischen Gardasees\" \/>\n<meta property=\"og:url\" content=\"https:\/\/dulacetduparc.com\/de\/tagungen-veranstaltungen\/\" \/>\n<meta property=\"og:site_name\" content=\"Du Lac et Du Parc Grand Resort\" \/>\n<meta property=\"article:modified_time\" content=\"2025-05-07T14:40:36+00:00\" \/>\n<meta name=\"twitter:card\" content=\"summary_large_image\" \/>\n<meta name=\"twitter:label1\" content=\"Gesch\u00e4tzte Lesezeit\" \/>\n\t<meta name=\"twitter:data1\" content=\"1 Minute\" \/>\n<script type=\"application\/ld+json\" class=\"yoast-schema-graph\">{\"@context\":\"https:\/\/schema.org\",\"@graph\":[{\"@type\":\"WebPage\",\"@id\":\"https:\/\/dulacetduparc.com\/de\/tagungen-veranstaltungen\/\",\"url\":\"https:\/\/dulacetduparc.com\/de\/tagungen-veranstaltungen\/\",\"name\":\"Du Lac et Du Parc Grand Resort 4***S |Tagungen & Veranstaltungen\",\"isPartOf\":{\"@id\":\"https:\/\/dulacetduparc.com\/de\/#website\"},\"datePublished\":\"2021-04-20T15:32:25+00:00\",\"dateModified\":\"2025-05-07T14:40:36+00:00\",\"description\":\"Das Du Lac et Du Parc Grand Resort bietet eine einzigartige Lage f\u00fcr Seminare, Tagungen, Kongresse, Meetings und Teambuilding-Events an den Ufern des malerischen Gardasees\",\"breadcrumb\":{\"@id\":\"https:\/\/dulacetduparc.com\/de\/tagungen-veranstaltungen\/#breadcrumb\"},\"inLanguage\":\"de-DE\",\"potentialAction\":[{\"@type\":\"ReadAction\",\"target\":[\"https:\/\/dulacetduparc.com\/de\/tagungen-veranstaltungen\/\"]}]},{\"@type\":\"BreadcrumbList\",\"@id\":\"https:\/\/dulacetduparc.com\/de\/tagungen-veranstaltungen\/#breadcrumb\",\"itemListElement\":[{\"@type\":\"ListItem\",\"position\":1,\"name\":\"Home\",\"item\":\"https:\/\/dulacetduparc.com\/de\/\"},{\"@type\":\"ListItem\",\"position\":2,\"name\":\"MICE\"}]},{\"@type\":\"WebSite\",\"@id\":\"https:\/\/dulacetduparc.com\/de\/#website\",\"url\":\"https:\/\/dulacetduparc.com\/de\/\",\"name\":\"Du Lac et Du Parc Grand Resort\",\"description\":\"Just another ms.decms.eu site\",\"potentialAction\":[{\"@type\":\"SearchAction\",\"target\":{\"@type\":\"EntryPoint\",\"urlTemplate\":\"https:\/\/dulacetduparc.com\/de\/?s={search_term_string}\"},\"query-input\":{\"@type\":\"PropertyValueSpecification\",\"valueRequired\":true,\"valueName\":\"search_term_string\"}}],\"inLanguage\":\"de-DE\"}]}<\/script>\n<!-- \/ Yoast SEO plugin. -->","yoast_head_json":{"title":"Du Lac et Du Parc Grand Resort 4***S |Tagungen & Veranstaltungen","description":"Das Du Lac et Du Parc Grand Resort bietet eine einzigartige Lage f\u00fcr Seminare, Tagungen, Kongresse, Meetings und Teambuilding-Events an den Ufern des malerischen Gardasees","robots":{"index":"index","follow":"follow","max-snippet":"max-snippet:-1","max-image-preview":"max-image-preview:large","max-video-preview":"max-video-preview:-1"},"canonical":"https:\/\/dulacetduparc.com\/de\/tagungen-veranstaltungen\/","og_locale":"de_DE","og_type":"article","og_title":"Du Lac et Du Parc Grand Resort 4***S |Tagungen & Veranstaltungen","og_description":"Das Du Lac et Du Parc Grand Resort bietet eine einzigartige Lage f\u00fcr Seminare, Tagungen, Kongresse, Meetings und Teambuilding-Events an den Ufern des malerischen Gardasees","og_url":"https:\/\/dulacetduparc.com\/de\/tagungen-veranstaltungen\/","og_site_name":"Du Lac et Du Parc Grand Resort","article_modified_time":"2025-05-07T14:40:36+00:00","twitter_card":"summary_large_image","twitter_misc":{"Gesch\u00e4tzte Lesezeit":"1 Minute"},"schema":{"@context":"https:\/\/schema.org","@graph":[{"@type":"WebPage","@id":"https:\/\/dulacetduparc.com\/de\/tagungen-veranstaltungen\/","url":"https:\/\/dulacetduparc.com\/de\/tagungen-veranstaltungen\/","name":"Du Lac et Du Parc Grand Resort 4***S |Tagungen & Veranstaltungen","isPartOf":{"@id":"https:\/\/dulacetduparc.com\/de\/#website"},"datePublished":"2021-04-20T15:32:25+00:00","dateModified":"2025-05-07T14:40:36+00:00","description":"Das Du Lac et Du Parc Grand Resort bietet eine einzigartige Lage f\u00fcr Seminare, Tagungen, Kongresse, Meetings und Teambuilding-Events an den Ufern des malerischen Gardasees","breadcrumb":{"@id":"https:\/\/dulacetduparc.com\/de\/tagungen-veranstaltungen\/#breadcrumb"},"inLanguage":"de-DE","potentialAction":[{"@type":"ReadAction","target":["https:\/\/dulacetduparc.com\/de\/tagungen-veranstaltungen\/"]}]},{"@type":"BreadcrumbList","@id":"https:\/\/dulacetduparc.com\/de\/tagungen-veranstaltungen\/#breadcrumb","itemListElement":[{"@type":"ListItem","position":1,"name":"Home","item":"https:\/\/dulacetduparc.com\/de\/"},{"@type":"ListItem","position":2,"name":"MICE"}]},{"@type":"WebSite","@id":"https:\/\/dulacetduparc.com\/de\/#website","url":"https:\/\/dulacetduparc.com\/de\/","name":"Du Lac et Du Parc Grand Resort","description":"Just another ms.decms.eu site","potentialAction":[{"@type":"SearchAction","target":{"@type":"EntryPoint","urlTemplate":"https:\/\/dulacetduparc.com\/de\/?s={search_term_string}"},"query-input":{"@type":"PropertyValueSpecification","valueRequired":true,"valueName":"search_term_string"}}],"inLanguage":"de-DE"}]}},"acf":[],"_links":{"self":[{"href":"https:\/\/dulacetduparc.com\/de\/wp-json\/wp\/v2\/pages\/454","targetHints":{"allow":["GET"]}}],"collection":[{"href":"https:\/\/dulacetduparc.com\/de\/wp-json\/wp\/v2\/pages"}],"about":[{"href":"https:\/\/dulacetduparc.com\/de\/wp-json\/wp\/v2\/types\/page"}],"author":[{"embeddable":true,"href":"https:\/\/dulacetduparc.com\/de\/wp-json\/wp\/v2\/users\/17"}],"replies":[{"embeddable":true,"href":"https:\/\/dulacetduparc.com\/de\/wp-json\/wp\/v2\/comments?post=454"}],"version-history":[{"count":0,"href":"https:\/\/dulacetduparc.com\/de\/wp-json\/wp\/v2\/pages\/454\/revisions"}],"wp:attachment":[{"href":"https:\/\/dulacetduparc.com\/de\/wp-json\/wp\/v2\/media?parent=454"}],"curies":[{"name":"wp","href":"https:\/\/api.w.org\/{rel}","templated":true}]}}