{"id":387,"date":"2021-05-25T15:31:14","date_gmt":"2021-05-25T15:31:14","guid":{"rendered":"https:\/\/dulacetduparc.ms.decms.eu\/il-tuo-resort-in-riva-al-lago\/"},"modified":"2021-05-25T15:34:31","modified_gmt":"2021-05-25T15:34:31","slug":"ihr-4s-resort-am-see","status":"publish","type":"page","link":"https:\/\/dulacetduparc.com\/de\/ihr-4s-resort-am-see\/","title":{"rendered":"Ihr 4****S Resort am See"},"content":{"rendered":"<p>Das Du Lac et Du Parc Grand Resort liegt auf dem sanft abfallenden Ufer am Nordende des Gardasees in der malerischen Altstadt von Riva del Garda. Das Resort befindet sich in einem sch\u00f6nen Park mit einem mehrere Jahrhunderte alten verschiedenen Baumbestand.<\/p>\n<p>Hinter dem Park befindet sich ein Strand, der in das kristallklare Gew\u00e4sser f\u00fchrt, das am anderen Ende an die steilen W\u00e4nde der Berge trifft.<\/p>\n","protected":false},"excerpt":{"rendered":"<p>Das Du Lac et Du Parc Grand Resort liegt auf dem sanft abfallenden Ufer am Nordende des Gardasees in der malerischen Altstadt von Riva del Garda. Das Resort befindet sich in einem sch\u00f6nen Park mit einem mehrere Jahrhunderte alten verschiedenen Baumbestand. Hinter dem Park befindet sich ein Strand, der in das kristallklare Gew\u00e4sser f\u00fchrt, das [&hellip;]<\/p>\n","protected":false},"author":6,"featured_media":0,"parent":0,"menu_order":1,"comment_status":"closed","ping_status":"closed","template":"","meta":{"footnotes":""},"class_list":["post-387","page","type-page","status-publish","hentry"],"yoast_head":"<!-- This site is optimized with the Yoast SEO plugin v26.9 - https:\/\/yoast.com\/product\/yoast-seo-wordpress\/ -->\n<title>Ihr 4****S Resort am See - Du Lac et Du Parc Grand Resort<\/title>\n<meta name=\"robots\" content=\"index, follow, max-snippet:-1, max-image-preview:large, max-video-preview:-1\" \/>\n<link rel=\"canonical\" href=\"https:\/\/dulacetduparc.com\/de\/ihr-4s-resort-am-see\/\" \/>\n<meta property=\"og:locale\" content=\"de_DE\" \/>\n<meta property=\"og:type\" content=\"article\" \/>\n<meta property=\"og:title\" content=\"Ihr 4****S Resort am See - Du Lac et Du Parc Grand Resort\" \/>\n<meta property=\"og:description\" content=\"Das Du Lac et Du Parc Grand Resort liegt auf dem sanft abfallenden Ufer am Nordende des Gardasees in der malerischen Altstadt von Riva del Garda. Das Resort befindet sich in einem sch\u00f6nen Park mit einem mehrere Jahrhunderte alten verschiedenen Baumbestand. Hinter dem Park befindet sich ein Strand, der in das kristallklare Gew\u00e4sser f\u00fchrt, das [&hellip;]\" \/>\n<meta property=\"og:url\" content=\"https:\/\/dulacetduparc.com\/de\/ihr-4s-resort-am-see\/\" \/>\n<meta property=\"og:site_name\" content=\"Du Lac et Du Parc Grand Resort\" \/>\n<meta property=\"article:modified_time\" content=\"2021-05-25T15:34:31+00:00\" \/>\n<meta name=\"twitter:card\" content=\"summary_large_image\" \/>\n<script type=\"application\/ld+json\" class=\"yoast-schema-graph\">{\"@context\":\"https:\/\/schema.org\",\"@graph\":[{\"@type\":\"WebPage\",\"@id\":\"https:\/\/dulacetduparc.com\/de\/ihr-4s-resort-am-see\/\",\"url\":\"https:\/\/dulacetduparc.com\/de\/ihr-4s-resort-am-see\/\",\"name\":\"Ihr 4****S Resort am See - Du Lac et Du Parc Grand Resort\",\"isPartOf\":{\"@id\":\"https:\/\/dulacetduparc.com\/de\/#website\"},\"datePublished\":\"2021-05-25T15:31:14+00:00\",\"dateModified\":\"2021-05-25T15:34:31+00:00\",\"breadcrumb\":{\"@id\":\"https:\/\/dulacetduparc.com\/de\/ihr-4s-resort-am-see\/#breadcrumb\"},\"inLanguage\":\"de-DE\",\"potentialAction\":[{\"@type\":\"ReadAction\",\"target\":[\"https:\/\/dulacetduparc.com\/de\/ihr-4s-resort-am-see\/\"]}]},{\"@type\":\"BreadcrumbList\",\"@id\":\"https:\/\/dulacetduparc.com\/de\/ihr-4s-resort-am-see\/#breadcrumb\",\"itemListElement\":[{\"@type\":\"ListItem\",\"position\":1,\"name\":\"Home\",\"item\":\"https:\/\/dulacetduparc.com\/de\/\"},{\"@type\":\"ListItem\",\"position\":2,\"name\":\"Ihr 4****S Resort am See\"}]},{\"@type\":\"WebSite\",\"@id\":\"https:\/\/dulacetduparc.com\/de\/#website\",\"url\":\"https:\/\/dulacetduparc.com\/de\/\",\"name\":\"Du Lac et Du Parc Grand Resort\",\"description\":\"Just another ms.decms.eu site\",\"potentialAction\":[{\"@type\":\"SearchAction\",\"target\":{\"@type\":\"EntryPoint\",\"urlTemplate\":\"https:\/\/dulacetduparc.com\/de\/?s={search_term_string}\"},\"query-input\":{\"@type\":\"PropertyValueSpecification\",\"valueRequired\":true,\"valueName\":\"search_term_string\"}}],\"inLanguage\":\"de-DE\"}]}<\/script>\n<!-- \/ Yoast SEO plugin. -->","yoast_head_json":{"title":"Ihr 4****S Resort am See - Du Lac et Du Parc Grand Resort","robots":{"index":"index","follow":"follow","max-snippet":"max-snippet:-1","max-image-preview":"max-image-preview:large","max-video-preview":"max-video-preview:-1"},"canonical":"https:\/\/dulacetduparc.com\/de\/ihr-4s-resort-am-see\/","og_locale":"de_DE","og_type":"article","og_title":"Ihr 4****S Resort am See - Du Lac et Du Parc Grand Resort","og_description":"Das Du Lac et Du Parc Grand Resort liegt auf dem sanft abfallenden Ufer am Nordende des Gardasees in der malerischen Altstadt von Riva del Garda. Das Resort befindet sich in einem sch\u00f6nen Park mit einem mehrere Jahrhunderte alten verschiedenen Baumbestand. Hinter dem Park befindet sich ein Strand, der in das kristallklare Gew\u00e4sser f\u00fchrt, das [&hellip;]","og_url":"https:\/\/dulacetduparc.com\/de\/ihr-4s-resort-am-see\/","og_site_name":"Du Lac et Du Parc Grand Resort","article_modified_time":"2021-05-25T15:34:31+00:00","twitter_card":"summary_large_image","schema":{"@context":"https:\/\/schema.org","@graph":[{"@type":"WebPage","@id":"https:\/\/dulacetduparc.com\/de\/ihr-4s-resort-am-see\/","url":"https:\/\/dulacetduparc.com\/de\/ihr-4s-resort-am-see\/","name":"Ihr 4****S Resort am See - Du Lac et Du Parc Grand Resort","isPartOf":{"@id":"https:\/\/dulacetduparc.com\/de\/#website"},"datePublished":"2021-05-25T15:31:14+00:00","dateModified":"2021-05-25T15:34:31+00:00","breadcrumb":{"@id":"https:\/\/dulacetduparc.com\/de\/ihr-4s-resort-am-see\/#breadcrumb"},"inLanguage":"de-DE","potentialAction":[{"@type":"ReadAction","target":["https:\/\/dulacetduparc.com\/de\/ihr-4s-resort-am-see\/"]}]},{"@type":"BreadcrumbList","@id":"https:\/\/dulacetduparc.com\/de\/ihr-4s-resort-am-see\/#breadcrumb","itemListElement":[{"@type":"ListItem","position":1,"name":"Home","item":"https:\/\/dulacetduparc.com\/de\/"},{"@type":"ListItem","position":2,"name":"Ihr 4****S Resort am See"}]},{"@type":"WebSite","@id":"https:\/\/dulacetduparc.com\/de\/#website","url":"https:\/\/dulacetduparc.com\/de\/","name":"Du Lac et Du Parc Grand Resort","description":"Just another ms.decms.eu site","potentialAction":[{"@type":"SearchAction","target":{"@type":"EntryPoint","urlTemplate":"https:\/\/dulacetduparc.com\/de\/?s={search_term_string}"},"query-input":{"@type":"PropertyValueSpecification","valueRequired":true,"valueName":"search_term_string"}}],"inLanguage":"de-DE"}]}},"acf":[],"_links":{"self":[{"href":"https:\/\/dulacetduparc.com\/de\/wp-json\/wp\/v2\/pages\/387","targetHints":{"allow":["GET"]}}],"collection":[{"href":"https:\/\/dulacetduparc.com\/de\/wp-json\/wp\/v2\/pages"}],"about":[{"href":"https:\/\/dulacetduparc.com\/de\/wp-json\/wp\/v2\/types\/page"}],"author":[{"embeddable":true,"href":"https:\/\/dulacetduparc.com\/de\/wp-json\/wp\/v2\/users\/6"}],"replies":[{"embeddable":true,"href":"https:\/\/dulacetduparc.com\/de\/wp-json\/wp\/v2\/comments?post=387"}],"version-history":[{"count":0,"href":"https:\/\/dulacetduparc.com\/de\/wp-json\/wp\/v2\/pages\/387\/revisions"}],"wp:attachment":[{"href":"https:\/\/dulacetduparc.com\/de\/wp-json\/wp\/v2\/media?parent=387"}],"curies":[{"name":"wp","href":"https:\/\/api.w.org\/{rel}","templated":true}]}}