{"id":322,"date":"2021-04-20T15:25:04","date_gmt":"2021-04-20T15:25:04","guid":{"rendered":"https:\/\/dulacetduparc.ms.decms.eu\/location-contatti\/"},"modified":"2025-04-30T13:26:50","modified_gmt":"2025-04-30T13:26:50","slug":"location-kontact","status":"publish","type":"page","link":"https:\/\/dulacetduparc.com\/de\/location-kontact\/","title":{"rendered":"Location &amp; Kontact"},"content":{"rendered":"<p>Das Du Lac et Du Parc Grand Resort liegt auf dem sanft abfallenden Ufer am Nordende des Gardasees in der malerischen Altstadt von Riva del Garda. Das Resort befindet sich in einem sch\u00f6nen Park mit einem mehrere Jahrhunderte alten verschiedenen Baumbestand. Hinter dem Park befindet sich ein Strand, der in das kristallklare Gew\u00e4sser f\u00fchrt, das am anderen Ende an die steilen W\u00e4nde der Berge trifft.<\/p>\n<p>Die nat\u00fcrliche Majest\u00e4t des Gardasees ist durch seine historische und kulturelle Vielfalt gespiegelt; die g\u00fcnstige Lage des Du Lac et Du Parc Grand Resorts erm\u00f6glicht Ihnen diese zu erkunden. Genie\u00dfen Sie auch eine gro\u00dfe Auswahl an Sport- und Freizeitaktivit\u00e4ten, die die riesige Wasserfl\u00e4che und die umliegende Landschaft bieten.<\/p>\n","protected":false},"excerpt":{"rendered":"<p>Das Du Lac et Du Parc Grand Resort liegt auf dem sanft abfallenden Ufer am Nordende des Gardasees in der malerischen Altstadt von Riva del Garda. Das Resort befindet sich in einem sch\u00f6nen Park mit einem mehrere Jahrhunderte alten verschiedenen Baumbestand. Hinter dem Park befindet sich ein Strand, der in das kristallklare Gew\u00e4sser f\u00fchrt, das [&hellip;]<\/p>\n","protected":false},"author":17,"featured_media":0,"parent":0,"menu_order":200,"comment_status":"closed","ping_status":"closed","template":"template-location.php","meta":{"footnotes":""},"class_list":["post-322","page","type-page","status-publish","hentry"],"yoast_head":"<!-- This site is optimized with the Yoast SEO plugin v26.9 - https:\/\/yoast.com\/product\/yoast-seo-wordpress\/ -->\n<title>Du Lac et Du Parc Grand Resort 4***S | Location &amp; Kontact<\/title>\n<meta name=\"description\" content=\"Das Grand Resort Du Lac und Du Parc befindet sich am Ufer des n\u00f6rdlichen Endes des Gardasees in der malerischen Stadt Riva del Garda.\" \/>\n<meta name=\"robots\" content=\"index, follow, max-snippet:-1, max-image-preview:large, max-video-preview:-1\" \/>\n<link rel=\"canonical\" href=\"https:\/\/dulacetduparc.com\/de\/location-kontact\/\" \/>\n<meta property=\"og:locale\" content=\"de_DE\" \/>\n<meta property=\"og:type\" content=\"article\" \/>\n<meta property=\"og:title\" content=\"Du Lac et Du Parc Grand Resort 4***S | Location &amp; Kontact\" \/>\n<meta property=\"og:description\" content=\"Das Grand Resort Du Lac und Du Parc befindet sich am Ufer des n\u00f6rdlichen Endes des Gardasees in der malerischen Stadt Riva del Garda.\" \/>\n<meta property=\"og:url\" content=\"https:\/\/dulacetduparc.com\/de\/location-kontact\/\" \/>\n<meta property=\"og:site_name\" content=\"Du Lac et Du Parc Grand Resort\" \/>\n<meta property=\"article:modified_time\" content=\"2025-04-30T13:26:50+00:00\" \/>\n<meta name=\"twitter:card\" content=\"summary_large_image\" \/>\n<meta name=\"twitter:label1\" content=\"Gesch\u00e4tzte Lesezeit\" \/>\n\t<meta name=\"twitter:data1\" content=\"1 Minute\" \/>\n<script type=\"application\/ld+json\" class=\"yoast-schema-graph\">{\"@context\":\"https:\/\/schema.org\",\"@graph\":[{\"@type\":\"WebPage\",\"@id\":\"https:\/\/dulacetduparc.com\/de\/location-kontact\/\",\"url\":\"https:\/\/dulacetduparc.com\/de\/location-kontact\/\",\"name\":\"Du Lac et Du Parc Grand Resort 4***S | Location & Kontact\",\"isPartOf\":{\"@id\":\"https:\/\/dulacetduparc.com\/de\/#website\"},\"datePublished\":\"2021-04-20T15:25:04+00:00\",\"dateModified\":\"2025-04-30T13:26:50+00:00\",\"description\":\"Das Grand Resort Du Lac und Du Parc befindet sich am Ufer des n\u00f6rdlichen Endes des Gardasees in der malerischen Stadt Riva del Garda.\",\"breadcrumb\":{\"@id\":\"https:\/\/dulacetduparc.com\/de\/location-kontact\/#breadcrumb\"},\"inLanguage\":\"de-DE\",\"potentialAction\":[{\"@type\":\"ReadAction\",\"target\":[\"https:\/\/dulacetduparc.com\/de\/location-kontact\/\"]}]},{\"@type\":\"BreadcrumbList\",\"@id\":\"https:\/\/dulacetduparc.com\/de\/location-kontact\/#breadcrumb\",\"itemListElement\":[{\"@type\":\"ListItem\",\"position\":1,\"name\":\"Home\",\"item\":\"https:\/\/dulacetduparc.com\/de\/\"},{\"@type\":\"ListItem\",\"position\":2,\"name\":\"Location &amp; Kontact\"}]},{\"@type\":\"WebSite\",\"@id\":\"https:\/\/dulacetduparc.com\/de\/#website\",\"url\":\"https:\/\/dulacetduparc.com\/de\/\",\"name\":\"Du Lac et Du Parc Grand Resort\",\"description\":\"Just another ms.decms.eu site\",\"potentialAction\":[{\"@type\":\"SearchAction\",\"target\":{\"@type\":\"EntryPoint\",\"urlTemplate\":\"https:\/\/dulacetduparc.com\/de\/?s={search_term_string}\"},\"query-input\":{\"@type\":\"PropertyValueSpecification\",\"valueRequired\":true,\"valueName\":\"search_term_string\"}}],\"inLanguage\":\"de-DE\"}]}<\/script>\n<!-- \/ Yoast SEO plugin. -->","yoast_head_json":{"title":"Du Lac et Du Parc Grand Resort 4***S | Location & Kontact","description":"Das Grand Resort Du Lac und Du Parc befindet sich am Ufer des n\u00f6rdlichen Endes des Gardasees in der malerischen Stadt Riva del Garda.","robots":{"index":"index","follow":"follow","max-snippet":"max-snippet:-1","max-image-preview":"max-image-preview:large","max-video-preview":"max-video-preview:-1"},"canonical":"https:\/\/dulacetduparc.com\/de\/location-kontact\/","og_locale":"de_DE","og_type":"article","og_title":"Du Lac et Du Parc Grand Resort 4***S | Location & Kontact","og_description":"Das Grand Resort Du Lac und Du Parc befindet sich am Ufer des n\u00f6rdlichen Endes des Gardasees in der malerischen Stadt Riva del Garda.","og_url":"https:\/\/dulacetduparc.com\/de\/location-kontact\/","og_site_name":"Du Lac et Du Parc Grand Resort","article_modified_time":"2025-04-30T13:26:50+00:00","twitter_card":"summary_large_image","twitter_misc":{"Gesch\u00e4tzte Lesezeit":"1 Minute"},"schema":{"@context":"https:\/\/schema.org","@graph":[{"@type":"WebPage","@id":"https:\/\/dulacetduparc.com\/de\/location-kontact\/","url":"https:\/\/dulacetduparc.com\/de\/location-kontact\/","name":"Du Lac et Du Parc Grand Resort 4***S | Location & Kontact","isPartOf":{"@id":"https:\/\/dulacetduparc.com\/de\/#website"},"datePublished":"2021-04-20T15:25:04+00:00","dateModified":"2025-04-30T13:26:50+00:00","description":"Das Grand Resort Du Lac und Du Parc befindet sich am Ufer des n\u00f6rdlichen Endes des Gardasees in der malerischen Stadt Riva del Garda.","breadcrumb":{"@id":"https:\/\/dulacetduparc.com\/de\/location-kontact\/#breadcrumb"},"inLanguage":"de-DE","potentialAction":[{"@type":"ReadAction","target":["https:\/\/dulacetduparc.com\/de\/location-kontact\/"]}]},{"@type":"BreadcrumbList","@id":"https:\/\/dulacetduparc.com\/de\/location-kontact\/#breadcrumb","itemListElement":[{"@type":"ListItem","position":1,"name":"Home","item":"https:\/\/dulacetduparc.com\/de\/"},{"@type":"ListItem","position":2,"name":"Location &amp; Kontact"}]},{"@type":"WebSite","@id":"https:\/\/dulacetduparc.com\/de\/#website","url":"https:\/\/dulacetduparc.com\/de\/","name":"Du Lac et Du Parc Grand Resort","description":"Just another ms.decms.eu site","potentialAction":[{"@type":"SearchAction","target":{"@type":"EntryPoint","urlTemplate":"https:\/\/dulacetduparc.com\/de\/?s={search_term_string}"},"query-input":{"@type":"PropertyValueSpecification","valueRequired":true,"valueName":"search_term_string"}}],"inLanguage":"de-DE"}]}},"acf":[],"_links":{"self":[{"href":"https:\/\/dulacetduparc.com\/de\/wp-json\/wp\/v2\/pages\/322","targetHints":{"allow":["GET"]}}],"collection":[{"href":"https:\/\/dulacetduparc.com\/de\/wp-json\/wp\/v2\/pages"}],"about":[{"href":"https:\/\/dulacetduparc.com\/de\/wp-json\/wp\/v2\/types\/page"}],"author":[{"embeddable":true,"href":"https:\/\/dulacetduparc.com\/de\/wp-json\/wp\/v2\/users\/17"}],"replies":[{"embeddable":true,"href":"https:\/\/dulacetduparc.com\/de\/wp-json\/wp\/v2\/comments?post=322"}],"version-history":[{"count":0,"href":"https:\/\/dulacetduparc.com\/de\/wp-json\/wp\/v2\/pages\/322\/revisions"}],"wp:attachment":[{"href":"https:\/\/dulacetduparc.com\/de\/wp-json\/wp\/v2\/media?parent=322"}],"curies":[{"name":"wp","href":"https:\/\/api.w.org\/{rel}","templated":true}]}}