{"id":284,"date":"2021-04-20T15:16:55","date_gmt":"2021-04-20T15:16:55","guid":{"rendered":"https:\/\/dulacetduparc.ms.decms.eu\/suites-bungalow\/suite-murialdo-s\/premier-suite\/"},"modified":"2024-09-25T08:57:11","modified_gmt":"2024-09-25T08:57:11","slug":"premier-suite","status":"publish","type":"page","link":"https:\/\/dulacetduparc.com\/de\/suites-bungalows\/suite-murialdo-s\/premier-suite\/","title":{"rendered":"Premier Suite"},"content":{"rendered":"<p>Die ideale L\u00f6sung f\u00fcr einen unabh\u00e4ngigen Aufenthalt in feiner und komfortabeler Umgebung. F\u00fcr Diejenigen gedacht, die das Fr\u00fchst\u00fcck, das Mitttag- oder das Abendessen selbst machen m\u00f6chten, um den Urlaub ohne Raumbegrenzung verbringen zu k\u00f6nnen.<\/p>\n<p>Die Premier-Suiten genie\u00dfen den Blick nach Osten oder nach Westen des Resorts. Sie verf\u00fcgen \u00fcber eine holzgedeckte Terrasse oder Garten, die ideal f\u00fcr Mahlzeiten im Freien ausgestattet ist. Das Dekor ist modern mit stilvollen M\u00f6beln und gro\u00dfen Kleiderschr\u00e4nken. Jede Suite verf\u00fcgt \u00fcber ein ger\u00e4umiges Schlafzimmer mit Doppelbett, eine K\u00fcchenzeile und einen Essbereich sowie ein modernes Bad.<\/p>\n<p class=\"p1\">Freier Zugang zum Armonia SPA mit Nutzung von Cristallo-Schwimmbad, Fitnessraum, Whirlpool, Sauna und t\u00fcrkischem Bad.<\/p>\n","protected":false},"excerpt":{"rendered":"<p>Die ideale L\u00f6sung f\u00fcr einen unabh\u00e4ngigen Aufenthalt in feiner und komfortabeler Umgebung. F\u00fcr Diejenigen gedacht, die das Fr\u00fchst\u00fcck, das Mitttag- oder das Abendessen selbst machen m\u00f6chten, um den Urlaub ohne Raumbegrenzung verbringen zu k\u00f6nnen. Die Premier-Suiten genie\u00dfen den Blick nach Osten oder nach Westen des Resorts. Sie verf\u00fcgen \u00fcber eine holzgedeckte Terrasse oder Garten, die [&hellip;]<\/p>\n","protected":false},"author":17,"featured_media":0,"parent":89,"menu_order":41,"comment_status":"closed","ping_status":"closed","template":"template-single-room.php","meta":{"footnotes":""},"class_list":["post-284","page","type-page","status-publish","hentry"],"yoast_head":"<!-- This site is optimized with the Yoast SEO plugin v26.9 - https:\/\/yoast.com\/product\/yoast-seo-wordpress\/ -->\n<title>Du Lac et Du Parc Grand Resort 4***S |Premier Suite<\/title>\n<meta name=\"description\" content=\"Die Premier-Suiten genie\u00dfen den Blick nach Osten oder nach Westen des Resorts. Sie verf\u00fcgen \u00fcber eine holzgedeckte Terrasse oder Garten, die ideal f\u00fcr Mahlzeiten im Freien ausgestattet ist.\" \/>\n<meta name=\"robots\" content=\"index, follow, max-snippet:-1, max-image-preview:large, max-video-preview:-1\" \/>\n<link rel=\"canonical\" href=\"https:\/\/dulacetduparc.com\/de\/suites-bungalows\/suite-murialdo-s\/premier-suite\/\" \/>\n<meta property=\"og:locale\" content=\"de_DE\" \/>\n<meta property=\"og:type\" content=\"article\" \/>\n<meta property=\"og:title\" content=\"Du Lac et Du Parc Grand Resort 4***S |Premier Suite\" \/>\n<meta property=\"og:description\" content=\"Die Premier-Suiten genie\u00dfen den Blick nach Osten oder nach Westen des Resorts. Sie verf\u00fcgen \u00fcber eine holzgedeckte Terrasse oder Garten, die ideal f\u00fcr Mahlzeiten im Freien ausgestattet ist.\" \/>\n<meta property=\"og:url\" content=\"https:\/\/dulacetduparc.com\/de\/suites-bungalows\/suite-murialdo-s\/premier-suite\/\" \/>\n<meta property=\"og:site_name\" content=\"Du Lac et Du Parc Grand Resort\" \/>\n<meta property=\"article:modified_time\" content=\"2024-09-25T08:57:11+00:00\" \/>\n<meta name=\"twitter:card\" content=\"summary_large_image\" \/>\n<meta name=\"twitter:label1\" content=\"Gesch\u00e4tzte Lesezeit\" \/>\n\t<meta name=\"twitter:data1\" content=\"1 Minute\" \/>\n<script type=\"application\/ld+json\" class=\"yoast-schema-graph\">{\"@context\":\"https:\/\/schema.org\",\"@graph\":[{\"@type\":\"WebPage\",\"@id\":\"https:\/\/dulacetduparc.com\/de\/suites-bungalows\/suite-murialdo-s\/premier-suite\/\",\"url\":\"https:\/\/dulacetduparc.com\/de\/suites-bungalows\/suite-murialdo-s\/premier-suite\/\",\"name\":\"Du Lac et Du Parc Grand Resort 4***S |Premier Suite\",\"isPartOf\":{\"@id\":\"https:\/\/dulacetduparc.com\/de\/#website\"},\"datePublished\":\"2021-04-20T15:16:55+00:00\",\"dateModified\":\"2024-09-25T08:57:11+00:00\",\"description\":\"Die Premier-Suiten genie\u00dfen den Blick nach Osten oder nach Westen des Resorts. Sie verf\u00fcgen \u00fcber eine holzgedeckte Terrasse oder Garten, die ideal f\u00fcr Mahlzeiten im Freien ausgestattet ist.\",\"breadcrumb\":{\"@id\":\"https:\/\/dulacetduparc.com\/de\/suites-bungalows\/suite-murialdo-s\/premier-suite\/#breadcrumb\"},\"inLanguage\":\"de-DE\",\"potentialAction\":[{\"@type\":\"ReadAction\",\"target\":[\"https:\/\/dulacetduparc.com\/de\/suites-bungalows\/suite-murialdo-s\/premier-suite\/\"]}]},{\"@type\":\"BreadcrumbList\",\"@id\":\"https:\/\/dulacetduparc.com\/de\/suites-bungalows\/suite-murialdo-s\/premier-suite\/#breadcrumb\",\"itemListElement\":[{\"@type\":\"ListItem\",\"position\":1,\"name\":\"Home\",\"item\":\"https:\/\/dulacetduparc.com\/de\/\"},{\"@type\":\"ListItem\",\"position\":2,\"name\":\"Suites &#038; Bungalows\",\"item\":\"https:\/\/dulacetduparc.com\/de\/suites-bungalows\/\"},{\"@type\":\"ListItem\",\"position\":3,\"name\":\"Murialdo Suiten ****S\",\"item\":\"https:\/\/dulacetduparc.com\/de\/suites-bungalows\/suite-murialdo-s\/\"},{\"@type\":\"ListItem\",\"position\":4,\"name\":\"Premier Suite\"}]},{\"@type\":\"WebSite\",\"@id\":\"https:\/\/dulacetduparc.com\/de\/#website\",\"url\":\"https:\/\/dulacetduparc.com\/de\/\",\"name\":\"Du Lac et Du Parc Grand Resort\",\"description\":\"Just another ms.decms.eu site\",\"potentialAction\":[{\"@type\":\"SearchAction\",\"target\":{\"@type\":\"EntryPoint\",\"urlTemplate\":\"https:\/\/dulacetduparc.com\/de\/?s={search_term_string}\"},\"query-input\":{\"@type\":\"PropertyValueSpecification\",\"valueRequired\":true,\"valueName\":\"search_term_string\"}}],\"inLanguage\":\"de-DE\"}]}<\/script>\n<!-- \/ Yoast SEO plugin. -->","yoast_head_json":{"title":"Du Lac et Du Parc Grand Resort 4***S |Premier Suite","description":"Die Premier-Suiten genie\u00dfen den Blick nach Osten oder nach Westen des Resorts. Sie verf\u00fcgen \u00fcber eine holzgedeckte Terrasse oder Garten, die ideal f\u00fcr Mahlzeiten im Freien ausgestattet ist.","robots":{"index":"index","follow":"follow","max-snippet":"max-snippet:-1","max-image-preview":"max-image-preview:large","max-video-preview":"max-video-preview:-1"},"canonical":"https:\/\/dulacetduparc.com\/de\/suites-bungalows\/suite-murialdo-s\/premier-suite\/","og_locale":"de_DE","og_type":"article","og_title":"Du Lac et Du Parc Grand Resort 4***S |Premier Suite","og_description":"Die Premier-Suiten genie\u00dfen den Blick nach Osten oder nach Westen des Resorts. Sie verf\u00fcgen \u00fcber eine holzgedeckte Terrasse oder Garten, die ideal f\u00fcr Mahlzeiten im Freien ausgestattet ist.","og_url":"https:\/\/dulacetduparc.com\/de\/suites-bungalows\/suite-murialdo-s\/premier-suite\/","og_site_name":"Du Lac et Du Parc Grand Resort","article_modified_time":"2024-09-25T08:57:11+00:00","twitter_card":"summary_large_image","twitter_misc":{"Gesch\u00e4tzte Lesezeit":"1 Minute"},"schema":{"@context":"https:\/\/schema.org","@graph":[{"@type":"WebPage","@id":"https:\/\/dulacetduparc.com\/de\/suites-bungalows\/suite-murialdo-s\/premier-suite\/","url":"https:\/\/dulacetduparc.com\/de\/suites-bungalows\/suite-murialdo-s\/premier-suite\/","name":"Du Lac et Du Parc Grand Resort 4***S |Premier Suite","isPartOf":{"@id":"https:\/\/dulacetduparc.com\/de\/#website"},"datePublished":"2021-04-20T15:16:55+00:00","dateModified":"2024-09-25T08:57:11+00:00","description":"Die Premier-Suiten genie\u00dfen den Blick nach Osten oder nach Westen des Resorts. Sie verf\u00fcgen \u00fcber eine holzgedeckte Terrasse oder Garten, die ideal f\u00fcr Mahlzeiten im Freien ausgestattet ist.","breadcrumb":{"@id":"https:\/\/dulacetduparc.com\/de\/suites-bungalows\/suite-murialdo-s\/premier-suite\/#breadcrumb"},"inLanguage":"de-DE","potentialAction":[{"@type":"ReadAction","target":["https:\/\/dulacetduparc.com\/de\/suites-bungalows\/suite-murialdo-s\/premier-suite\/"]}]},{"@type":"BreadcrumbList","@id":"https:\/\/dulacetduparc.com\/de\/suites-bungalows\/suite-murialdo-s\/premier-suite\/#breadcrumb","itemListElement":[{"@type":"ListItem","position":1,"name":"Home","item":"https:\/\/dulacetduparc.com\/de\/"},{"@type":"ListItem","position":2,"name":"Suites &#038; Bungalows","item":"https:\/\/dulacetduparc.com\/de\/suites-bungalows\/"},{"@type":"ListItem","position":3,"name":"Murialdo Suiten ****S","item":"https:\/\/dulacetduparc.com\/de\/suites-bungalows\/suite-murialdo-s\/"},{"@type":"ListItem","position":4,"name":"Premier Suite"}]},{"@type":"WebSite","@id":"https:\/\/dulacetduparc.com\/de\/#website","url":"https:\/\/dulacetduparc.com\/de\/","name":"Du Lac et Du Parc Grand Resort","description":"Just another ms.decms.eu site","potentialAction":[{"@type":"SearchAction","target":{"@type":"EntryPoint","urlTemplate":"https:\/\/dulacetduparc.com\/de\/?s={search_term_string}"},"query-input":{"@type":"PropertyValueSpecification","valueRequired":true,"valueName":"search_term_string"}}],"inLanguage":"de-DE"}]}},"acf":[],"_links":{"self":[{"href":"https:\/\/dulacetduparc.com\/de\/wp-json\/wp\/v2\/pages\/284","targetHints":{"allow":["GET"]}}],"collection":[{"href":"https:\/\/dulacetduparc.com\/de\/wp-json\/wp\/v2\/pages"}],"about":[{"href":"https:\/\/dulacetduparc.com\/de\/wp-json\/wp\/v2\/types\/page"}],"author":[{"embeddable":true,"href":"https:\/\/dulacetduparc.com\/de\/wp-json\/wp\/v2\/users\/17"}],"replies":[{"embeddable":true,"href":"https:\/\/dulacetduparc.com\/de\/wp-json\/wp\/v2\/comments?post=284"}],"version-history":[{"count":0,"href":"https:\/\/dulacetduparc.com\/de\/wp-json\/wp\/v2\/pages\/284\/revisions"}],"up":[{"embeddable":true,"href":"https:\/\/dulacetduparc.com\/de\/wp-json\/wp\/v2\/pages\/89"}],"wp:attachment":[{"href":"https:\/\/dulacetduparc.com\/de\/wp-json\/wp\/v2\/media?parent=284"}],"curies":[{"name":"wp","href":"https:\/\/api.w.org\/{rel}","templated":true}]}}