{"id":275,"date":"2021-04-20T15:15:59","date_gmt":"2021-04-20T15:15:59","guid":{"rendered":"https:\/\/dulacetduparc.ms.decms.eu\/suites-bungalow\/suite-la-villa-s\/romantic-suite\/"},"modified":"2024-05-06T09:07:18","modified_gmt":"2024-05-06T09:07:18","slug":"romantic-suite","status":"publish","type":"page","link":"https:\/\/dulacetduparc.com\/de\/suites-bungalows\/suite-la-villa-s\/romantic-suite\/","title":{"rendered":"Romantic Suite"},"content":{"rendered":"<p>Die ideale L\u00f6sung f\u00fcr einen unabh\u00e4ngigen Aufenthalt in feiner und komfortabeler Umgebung.<br \/>\nF\u00fcr Diejenigen gedacht, die das Fr\u00fchst\u00fcck, das Mitttag- oder das Abendessen selbst machen m\u00f6chten, um den Urlaub ohne Raumbegrenzung verbringen zu k\u00f6nnen.<\/p>\n<p>Ger\u00e4umige und raffinierte Mansardensuite mit Doppelbettzimmer, Zweibettzimmer, Wohnzimmer mit Speiseraum, Kochecke, zwei B\u00e4der.<\/p>\n<p class=\"p1\">Freier Zugang zum Armonia SPA mit Nutzung von Cristallo-Schwimmbad, Fitnessraum, Whirlpool, Sauna und t\u00fcrkischem Bad.<\/p>\n","protected":false},"excerpt":{"rendered":"<p>Die ideale L\u00f6sung f\u00fcr einen unabh\u00e4ngigen Aufenthalt in feiner und komfortabeler Umgebung. F\u00fcr Diejenigen gedacht, die das Fr\u00fchst\u00fcck, das Mitttag- oder das Abendessen selbst machen m\u00f6chten, um den Urlaub ohne Raumbegrenzung verbringen zu k\u00f6nnen. Ger\u00e4umige und raffinierte Mansardensuite mit Doppelbettzimmer, Zweibettzimmer, Wohnzimmer mit Speiseraum, Kochecke, zwei B\u00e4der. Freier Zugang zum Armonia SPA mit Nutzung von [&hellip;]<\/p>\n","protected":false},"author":17,"featured_media":0,"parent":83,"menu_order":33,"comment_status":"closed","ping_status":"closed","template":"template-single-room.php","meta":{"footnotes":""},"class_list":["post-275","page","type-page","status-publish","hentry"],"yoast_head":"<!-- This site is optimized with the Yoast SEO plugin v26.9 - https:\/\/yoast.com\/product\/yoast-seo-wordpress\/ -->\n<title>Du Lac et Du Parc Grand Resort 4***S | Romantic Suite<\/title>\n<meta name=\"description\" content=\"Die ideale L\u00f6sung f\u00fcr einen unabh\u00e4ngigen Aufenthalt in feiner und komfortabeler Umgebung.\" \/>\n<meta name=\"robots\" content=\"index, follow, max-snippet:-1, max-image-preview:large, max-video-preview:-1\" \/>\n<link rel=\"canonical\" href=\"https:\/\/dulacetduparc.com\/de\/suites-bungalows\/suite-la-villa-s\/romantic-suite\/\" \/>\n<meta property=\"og:locale\" content=\"de_DE\" \/>\n<meta property=\"og:type\" content=\"article\" \/>\n<meta property=\"og:title\" content=\"Du Lac et Du Parc Grand Resort 4***S | Romantic Suite\" \/>\n<meta property=\"og:description\" content=\"Die ideale L\u00f6sung f\u00fcr einen unabh\u00e4ngigen Aufenthalt in feiner und komfortabeler Umgebung.\" \/>\n<meta property=\"og:url\" content=\"https:\/\/dulacetduparc.com\/de\/suites-bungalows\/suite-la-villa-s\/romantic-suite\/\" \/>\n<meta property=\"og:site_name\" content=\"Du Lac et Du Parc Grand Resort\" \/>\n<meta property=\"article:modified_time\" content=\"2024-05-06T09:07:18+00:00\" \/>\n<meta name=\"twitter:card\" content=\"summary_large_image\" \/>\n<meta name=\"twitter:label1\" content=\"Gesch\u00e4tzte Lesezeit\" \/>\n\t<meta name=\"twitter:data1\" content=\"1 Minute\" \/>\n<script type=\"application\/ld+json\" class=\"yoast-schema-graph\">{\"@context\":\"https:\/\/schema.org\",\"@graph\":[{\"@type\":\"WebPage\",\"@id\":\"https:\/\/dulacetduparc.com\/de\/suites-bungalows\/suite-la-villa-s\/romantic-suite\/\",\"url\":\"https:\/\/dulacetduparc.com\/de\/suites-bungalows\/suite-la-villa-s\/romantic-suite\/\",\"name\":\"Du Lac et Du Parc Grand Resort 4***S | Romantic Suite\",\"isPartOf\":{\"@id\":\"https:\/\/dulacetduparc.com\/de\/#website\"},\"datePublished\":\"2021-04-20T15:15:59+00:00\",\"dateModified\":\"2024-05-06T09:07:18+00:00\",\"description\":\"Die ideale L\u00f6sung f\u00fcr einen unabh\u00e4ngigen Aufenthalt in feiner und komfortabeler Umgebung.\",\"breadcrumb\":{\"@id\":\"https:\/\/dulacetduparc.com\/de\/suites-bungalows\/suite-la-villa-s\/romantic-suite\/#breadcrumb\"},\"inLanguage\":\"de-DE\",\"potentialAction\":[{\"@type\":\"ReadAction\",\"target\":[\"https:\/\/dulacetduparc.com\/de\/suites-bungalows\/suite-la-villa-s\/romantic-suite\/\"]}]},{\"@type\":\"BreadcrumbList\",\"@id\":\"https:\/\/dulacetduparc.com\/de\/suites-bungalows\/suite-la-villa-s\/romantic-suite\/#breadcrumb\",\"itemListElement\":[{\"@type\":\"ListItem\",\"position\":1,\"name\":\"Home\",\"item\":\"https:\/\/dulacetduparc.com\/de\/\"},{\"@type\":\"ListItem\",\"position\":2,\"name\":\"Suites &#038; Bungalows\",\"item\":\"https:\/\/dulacetduparc.com\/de\/suites-bungalows\/\"},{\"@type\":\"ListItem\",\"position\":3,\"name\":\"Suite La Villa **** S\",\"item\":\"https:\/\/dulacetduparc.com\/de\/suites-bungalows\/suite-la-villa-s\/\"},{\"@type\":\"ListItem\",\"position\":4,\"name\":\"Romantic Suite\"}]},{\"@type\":\"WebSite\",\"@id\":\"https:\/\/dulacetduparc.com\/de\/#website\",\"url\":\"https:\/\/dulacetduparc.com\/de\/\",\"name\":\"Du Lac et Du Parc Grand Resort\",\"description\":\"Just another ms.decms.eu site\",\"potentialAction\":[{\"@type\":\"SearchAction\",\"target\":{\"@type\":\"EntryPoint\",\"urlTemplate\":\"https:\/\/dulacetduparc.com\/de\/?s={search_term_string}\"},\"query-input\":{\"@type\":\"PropertyValueSpecification\",\"valueRequired\":true,\"valueName\":\"search_term_string\"}}],\"inLanguage\":\"de-DE\"}]}<\/script>\n<!-- \/ Yoast SEO plugin. -->","yoast_head_json":{"title":"Du Lac et Du Parc Grand Resort 4***S | Romantic Suite","description":"Die ideale L\u00f6sung f\u00fcr einen unabh\u00e4ngigen Aufenthalt in feiner und komfortabeler Umgebung.","robots":{"index":"index","follow":"follow","max-snippet":"max-snippet:-1","max-image-preview":"max-image-preview:large","max-video-preview":"max-video-preview:-1"},"canonical":"https:\/\/dulacetduparc.com\/de\/suites-bungalows\/suite-la-villa-s\/romantic-suite\/","og_locale":"de_DE","og_type":"article","og_title":"Du Lac et Du Parc Grand Resort 4***S | Romantic Suite","og_description":"Die ideale L\u00f6sung f\u00fcr einen unabh\u00e4ngigen Aufenthalt in feiner und komfortabeler Umgebung.","og_url":"https:\/\/dulacetduparc.com\/de\/suites-bungalows\/suite-la-villa-s\/romantic-suite\/","og_site_name":"Du Lac et Du Parc Grand Resort","article_modified_time":"2024-05-06T09:07:18+00:00","twitter_card":"summary_large_image","twitter_misc":{"Gesch\u00e4tzte Lesezeit":"1 Minute"},"schema":{"@context":"https:\/\/schema.org","@graph":[{"@type":"WebPage","@id":"https:\/\/dulacetduparc.com\/de\/suites-bungalows\/suite-la-villa-s\/romantic-suite\/","url":"https:\/\/dulacetduparc.com\/de\/suites-bungalows\/suite-la-villa-s\/romantic-suite\/","name":"Du Lac et Du Parc Grand Resort 4***S | Romantic Suite","isPartOf":{"@id":"https:\/\/dulacetduparc.com\/de\/#website"},"datePublished":"2021-04-20T15:15:59+00:00","dateModified":"2024-05-06T09:07:18+00:00","description":"Die ideale L\u00f6sung f\u00fcr einen unabh\u00e4ngigen Aufenthalt in feiner und komfortabeler Umgebung.","breadcrumb":{"@id":"https:\/\/dulacetduparc.com\/de\/suites-bungalows\/suite-la-villa-s\/romantic-suite\/#breadcrumb"},"inLanguage":"de-DE","potentialAction":[{"@type":"ReadAction","target":["https:\/\/dulacetduparc.com\/de\/suites-bungalows\/suite-la-villa-s\/romantic-suite\/"]}]},{"@type":"BreadcrumbList","@id":"https:\/\/dulacetduparc.com\/de\/suites-bungalows\/suite-la-villa-s\/romantic-suite\/#breadcrumb","itemListElement":[{"@type":"ListItem","position":1,"name":"Home","item":"https:\/\/dulacetduparc.com\/de\/"},{"@type":"ListItem","position":2,"name":"Suites &#038; Bungalows","item":"https:\/\/dulacetduparc.com\/de\/suites-bungalows\/"},{"@type":"ListItem","position":3,"name":"Suite La Villa **** S","item":"https:\/\/dulacetduparc.com\/de\/suites-bungalows\/suite-la-villa-s\/"},{"@type":"ListItem","position":4,"name":"Romantic Suite"}]},{"@type":"WebSite","@id":"https:\/\/dulacetduparc.com\/de\/#website","url":"https:\/\/dulacetduparc.com\/de\/","name":"Du Lac et Du Parc Grand Resort","description":"Just another ms.decms.eu site","potentialAction":[{"@type":"SearchAction","target":{"@type":"EntryPoint","urlTemplate":"https:\/\/dulacetduparc.com\/de\/?s={search_term_string}"},"query-input":{"@type":"PropertyValueSpecification","valueRequired":true,"valueName":"search_term_string"}}],"inLanguage":"de-DE"}]}},"acf":[],"_links":{"self":[{"href":"https:\/\/dulacetduparc.com\/de\/wp-json\/wp\/v2\/pages\/275","targetHints":{"allow":["GET"]}}],"collection":[{"href":"https:\/\/dulacetduparc.com\/de\/wp-json\/wp\/v2\/pages"}],"about":[{"href":"https:\/\/dulacetduparc.com\/de\/wp-json\/wp\/v2\/types\/page"}],"author":[{"embeddable":true,"href":"https:\/\/dulacetduparc.com\/de\/wp-json\/wp\/v2\/users\/17"}],"replies":[{"embeddable":true,"href":"https:\/\/dulacetduparc.com\/de\/wp-json\/wp\/v2\/comments?post=275"}],"version-history":[{"count":0,"href":"https:\/\/dulacetduparc.com\/de\/wp-json\/wp\/v2\/pages\/275\/revisions"}],"up":[{"embeddable":true,"href":"https:\/\/dulacetduparc.com\/de\/wp-json\/wp\/v2\/pages\/83"}],"wp:attachment":[{"href":"https:\/\/dulacetduparc.com\/de\/wp-json\/wp\/v2\/media?parent=275"}],"curies":[{"name":"wp","href":"https:\/\/api.w.org\/{rel}","templated":true}]}}