{"id":266,"date":"2021-04-20T15:15:38","date_gmt":"2021-04-20T15:15:38","guid":{"rendered":"https:\/\/dulacetduparc.ms.decms.eu\/suites-bungalow\/suite-la-villa-s\/prestige-suite\/"},"modified":"2024-02-13T13:08:25","modified_gmt":"2024-02-13T13:08:25","slug":"prestige-suite","status":"publish","type":"page","link":"https:\/\/dulacetduparc.com\/de\/suites-bungalows\/suite-la-villa-s\/prestige-suite\/","title":{"rendered":"Prestige Suite"},"content":{"rendered":"<p>Die ideale L\u00f6sung f\u00fcr einen unabh\u00e4ngigen Aufenthalt in feiner und komfortabeler Umgebung.<br \/>\nF\u00fcr Diejenigen gedacht, die das Fr\u00fchst\u00fcck, das Mitttag- oder das Abendessen selbst machen m\u00f6chten, um den Urlaub ohne Raumbegrenzung verbringen zu k\u00f6nnen.<\/p>\n<p>Die Prestige Suiten (40 Qm.) stehen f\u00fcr ultimativen Komfort, bestehend aus einem Schlafzimmer und einem Wohnzimmer mit Schlafcouch (140-160 cm.)<br \/>\nEinige der Suiten sind auf der Mansarde, sie sind alle mit Bad, Wet-bar und alle Suiten haben einen Balkon oder eine Terrasse.<\/p>\n<p>Zur Verf\u00fcgung eine SPA-Tasche, welche Flip-Flops f\u00fcr Ihre Besuche zur ArmoniA Spa &amp; Fitness enth\u00e4lt. Wasserkocher mit einer Auswahl an Kaffee und Tee im Zimmer.Philip Martin&#8217;s Kostenfreie pflegeprodukte.<\/p>\n<p class=\"p1\">Freier Zugang zum Armonia SPA mit Nutzung von Cristallo-Schwimmbad, Fitnessraum, Whirlpool, Sauna und t\u00fcrkischem Bad.<\/p>\n","protected":false},"excerpt":{"rendered":"<p>Die ideale L\u00f6sung f\u00fcr einen unabh\u00e4ngigen Aufenthalt in feiner und komfortabeler Umgebung. F\u00fcr Diejenigen gedacht, die das Fr\u00fchst\u00fcck, das Mitttag- oder das Abendessen selbst machen m\u00f6chten, um den Urlaub ohne Raumbegrenzung verbringen zu k\u00f6nnen. Die Prestige Suiten (40 Qm.) stehen f\u00fcr ultimativen Komfort, bestehend aus einem Schlafzimmer und einem Wohnzimmer mit Schlafcouch (140-160 cm.) Einige [&hellip;]<\/p>\n","protected":false},"author":17,"featured_media":0,"parent":83,"menu_order":32,"comment_status":"closed","ping_status":"closed","template":"template-single-room.php","meta":{"footnotes":""},"class_list":["post-266","page","type-page","status-publish","hentry"],"yoast_head":"<!-- This site is optimized with the Yoast SEO plugin v26.9 - https:\/\/yoast.com\/product\/yoast-seo-wordpress\/ -->\n<title>Du Lac et Du Parc Grand Resort 4***S | Prestige Suite<\/title>\n<meta name=\"description\" content=\"Die ideale L\u00f6sung f\u00fcr einen unabh\u00e4ngigen Aufenthalt in feiner und komfortabeler Umgebung.\" \/>\n<meta name=\"robots\" content=\"index, follow, max-snippet:-1, max-image-preview:large, max-video-preview:-1\" \/>\n<link rel=\"canonical\" href=\"https:\/\/dulacetduparc.com\/de\/suites-bungalows\/suite-la-villa-s\/prestige-suite\/\" \/>\n<meta property=\"og:locale\" content=\"de_DE\" \/>\n<meta property=\"og:type\" content=\"article\" \/>\n<meta property=\"og:title\" content=\"Du Lac et Du Parc Grand Resort 4***S | Prestige Suite\" \/>\n<meta property=\"og:description\" content=\"Die ideale L\u00f6sung f\u00fcr einen unabh\u00e4ngigen Aufenthalt in feiner und komfortabeler Umgebung.\" \/>\n<meta property=\"og:url\" content=\"https:\/\/dulacetduparc.com\/de\/suites-bungalows\/suite-la-villa-s\/prestige-suite\/\" \/>\n<meta property=\"og:site_name\" content=\"Du Lac et Du Parc Grand Resort\" \/>\n<meta property=\"article:modified_time\" content=\"2024-02-13T13:08:25+00:00\" \/>\n<meta name=\"twitter:card\" content=\"summary_large_image\" \/>\n<meta name=\"twitter:label1\" content=\"Gesch\u00e4tzte Lesezeit\" \/>\n\t<meta name=\"twitter:data1\" content=\"1 Minute\" \/>\n<script type=\"application\/ld+json\" class=\"yoast-schema-graph\">{\"@context\":\"https:\/\/schema.org\",\"@graph\":[{\"@type\":\"WebPage\",\"@id\":\"https:\/\/dulacetduparc.com\/de\/suites-bungalows\/suite-la-villa-s\/prestige-suite\/\",\"url\":\"https:\/\/dulacetduparc.com\/de\/suites-bungalows\/suite-la-villa-s\/prestige-suite\/\",\"name\":\"Du Lac et Du Parc Grand Resort 4***S | Prestige Suite\",\"isPartOf\":{\"@id\":\"https:\/\/dulacetduparc.com\/de\/#website\"},\"datePublished\":\"2021-04-20T15:15:38+00:00\",\"dateModified\":\"2024-02-13T13:08:25+00:00\",\"description\":\"Die ideale L\u00f6sung f\u00fcr einen unabh\u00e4ngigen Aufenthalt in feiner und komfortabeler Umgebung.\",\"breadcrumb\":{\"@id\":\"https:\/\/dulacetduparc.com\/de\/suites-bungalows\/suite-la-villa-s\/prestige-suite\/#breadcrumb\"},\"inLanguage\":\"de-DE\",\"potentialAction\":[{\"@type\":\"ReadAction\",\"target\":[\"https:\/\/dulacetduparc.com\/de\/suites-bungalows\/suite-la-villa-s\/prestige-suite\/\"]}]},{\"@type\":\"BreadcrumbList\",\"@id\":\"https:\/\/dulacetduparc.com\/de\/suites-bungalows\/suite-la-villa-s\/prestige-suite\/#breadcrumb\",\"itemListElement\":[{\"@type\":\"ListItem\",\"position\":1,\"name\":\"Home\",\"item\":\"https:\/\/dulacetduparc.com\/de\/\"},{\"@type\":\"ListItem\",\"position\":2,\"name\":\"Suites &#038; Bungalows\",\"item\":\"https:\/\/dulacetduparc.com\/de\/suites-bungalows\/\"},{\"@type\":\"ListItem\",\"position\":3,\"name\":\"Suite La Villa **** S\",\"item\":\"https:\/\/dulacetduparc.com\/de\/suites-bungalows\/suite-la-villa-s\/\"},{\"@type\":\"ListItem\",\"position\":4,\"name\":\"Prestige Suite\"}]},{\"@type\":\"WebSite\",\"@id\":\"https:\/\/dulacetduparc.com\/de\/#website\",\"url\":\"https:\/\/dulacetduparc.com\/de\/\",\"name\":\"Du Lac et Du Parc Grand Resort\",\"description\":\"Just another ms.decms.eu site\",\"potentialAction\":[{\"@type\":\"SearchAction\",\"target\":{\"@type\":\"EntryPoint\",\"urlTemplate\":\"https:\/\/dulacetduparc.com\/de\/?s={search_term_string}\"},\"query-input\":{\"@type\":\"PropertyValueSpecification\",\"valueRequired\":true,\"valueName\":\"search_term_string\"}}],\"inLanguage\":\"de-DE\"}]}<\/script>\n<!-- \/ Yoast SEO plugin. -->","yoast_head_json":{"title":"Du Lac et Du Parc Grand Resort 4***S | Prestige Suite","description":"Die ideale L\u00f6sung f\u00fcr einen unabh\u00e4ngigen Aufenthalt in feiner und komfortabeler Umgebung.","robots":{"index":"index","follow":"follow","max-snippet":"max-snippet:-1","max-image-preview":"max-image-preview:large","max-video-preview":"max-video-preview:-1"},"canonical":"https:\/\/dulacetduparc.com\/de\/suites-bungalows\/suite-la-villa-s\/prestige-suite\/","og_locale":"de_DE","og_type":"article","og_title":"Du Lac et Du Parc Grand Resort 4***S | Prestige Suite","og_description":"Die ideale L\u00f6sung f\u00fcr einen unabh\u00e4ngigen Aufenthalt in feiner und komfortabeler Umgebung.","og_url":"https:\/\/dulacetduparc.com\/de\/suites-bungalows\/suite-la-villa-s\/prestige-suite\/","og_site_name":"Du Lac et Du Parc Grand Resort","article_modified_time":"2024-02-13T13:08:25+00:00","twitter_card":"summary_large_image","twitter_misc":{"Gesch\u00e4tzte Lesezeit":"1 Minute"},"schema":{"@context":"https:\/\/schema.org","@graph":[{"@type":"WebPage","@id":"https:\/\/dulacetduparc.com\/de\/suites-bungalows\/suite-la-villa-s\/prestige-suite\/","url":"https:\/\/dulacetduparc.com\/de\/suites-bungalows\/suite-la-villa-s\/prestige-suite\/","name":"Du Lac et Du Parc Grand Resort 4***S | Prestige Suite","isPartOf":{"@id":"https:\/\/dulacetduparc.com\/de\/#website"},"datePublished":"2021-04-20T15:15:38+00:00","dateModified":"2024-02-13T13:08:25+00:00","description":"Die ideale L\u00f6sung f\u00fcr einen unabh\u00e4ngigen Aufenthalt in feiner und komfortabeler Umgebung.","breadcrumb":{"@id":"https:\/\/dulacetduparc.com\/de\/suites-bungalows\/suite-la-villa-s\/prestige-suite\/#breadcrumb"},"inLanguage":"de-DE","potentialAction":[{"@type":"ReadAction","target":["https:\/\/dulacetduparc.com\/de\/suites-bungalows\/suite-la-villa-s\/prestige-suite\/"]}]},{"@type":"BreadcrumbList","@id":"https:\/\/dulacetduparc.com\/de\/suites-bungalows\/suite-la-villa-s\/prestige-suite\/#breadcrumb","itemListElement":[{"@type":"ListItem","position":1,"name":"Home","item":"https:\/\/dulacetduparc.com\/de\/"},{"@type":"ListItem","position":2,"name":"Suites &#038; Bungalows","item":"https:\/\/dulacetduparc.com\/de\/suites-bungalows\/"},{"@type":"ListItem","position":3,"name":"Suite La Villa **** S","item":"https:\/\/dulacetduparc.com\/de\/suites-bungalows\/suite-la-villa-s\/"},{"@type":"ListItem","position":4,"name":"Prestige Suite"}]},{"@type":"WebSite","@id":"https:\/\/dulacetduparc.com\/de\/#website","url":"https:\/\/dulacetduparc.com\/de\/","name":"Du Lac et Du Parc Grand Resort","description":"Just another ms.decms.eu site","potentialAction":[{"@type":"SearchAction","target":{"@type":"EntryPoint","urlTemplate":"https:\/\/dulacetduparc.com\/de\/?s={search_term_string}"},"query-input":{"@type":"PropertyValueSpecification","valueRequired":true,"valueName":"search_term_string"}}],"inLanguage":"de-DE"}]}},"acf":[],"_links":{"self":[{"href":"https:\/\/dulacetduparc.com\/de\/wp-json\/wp\/v2\/pages\/266","targetHints":{"allow":["GET"]}}],"collection":[{"href":"https:\/\/dulacetduparc.com\/de\/wp-json\/wp\/v2\/pages"}],"about":[{"href":"https:\/\/dulacetduparc.com\/de\/wp-json\/wp\/v2\/types\/page"}],"author":[{"embeddable":true,"href":"https:\/\/dulacetduparc.com\/de\/wp-json\/wp\/v2\/users\/17"}],"replies":[{"embeddable":true,"href":"https:\/\/dulacetduparc.com\/de\/wp-json\/wp\/v2\/comments?post=266"}],"version-history":[{"count":0,"href":"https:\/\/dulacetduparc.com\/de\/wp-json\/wp\/v2\/pages\/266\/revisions"}],"up":[{"embeddable":true,"href":"https:\/\/dulacetduparc.com\/de\/wp-json\/wp\/v2\/pages\/83"}],"wp:attachment":[{"href":"https:\/\/dulacetduparc.com\/de\/wp-json\/wp\/v2\/media?parent=266"}],"curies":[{"name":"wp","href":"https:\/\/api.w.org\/{rel}","templated":true}]}}