{"id":2648,"date":"2024-05-30T08:45:41","date_gmt":"2024-05-30T08:45:41","guid":{"rendered":"https:\/\/dulacetduparc.com\/yoga\/"},"modified":"2026-04-27T07:37:43","modified_gmt":"2026-04-27T07:37:43","slug":"yoga","status":"publish","type":"page","link":"https:\/\/dulacetduparc.com\/de\/yoga\/","title":{"rendered":"Yoga"},"content":{"rendered":"<p>Willkommen bei Du Lac et Du Parc, wo Wellness auf Natur trifft. Wir freuen uns, Ihnen unsere Yogakurse vorzustellen, eine einzigartige Gelegenheit, sich in der wundersch\u00f6nen Umgebung unseres Parks zu entspannen und zu verj\u00fcngen.<\/p>\n<p><strong>H\u00e4ufigkeit der Kurse:<\/strong> Drei Termine pro Woche<br \/>\n<strong>Ort<\/strong>: Umgeben von den Gr\u00fcnanlagen unseres jahrhundertealten Parks<br \/>\n<strong>Zeitplan<\/strong>: Der Unterricht findet immer am Morgen statt, um den Tag mit Energie und Gelassenheit zu beginnen.<\/p>\n<p>Unsere Yogakurse sind sowohl f\u00fcr G\u00e4ste des Resorts als auch f\u00fcr Au\u00dfenstehende zug\u00e4nglich und bieten jedem die M\u00f6glichkeit, Wellness inmitten der Natur zu erleben. Egal, ob Sie Anf\u00e4nger oder erfahrener Praktizierender sind, unsere Kurse sind f\u00fcr alle Niveaus geeignet und werden von qualifizierten Lehrern geleitet.<\/p>\n<p><strong>Preise und Abonnements:<\/strong><\/p>\n<p>Einzelne Lektion: 20\u20ac<br \/>\nAbonnement 10 Lektionen: 180\u20ac (g\u00fcltig bis 15. September)<br \/>\n<strong>Die Lektionen sind f\u00fcr G\u00e4ste des Resorts kostenlos.<\/strong><\/p>\n<p>Reservierungen: Um Ihre Yogastunde zu buchen, kontaktieren Sie uns bitte unter 0464566755 oder senden Sie eine E-Mail an armonia@dulacetduparc.com<\/p>\n<p>&nbsp;<\/p>\n","protected":false},"excerpt":{"rendered":"<p>Willkommen bei Du Lac et Du Parc, wo Wellness auf Natur trifft. Wir freuen uns, Ihnen unsere Yogakurse vorzustellen, eine einzigartige Gelegenheit, sich in der wundersch\u00f6nen Umgebung unseres Parks zu entspannen und zu verj\u00fcngen. H\u00e4ufigkeit der Kurse: Drei Termine pro Woche Ort: Umgeben von den Gr\u00fcnanlagen unseres jahrhundertealten Parks Zeitplan: Der Unterricht findet immer am [&hellip;]<\/p>\n","protected":false},"author":273,"featured_media":0,"parent":0,"menu_order":0,"comment_status":"closed","ping_status":"closed","template":"","meta":{"footnotes":""},"class_list":["post-2648","page","type-page","status-publish","hentry"],"yoast_head":"<!-- This site is optimized with the Yoast SEO plugin v26.9 - https:\/\/yoast.com\/product\/yoast-seo-wordpress\/ -->\n<title>Yoga - Du Lac et Du Parc Grand Resort<\/title>\n<meta name=\"robots\" content=\"index, follow, max-snippet:-1, max-image-preview:large, max-video-preview:-1\" \/>\n<link rel=\"canonical\" href=\"https:\/\/dulacetduparc.com\/de\/yoga\/\" \/>\n<meta property=\"og:locale\" content=\"de_DE\" \/>\n<meta property=\"og:type\" content=\"article\" \/>\n<meta property=\"og:title\" content=\"Yoga - Du Lac et Du Parc Grand Resort\" \/>\n<meta property=\"og:description\" content=\"Willkommen bei Du Lac et Du Parc, wo Wellness auf Natur trifft. Wir freuen uns, Ihnen unsere Yogakurse vorzustellen, eine einzigartige Gelegenheit, sich in der wundersch\u00f6nen Umgebung unseres Parks zu entspannen und zu verj\u00fcngen. H\u00e4ufigkeit der Kurse: Drei Termine pro Woche Ort: Umgeben von den Gr\u00fcnanlagen unseres jahrhundertealten Parks Zeitplan: Der Unterricht findet immer am [&hellip;]\" \/>\n<meta property=\"og:url\" content=\"https:\/\/dulacetduparc.com\/de\/yoga\/\" \/>\n<meta property=\"og:site_name\" content=\"Du Lac et Du Parc Grand Resort\" \/>\n<meta property=\"article:modified_time\" content=\"2026-04-27T07:37:43+00:00\" \/>\n<meta name=\"twitter:card\" content=\"summary_large_image\" \/>\n<meta name=\"twitter:label1\" content=\"Gesch\u00e4tzte Lesezeit\" \/>\n\t<meta name=\"twitter:data1\" content=\"1 Minute\" \/>\n<script type=\"application\/ld+json\" class=\"yoast-schema-graph\">{\"@context\":\"https:\/\/schema.org\",\"@graph\":[{\"@type\":\"WebPage\",\"@id\":\"https:\/\/dulacetduparc.com\/de\/yoga\/\",\"url\":\"https:\/\/dulacetduparc.com\/de\/yoga\/\",\"name\":\"Yoga - Du Lac et Du Parc Grand Resort\",\"isPartOf\":{\"@id\":\"https:\/\/dulacetduparc.com\/de\/#website\"},\"datePublished\":\"2024-05-30T08:45:41+00:00\",\"dateModified\":\"2026-04-27T07:37:43+00:00\",\"breadcrumb\":{\"@id\":\"https:\/\/dulacetduparc.com\/de\/yoga\/#breadcrumb\"},\"inLanguage\":\"de-DE\",\"potentialAction\":[{\"@type\":\"ReadAction\",\"target\":[\"https:\/\/dulacetduparc.com\/de\/yoga\/\"]}]},{\"@type\":\"BreadcrumbList\",\"@id\":\"https:\/\/dulacetduparc.com\/de\/yoga\/#breadcrumb\",\"itemListElement\":[{\"@type\":\"ListItem\",\"position\":1,\"name\":\"Home\",\"item\":\"https:\/\/dulacetduparc.com\/de\/\"},{\"@type\":\"ListItem\",\"position\":2,\"name\":\"Yoga\"}]},{\"@type\":\"WebSite\",\"@id\":\"https:\/\/dulacetduparc.com\/de\/#website\",\"url\":\"https:\/\/dulacetduparc.com\/de\/\",\"name\":\"Du Lac et Du Parc Grand Resort\",\"description\":\"Just another ms.decms.eu site\",\"potentialAction\":[{\"@type\":\"SearchAction\",\"target\":{\"@type\":\"EntryPoint\",\"urlTemplate\":\"https:\/\/dulacetduparc.com\/de\/?s={search_term_string}\"},\"query-input\":{\"@type\":\"PropertyValueSpecification\",\"valueRequired\":true,\"valueName\":\"search_term_string\"}}],\"inLanguage\":\"de-DE\"}]}<\/script>\n<!-- \/ Yoast SEO plugin. -->","yoast_head_json":{"title":"Yoga - Du Lac et Du Parc Grand Resort","robots":{"index":"index","follow":"follow","max-snippet":"max-snippet:-1","max-image-preview":"max-image-preview:large","max-video-preview":"max-video-preview:-1"},"canonical":"https:\/\/dulacetduparc.com\/de\/yoga\/","og_locale":"de_DE","og_type":"article","og_title":"Yoga - Du Lac et Du Parc Grand Resort","og_description":"Willkommen bei Du Lac et Du Parc, wo Wellness auf Natur trifft. Wir freuen uns, Ihnen unsere Yogakurse vorzustellen, eine einzigartige Gelegenheit, sich in der wundersch\u00f6nen Umgebung unseres Parks zu entspannen und zu verj\u00fcngen. H\u00e4ufigkeit der Kurse: Drei Termine pro Woche Ort: Umgeben von den Gr\u00fcnanlagen unseres jahrhundertealten Parks Zeitplan: Der Unterricht findet immer am [&hellip;]","og_url":"https:\/\/dulacetduparc.com\/de\/yoga\/","og_site_name":"Du Lac et Du Parc Grand Resort","article_modified_time":"2026-04-27T07:37:43+00:00","twitter_card":"summary_large_image","twitter_misc":{"Gesch\u00e4tzte Lesezeit":"1 Minute"},"schema":{"@context":"https:\/\/schema.org","@graph":[{"@type":"WebPage","@id":"https:\/\/dulacetduparc.com\/de\/yoga\/","url":"https:\/\/dulacetduparc.com\/de\/yoga\/","name":"Yoga - Du Lac et Du Parc Grand Resort","isPartOf":{"@id":"https:\/\/dulacetduparc.com\/de\/#website"},"datePublished":"2024-05-30T08:45:41+00:00","dateModified":"2026-04-27T07:37:43+00:00","breadcrumb":{"@id":"https:\/\/dulacetduparc.com\/de\/yoga\/#breadcrumb"},"inLanguage":"de-DE","potentialAction":[{"@type":"ReadAction","target":["https:\/\/dulacetduparc.com\/de\/yoga\/"]}]},{"@type":"BreadcrumbList","@id":"https:\/\/dulacetduparc.com\/de\/yoga\/#breadcrumb","itemListElement":[{"@type":"ListItem","position":1,"name":"Home","item":"https:\/\/dulacetduparc.com\/de\/"},{"@type":"ListItem","position":2,"name":"Yoga"}]},{"@type":"WebSite","@id":"https:\/\/dulacetduparc.com\/de\/#website","url":"https:\/\/dulacetduparc.com\/de\/","name":"Du Lac et Du Parc Grand Resort","description":"Just another ms.decms.eu site","potentialAction":[{"@type":"SearchAction","target":{"@type":"EntryPoint","urlTemplate":"https:\/\/dulacetduparc.com\/de\/?s={search_term_string}"},"query-input":{"@type":"PropertyValueSpecification","valueRequired":true,"valueName":"search_term_string"}}],"inLanguage":"de-DE"}]}},"acf":[],"_links":{"self":[{"href":"https:\/\/dulacetduparc.com\/de\/wp-json\/wp\/v2\/pages\/2648","targetHints":{"allow":["GET"]}}],"collection":[{"href":"https:\/\/dulacetduparc.com\/de\/wp-json\/wp\/v2\/pages"}],"about":[{"href":"https:\/\/dulacetduparc.com\/de\/wp-json\/wp\/v2\/types\/page"}],"author":[{"embeddable":true,"href":"https:\/\/dulacetduparc.com\/de\/wp-json\/wp\/v2\/users\/273"}],"replies":[{"embeddable":true,"href":"https:\/\/dulacetduparc.com\/de\/wp-json\/wp\/v2\/comments?post=2648"}],"version-history":[{"count":0,"href":"https:\/\/dulacetduparc.com\/de\/wp-json\/wp\/v2\/pages\/2648\/revisions"}],"wp:attachment":[{"href":"https:\/\/dulacetduparc.com\/de\/wp-json\/wp\/v2\/media?parent=2648"}],"curies":[{"name":"wp","href":"https:\/\/api.w.org\/{rel}","templated":true}]}}