{"id":2578,"date":"2024-04-02T14:43:41","date_gmt":"2024-04-02T14:43:41","guid":{"rendered":"https:\/\/dulacetduparc.com\/suites-bungalows\/suite-murialdo-s\/executive-suite-lake-view\/"},"modified":"2026-03-12T15:01:09","modified_gmt":"2026-03-12T15:01:09","slug":"executive-suite-seeblick","status":"publish","type":"page","link":"https:\/\/dulacetduparc.com\/de\/suites-bungalows\/suite-murialdo-s\/executive-suite-seeblick\/","title":{"rendered":"Executive Suite Seeblick"},"content":{"rendered":"<p>Die ideale L\u00f6sung f\u00fcr einen unabh\u00e4ngigen Aufenthalt in feiner und komfortabeler Umgebung.<br \/>\nF\u00fcr Diejenigen gedacht, die das Fr\u00fchst\u00fcck, das Mitttag- oder das Abendessen selbst machen m\u00f6chten, um den Urlaub ohne Raumbegrenzung verbringen zu k\u00f6nnen.<\/p>\n<p>F\u00fcr Sie eine Flasche Spumante Trento DOC in Ihrem Zimmer.<br \/>\nDie Executive Suite Seeblick ist eine moderne und ruhige Suite von 60 Qm., hat ein gro\u00dfes Schlafzimmer, ein ger\u00e4umiges Wohnzimmer, ein Badezimmer, Wet-bar und ein Zimmer mit 2 Einzelbetten. Sie verf\u00fcgt \u00fcber eine gro\u00dfe Terrasse (40 Qm) mit Jacuzzi und einen atemberaubenden Blick auf den See.<br \/>\nAuswahl an Kopfkissen zur Verf\u00fcgung.Zur Verf\u00fcgung eine SPA-Tasche, welche Flip-Flops f\u00fcr Ihre Besuche zur ArmoniA Spa &amp; Fitness enth\u00e4lt. Wasserkocher mit einer Auswahl an Kaffee und Tee im Zimmer. Philip Martin&#8217;s Kostenfreie pflegeprodukte.<br \/>\nBialetti Kaffeemaschine mit Kapseln (3 Sorten) zur freien Verwendung<\/p>\n<p class=\"p1\">Freier Zugang zum Armonia SPA mit Nutzung von Cristallo-Schwimmbad, Fitnessraum, Whirlpool, Sauna und t\u00fcrkischem Bad.<\/p>\n","protected":false},"excerpt":{"rendered":"<p>Die ideale L\u00f6sung f\u00fcr einen unabh\u00e4ngigen Aufenthalt in feiner und komfortabeler Umgebung. F\u00fcr Diejenigen gedacht, die das Fr\u00fchst\u00fcck, das Mitttag- oder das Abendessen selbst machen m\u00f6chten, um den Urlaub ohne Raumbegrenzung verbringen zu k\u00f6nnen. F\u00fcr Sie eine Flasche Spumante Trento DOC in Ihrem Zimmer. Die Executive Suite Seeblick ist eine moderne und ruhige Suite von [&hellip;]<\/p>\n","protected":false},"author":273,"featured_media":0,"parent":89,"menu_order":44,"comment_status":"closed","ping_status":"closed","template":"template-single-room.php","meta":{"footnotes":""},"class_list":["post-2578","page","type-page","status-publish","hentry"],"yoast_head":"<!-- This site is optimized with the Yoast SEO plugin v26.9 - https:\/\/yoast.com\/product\/yoast-seo-wordpress\/ -->\n<title>Executive Suite Seeblick - Du Lac et Du Parc Grand Resort<\/title>\n<meta name=\"robots\" content=\"index, follow, max-snippet:-1, max-image-preview:large, max-video-preview:-1\" \/>\n<link rel=\"canonical\" href=\"https:\/\/dulacetduparc.com\/de\/suites-bungalows\/suite-murialdo-s\/executive-suite-seeblick\/\" \/>\n<meta property=\"og:locale\" content=\"de_DE\" \/>\n<meta property=\"og:type\" content=\"article\" \/>\n<meta property=\"og:title\" content=\"Executive Suite Seeblick - Du Lac et Du Parc Grand Resort\" \/>\n<meta property=\"og:description\" content=\"Die ideale L\u00f6sung f\u00fcr einen unabh\u00e4ngigen Aufenthalt in feiner und komfortabeler Umgebung. F\u00fcr Diejenigen gedacht, die das Fr\u00fchst\u00fcck, das Mitttag- oder das Abendessen selbst machen m\u00f6chten, um den Urlaub ohne Raumbegrenzung verbringen zu k\u00f6nnen. F\u00fcr Sie eine Flasche Spumante Trento DOC in Ihrem Zimmer. Die Executive Suite Seeblick ist eine moderne und ruhige Suite von [&hellip;]\" \/>\n<meta property=\"og:url\" content=\"https:\/\/dulacetduparc.com\/de\/suites-bungalows\/suite-murialdo-s\/executive-suite-seeblick\/\" \/>\n<meta property=\"og:site_name\" content=\"Du Lac et Du Parc Grand Resort\" \/>\n<meta property=\"article:modified_time\" content=\"2026-03-12T15:01:09+00:00\" \/>\n<meta name=\"twitter:card\" content=\"summary_large_image\" \/>\n<meta name=\"twitter:label1\" content=\"Gesch\u00e4tzte Lesezeit\" \/>\n\t<meta name=\"twitter:data1\" content=\"1 Minute\" \/>\n<script type=\"application\/ld+json\" class=\"yoast-schema-graph\">{\"@context\":\"https:\/\/schema.org\",\"@graph\":[{\"@type\":\"WebPage\",\"@id\":\"https:\/\/dulacetduparc.com\/de\/suites-bungalows\/suite-murialdo-s\/executive-suite-seeblick\/\",\"url\":\"https:\/\/dulacetduparc.com\/de\/suites-bungalows\/suite-murialdo-s\/executive-suite-seeblick\/\",\"name\":\"Executive Suite Seeblick - Du Lac et Du Parc Grand Resort\",\"isPartOf\":{\"@id\":\"https:\/\/dulacetduparc.com\/de\/#website\"},\"datePublished\":\"2024-04-02T14:43:41+00:00\",\"dateModified\":\"2026-03-12T15:01:09+00:00\",\"breadcrumb\":{\"@id\":\"https:\/\/dulacetduparc.com\/de\/suites-bungalows\/suite-murialdo-s\/executive-suite-seeblick\/#breadcrumb\"},\"inLanguage\":\"de-DE\",\"potentialAction\":[{\"@type\":\"ReadAction\",\"target\":[\"https:\/\/dulacetduparc.com\/de\/suites-bungalows\/suite-murialdo-s\/executive-suite-seeblick\/\"]}]},{\"@type\":\"BreadcrumbList\",\"@id\":\"https:\/\/dulacetduparc.com\/de\/suites-bungalows\/suite-murialdo-s\/executive-suite-seeblick\/#breadcrumb\",\"itemListElement\":[{\"@type\":\"ListItem\",\"position\":1,\"name\":\"Home\",\"item\":\"https:\/\/dulacetduparc.com\/de\/\"},{\"@type\":\"ListItem\",\"position\":2,\"name\":\"Suites &#038; Bungalows\",\"item\":\"https:\/\/dulacetduparc.com\/de\/suites-bungalows\/\"},{\"@type\":\"ListItem\",\"position\":3,\"name\":\"Murialdo Suiten ****S\",\"item\":\"https:\/\/dulacetduparc.com\/de\/suites-bungalows\/suite-murialdo-s\/\"},{\"@type\":\"ListItem\",\"position\":4,\"name\":\"Executive Suite Seeblick\"}]},{\"@type\":\"WebSite\",\"@id\":\"https:\/\/dulacetduparc.com\/de\/#website\",\"url\":\"https:\/\/dulacetduparc.com\/de\/\",\"name\":\"Du Lac et Du Parc Grand Resort\",\"description\":\"Just another ms.decms.eu site\",\"potentialAction\":[{\"@type\":\"SearchAction\",\"target\":{\"@type\":\"EntryPoint\",\"urlTemplate\":\"https:\/\/dulacetduparc.com\/de\/?s={search_term_string}\"},\"query-input\":{\"@type\":\"PropertyValueSpecification\",\"valueRequired\":true,\"valueName\":\"search_term_string\"}}],\"inLanguage\":\"de-DE\"}]}<\/script>\n<!-- \/ Yoast SEO plugin. -->","yoast_head_json":{"title":"Executive Suite Seeblick - Du Lac et Du Parc Grand Resort","robots":{"index":"index","follow":"follow","max-snippet":"max-snippet:-1","max-image-preview":"max-image-preview:large","max-video-preview":"max-video-preview:-1"},"canonical":"https:\/\/dulacetduparc.com\/de\/suites-bungalows\/suite-murialdo-s\/executive-suite-seeblick\/","og_locale":"de_DE","og_type":"article","og_title":"Executive Suite Seeblick - Du Lac et Du Parc Grand Resort","og_description":"Die ideale L\u00f6sung f\u00fcr einen unabh\u00e4ngigen Aufenthalt in feiner und komfortabeler Umgebung. F\u00fcr Diejenigen gedacht, die das Fr\u00fchst\u00fcck, das Mitttag- oder das Abendessen selbst machen m\u00f6chten, um den Urlaub ohne Raumbegrenzung verbringen zu k\u00f6nnen. F\u00fcr Sie eine Flasche Spumante Trento DOC in Ihrem Zimmer. Die Executive Suite Seeblick ist eine moderne und ruhige Suite von [&hellip;]","og_url":"https:\/\/dulacetduparc.com\/de\/suites-bungalows\/suite-murialdo-s\/executive-suite-seeblick\/","og_site_name":"Du Lac et Du Parc Grand Resort","article_modified_time":"2026-03-12T15:01:09+00:00","twitter_card":"summary_large_image","twitter_misc":{"Gesch\u00e4tzte Lesezeit":"1 Minute"},"schema":{"@context":"https:\/\/schema.org","@graph":[{"@type":"WebPage","@id":"https:\/\/dulacetduparc.com\/de\/suites-bungalows\/suite-murialdo-s\/executive-suite-seeblick\/","url":"https:\/\/dulacetduparc.com\/de\/suites-bungalows\/suite-murialdo-s\/executive-suite-seeblick\/","name":"Executive Suite Seeblick - Du Lac et Du Parc Grand Resort","isPartOf":{"@id":"https:\/\/dulacetduparc.com\/de\/#website"},"datePublished":"2024-04-02T14:43:41+00:00","dateModified":"2026-03-12T15:01:09+00:00","breadcrumb":{"@id":"https:\/\/dulacetduparc.com\/de\/suites-bungalows\/suite-murialdo-s\/executive-suite-seeblick\/#breadcrumb"},"inLanguage":"de-DE","potentialAction":[{"@type":"ReadAction","target":["https:\/\/dulacetduparc.com\/de\/suites-bungalows\/suite-murialdo-s\/executive-suite-seeblick\/"]}]},{"@type":"BreadcrumbList","@id":"https:\/\/dulacetduparc.com\/de\/suites-bungalows\/suite-murialdo-s\/executive-suite-seeblick\/#breadcrumb","itemListElement":[{"@type":"ListItem","position":1,"name":"Home","item":"https:\/\/dulacetduparc.com\/de\/"},{"@type":"ListItem","position":2,"name":"Suites &#038; Bungalows","item":"https:\/\/dulacetduparc.com\/de\/suites-bungalows\/"},{"@type":"ListItem","position":3,"name":"Murialdo Suiten ****S","item":"https:\/\/dulacetduparc.com\/de\/suites-bungalows\/suite-murialdo-s\/"},{"@type":"ListItem","position":4,"name":"Executive Suite Seeblick"}]},{"@type":"WebSite","@id":"https:\/\/dulacetduparc.com\/de\/#website","url":"https:\/\/dulacetduparc.com\/de\/","name":"Du Lac et Du Parc Grand Resort","description":"Just another ms.decms.eu site","potentialAction":[{"@type":"SearchAction","target":{"@type":"EntryPoint","urlTemplate":"https:\/\/dulacetduparc.com\/de\/?s={search_term_string}"},"query-input":{"@type":"PropertyValueSpecification","valueRequired":true,"valueName":"search_term_string"}}],"inLanguage":"de-DE"}]}},"acf":[],"_links":{"self":[{"href":"https:\/\/dulacetduparc.com\/de\/wp-json\/wp\/v2\/pages\/2578","targetHints":{"allow":["GET"]}}],"collection":[{"href":"https:\/\/dulacetduparc.com\/de\/wp-json\/wp\/v2\/pages"}],"about":[{"href":"https:\/\/dulacetduparc.com\/de\/wp-json\/wp\/v2\/types\/page"}],"author":[{"embeddable":true,"href":"https:\/\/dulacetduparc.com\/de\/wp-json\/wp\/v2\/users\/273"}],"replies":[{"embeddable":true,"href":"https:\/\/dulacetduparc.com\/de\/wp-json\/wp\/v2\/comments?post=2578"}],"version-history":[{"count":0,"href":"https:\/\/dulacetduparc.com\/de\/wp-json\/wp\/v2\/pages\/2578\/revisions"}],"up":[{"embeddable":true,"href":"https:\/\/dulacetduparc.com\/de\/wp-json\/wp\/v2\/pages\/89"}],"wp:attachment":[{"href":"https:\/\/dulacetduparc.com\/de\/wp-json\/wp\/v2\/media?parent=2578"}],"curies":[{"name":"wp","href":"https:\/\/api.w.org\/{rel}","templated":true}]}}