{"id":2500,"date":"2024-02-07T14:16:57","date_gmt":"2024-02-07T14:16:57","guid":{"rendered":"https:\/\/dulacetduparc.com\/?page_id=2500"},"modified":"2026-04-20T15:04:11","modified_gmt":"2026-04-20T15:04:11","slug":"sequoia-room","status":"publish","type":"page","link":"https:\/\/dulacetduparc.com\/de\/suites-bungalows\/hotel-du-lac-s\/sequoia-room\/","title":{"rendered":"Doppelzimmer Sequoia"},"content":{"rendered":"<p class=\"p1\">Ein R\u00fcckzugsort in der Natur, der eine einzigartige Erfahrung der Verbindung mit unserem Park bietet.<\/p>\n<p class=\"p1\">Das Sequoia-Zimmer ist von der Majest\u00e4t der W\u00e4lder inspiriert. Es bietet einen Panoramablick auf den \u00e4ltesten Baum des Resort und damit einen zeitlosen Anblick.<\/p>\n<p class=\"p1\">Die Verwendung von Naturtextilien und Rohstoffen wie Holz und Stein soll eine Synergie zwischen der nat\u00fcrlichen Umgebung und der Inneneinrichtung des Raumes schaffen.<br \/>\nDas 30 Quadratmeter Zimmer besteht aus einem 180&#215;200 gro\u00dfen Doppelbett, einem Bad mit Dusche und einem Balkon. Es besteht die M\u00f6glichkeit, ein drittes Bett hinzuzuf\u00fcgen.<\/p>\n<p class=\"p1\">Im Zimmer finden Sie Telefon, Minibar, 55&#8243;-Fernseher mit Satellitenempfang und SkyTv, WLAN, Safe und Philip Martin&#8217;s Courtesy Line inklusive.<\/p>\n<p class=\"p1\">Freier Zugang zum Armonia SPA mit Nutzung von Cristallo-Schwimmbad, Fitnessraum, Whirlpool, Sauna und t\u00fcrkischem Bad.<\/p>\n","protected":false},"excerpt":{"rendered":"<p>Ein R\u00fcckzugsort in der Natur, der eine einzigartige Erfahrung der Verbindung mit unserem Park bietet. Das Sequoia-Zimmer ist von der Majest\u00e4t der W\u00e4lder inspiriert. Es bietet einen Panoramablick auf den \u00e4ltesten Baum des Resort und damit einen zeitlosen Anblick. Die Verwendung von Naturtextilien und Rohstoffen wie Holz und Stein soll eine Synergie zwischen der nat\u00fcrlichen [&hellip;]<\/p>\n","protected":false},"author":273,"featured_media":0,"parent":73,"menu_order":13,"comment_status":"closed","ping_status":"closed","template":"template-single-room.php","meta":{"footnotes":""},"class_list":["post-2500","page","type-page","status-publish","hentry"],"yoast_head":"<!-- This site is optimized with the Yoast SEO plugin v26.9 - https:\/\/yoast.com\/product\/yoast-seo-wordpress\/ -->\n<title>Doppelzimmer Sequoia - Du Lac et Du Parc Grand Resort<\/title>\n<meta name=\"robots\" content=\"index, follow, max-snippet:-1, max-image-preview:large, max-video-preview:-1\" \/>\n<link rel=\"canonical\" href=\"https:\/\/dulacetduparc.com\/de\/suites-bungalows\/hotel-du-lac-s\/sequoia-room\/\" \/>\n<meta property=\"og:locale\" content=\"de_DE\" \/>\n<meta property=\"og:type\" content=\"article\" \/>\n<meta property=\"og:title\" content=\"Doppelzimmer Sequoia - Du Lac et Du Parc Grand Resort\" \/>\n<meta property=\"og:description\" content=\"Ein R\u00fcckzugsort in der Natur, der eine einzigartige Erfahrung der Verbindung mit unserem Park bietet. Das Sequoia-Zimmer ist von der Majest\u00e4t der W\u00e4lder inspiriert. Es bietet einen Panoramablick auf den \u00e4ltesten Baum des Resort und damit einen zeitlosen Anblick. Die Verwendung von Naturtextilien und Rohstoffen wie Holz und Stein soll eine Synergie zwischen der nat\u00fcrlichen [&hellip;]\" \/>\n<meta property=\"og:url\" content=\"https:\/\/dulacetduparc.com\/de\/suites-bungalows\/hotel-du-lac-s\/sequoia-room\/\" \/>\n<meta property=\"og:site_name\" content=\"Du Lac et Du Parc Grand Resort\" \/>\n<meta property=\"article:modified_time\" content=\"2026-04-20T15:04:11+00:00\" \/>\n<meta name=\"twitter:card\" content=\"summary_large_image\" \/>\n<meta name=\"twitter:label1\" content=\"Gesch\u00e4tzte Lesezeit\" \/>\n\t<meta name=\"twitter:data1\" content=\"1 Minute\" \/>\n<script type=\"application\/ld+json\" class=\"yoast-schema-graph\">{\"@context\":\"https:\/\/schema.org\",\"@graph\":[{\"@type\":\"WebPage\",\"@id\":\"https:\/\/dulacetduparc.com\/de\/suites-bungalows\/hotel-du-lac-s\/sequoia-room\/\",\"url\":\"https:\/\/dulacetduparc.com\/de\/suites-bungalows\/hotel-du-lac-s\/sequoia-room\/\",\"name\":\"Doppelzimmer Sequoia - Du Lac et Du Parc Grand Resort\",\"isPartOf\":{\"@id\":\"https:\/\/dulacetduparc.com\/de\/#website\"},\"datePublished\":\"2024-02-07T14:16:57+00:00\",\"dateModified\":\"2026-04-20T15:04:11+00:00\",\"breadcrumb\":{\"@id\":\"https:\/\/dulacetduparc.com\/de\/suites-bungalows\/hotel-du-lac-s\/sequoia-room\/#breadcrumb\"},\"inLanguage\":\"de-DE\",\"potentialAction\":[{\"@type\":\"ReadAction\",\"target\":[\"https:\/\/dulacetduparc.com\/de\/suites-bungalows\/hotel-du-lac-s\/sequoia-room\/\"]}]},{\"@type\":\"BreadcrumbList\",\"@id\":\"https:\/\/dulacetduparc.com\/de\/suites-bungalows\/hotel-du-lac-s\/sequoia-room\/#breadcrumb\",\"itemListElement\":[{\"@type\":\"ListItem\",\"position\":1,\"name\":\"Home\",\"item\":\"https:\/\/dulacetduparc.com\/de\/\"},{\"@type\":\"ListItem\",\"position\":2,\"name\":\"Suites &#038; Bungalows\",\"item\":\"https:\/\/dulacetduparc.com\/de\/suites-bungalows\/\"},{\"@type\":\"ListItem\",\"position\":3,\"name\":\"Hotel Du Lac **** S\",\"item\":\"https:\/\/dulacetduparc.com\/de\/suites-bungalows\/hotel-du-lac-s\/\"},{\"@type\":\"ListItem\",\"position\":4,\"name\":\"Doppelzimmer Sequoia\"}]},{\"@type\":\"WebSite\",\"@id\":\"https:\/\/dulacetduparc.com\/de\/#website\",\"url\":\"https:\/\/dulacetduparc.com\/de\/\",\"name\":\"Du Lac et Du Parc Grand Resort\",\"description\":\"Just another ms.decms.eu site\",\"potentialAction\":[{\"@type\":\"SearchAction\",\"target\":{\"@type\":\"EntryPoint\",\"urlTemplate\":\"https:\/\/dulacetduparc.com\/de\/?s={search_term_string}\"},\"query-input\":{\"@type\":\"PropertyValueSpecification\",\"valueRequired\":true,\"valueName\":\"search_term_string\"}}],\"inLanguage\":\"de-DE\"}]}<\/script>\n<!-- \/ Yoast SEO plugin. -->","yoast_head_json":{"title":"Doppelzimmer Sequoia - Du Lac et Du Parc Grand Resort","robots":{"index":"index","follow":"follow","max-snippet":"max-snippet:-1","max-image-preview":"max-image-preview:large","max-video-preview":"max-video-preview:-1"},"canonical":"https:\/\/dulacetduparc.com\/de\/suites-bungalows\/hotel-du-lac-s\/sequoia-room\/","og_locale":"de_DE","og_type":"article","og_title":"Doppelzimmer Sequoia - Du Lac et Du Parc Grand Resort","og_description":"Ein R\u00fcckzugsort in der Natur, der eine einzigartige Erfahrung der Verbindung mit unserem Park bietet. Das Sequoia-Zimmer ist von der Majest\u00e4t der W\u00e4lder inspiriert. Es bietet einen Panoramablick auf den \u00e4ltesten Baum des Resort und damit einen zeitlosen Anblick. Die Verwendung von Naturtextilien und Rohstoffen wie Holz und Stein soll eine Synergie zwischen der nat\u00fcrlichen [&hellip;]","og_url":"https:\/\/dulacetduparc.com\/de\/suites-bungalows\/hotel-du-lac-s\/sequoia-room\/","og_site_name":"Du Lac et Du Parc Grand Resort","article_modified_time":"2026-04-20T15:04:11+00:00","twitter_card":"summary_large_image","twitter_misc":{"Gesch\u00e4tzte Lesezeit":"1 Minute"},"schema":{"@context":"https:\/\/schema.org","@graph":[{"@type":"WebPage","@id":"https:\/\/dulacetduparc.com\/de\/suites-bungalows\/hotel-du-lac-s\/sequoia-room\/","url":"https:\/\/dulacetduparc.com\/de\/suites-bungalows\/hotel-du-lac-s\/sequoia-room\/","name":"Doppelzimmer Sequoia - Du Lac et Du Parc Grand Resort","isPartOf":{"@id":"https:\/\/dulacetduparc.com\/de\/#website"},"datePublished":"2024-02-07T14:16:57+00:00","dateModified":"2026-04-20T15:04:11+00:00","breadcrumb":{"@id":"https:\/\/dulacetduparc.com\/de\/suites-bungalows\/hotel-du-lac-s\/sequoia-room\/#breadcrumb"},"inLanguage":"de-DE","potentialAction":[{"@type":"ReadAction","target":["https:\/\/dulacetduparc.com\/de\/suites-bungalows\/hotel-du-lac-s\/sequoia-room\/"]}]},{"@type":"BreadcrumbList","@id":"https:\/\/dulacetduparc.com\/de\/suites-bungalows\/hotel-du-lac-s\/sequoia-room\/#breadcrumb","itemListElement":[{"@type":"ListItem","position":1,"name":"Home","item":"https:\/\/dulacetduparc.com\/de\/"},{"@type":"ListItem","position":2,"name":"Suites &#038; Bungalows","item":"https:\/\/dulacetduparc.com\/de\/suites-bungalows\/"},{"@type":"ListItem","position":3,"name":"Hotel Du Lac **** S","item":"https:\/\/dulacetduparc.com\/de\/suites-bungalows\/hotel-du-lac-s\/"},{"@type":"ListItem","position":4,"name":"Doppelzimmer Sequoia"}]},{"@type":"WebSite","@id":"https:\/\/dulacetduparc.com\/de\/#website","url":"https:\/\/dulacetduparc.com\/de\/","name":"Du Lac et Du Parc Grand Resort","description":"Just another ms.decms.eu site","potentialAction":[{"@type":"SearchAction","target":{"@type":"EntryPoint","urlTemplate":"https:\/\/dulacetduparc.com\/de\/?s={search_term_string}"},"query-input":{"@type":"PropertyValueSpecification","valueRequired":true,"valueName":"search_term_string"}}],"inLanguage":"de-DE"}]}},"acf":[],"_links":{"self":[{"href":"https:\/\/dulacetduparc.com\/de\/wp-json\/wp\/v2\/pages\/2500","targetHints":{"allow":["GET"]}}],"collection":[{"href":"https:\/\/dulacetduparc.com\/de\/wp-json\/wp\/v2\/pages"}],"about":[{"href":"https:\/\/dulacetduparc.com\/de\/wp-json\/wp\/v2\/types\/page"}],"author":[{"embeddable":true,"href":"https:\/\/dulacetduparc.com\/de\/wp-json\/wp\/v2\/users\/273"}],"replies":[{"embeddable":true,"href":"https:\/\/dulacetduparc.com\/de\/wp-json\/wp\/v2\/comments?post=2500"}],"version-history":[{"count":0,"href":"https:\/\/dulacetduparc.com\/de\/wp-json\/wp\/v2\/pages\/2500\/revisions"}],"up":[{"embeddable":true,"href":"https:\/\/dulacetduparc.com\/de\/wp-json\/wp\/v2\/pages\/73"}],"wp:attachment":[{"href":"https:\/\/dulacetduparc.com\/de\/wp-json\/wp\/v2\/media?parent=2500"}],"curies":[{"name":"wp","href":"https:\/\/api.w.org\/{rel}","templated":true}]}}