{"id":239,"date":"2021-04-20T15:13:50","date_gmt":"2021-04-20T15:13:50","guid":{"rendered":"https:\/\/dulacetduparc.ms.decms.eu\/suites-bungalow\/bungalows\/bungalow-superior-quadrilocale\/"},"modified":"2026-03-10T14:49:13","modified_gmt":"2026-03-10T14:49:13","slug":"vierzimmer-bungalow","status":"publish","type":"page","link":"https:\/\/dulacetduparc.com\/de\/suites-bungalows\/bungalows\/vierzimmer-bungalow\/","title":{"rendered":"Vierzimmer-Bungalow"},"content":{"rendered":"<p>Die perfekte L\u00f6sung f\u00fcr einen unabh\u00e4ngigen Aufenthalt, wo Natur, Privatsph\u00e4re, Freiheit und Gr\u00fcnfl\u00e4che beitreten. Ein Urlaub in engem Kontakt mit der Natur, weg von \u00fcberf\u00fcllten Orten.<\/p>\n<p>Ideal f\u00fcr gro\u00dfe Gruppen bietet dieser ger\u00e4umiger Bungalow eine gr\u00fcne und ruhige Umgebung auf der \u00f6stlichen Seite unseres Resorts. Dieser Bungalow besteht aus einem gro\u00dfen Wohnraum mit Doppelschlafcouch und drei Zwei-Bett-Zimmern. Eine ausgestattete K\u00fcchenzeile, zwei Badezimmer und eine Terrasse runden das Bild f\u00fcr einen perfekten Familien- oder Gruppenurlaub am Ufer des Gardasees ab.<\/p>\n<p class=\"p1\">Freier Zugang zum Armonia SPA mit Nutzung von Cristallo-Schwimmbad, Fitnessraum, Whirlpool, Sauna und t\u00fcrkischem Bad.<\/p>\n","protected":false},"excerpt":{"rendered":"<p>Die perfekte L\u00f6sung f\u00fcr einen unabh\u00e4ngigen Aufenthalt, wo Natur, Privatsph\u00e4re, Freiheit und Gr\u00fcnfl\u00e4che beitreten. Ein Urlaub in engem Kontakt mit der Natur, weg von \u00fcberf\u00fcllten Orten. Ideal f\u00fcr gro\u00dfe Gruppen bietet dieser ger\u00e4umiger Bungalow eine gr\u00fcne und ruhige Umgebung auf der \u00f6stlichen Seite unseres Resorts. Dieser Bungalow besteht aus einem gro\u00dfen Wohnraum mit Doppelschlafcouch und [&hellip;]<\/p>\n","protected":false},"author":17,"featured_media":0,"parent":78,"menu_order":25,"comment_status":"closed","ping_status":"closed","template":"template-single-room.php","meta":{"footnotes":""},"class_list":["post-239","page","type-page","status-publish","hentry"],"yoast_head":"<!-- This site is optimized with the Yoast SEO plugin v26.9 - https:\/\/yoast.com\/product\/yoast-seo-wordpress\/ -->\n<title>Du Lac et Du Parc Grand Resort 4***S | Vierzimmer-Bungalow<\/title>\n<meta name=\"description\" content=\"Die perfekte L\u00f6sung f\u00fcr einen unabh\u00e4ngigen Aufenthalt, wo Natur, Privatsph\u00e4re, Freiheit und Gr\u00fcnfl\u00e4che beitreten.\" \/>\n<meta name=\"robots\" content=\"index, follow, max-snippet:-1, max-image-preview:large, max-video-preview:-1\" \/>\n<link rel=\"canonical\" href=\"https:\/\/dulacetduparc.com\/de\/suites-bungalows\/bungalows\/vierzimmer-bungalow\/\" \/>\n<meta property=\"og:locale\" content=\"de_DE\" \/>\n<meta property=\"og:type\" content=\"article\" \/>\n<meta property=\"og:title\" content=\"Du Lac et Du Parc Grand Resort 4***S | Vierzimmer-Bungalow\" \/>\n<meta property=\"og:description\" content=\"Die perfekte L\u00f6sung f\u00fcr einen unabh\u00e4ngigen Aufenthalt, wo Natur, Privatsph\u00e4re, Freiheit und Gr\u00fcnfl\u00e4che beitreten.\" \/>\n<meta property=\"og:url\" content=\"https:\/\/dulacetduparc.com\/de\/suites-bungalows\/bungalows\/vierzimmer-bungalow\/\" \/>\n<meta property=\"og:site_name\" content=\"Du Lac et Du Parc Grand Resort\" \/>\n<meta property=\"article:modified_time\" content=\"2026-03-10T14:49:13+00:00\" \/>\n<meta name=\"twitter:card\" content=\"summary_large_image\" \/>\n<meta name=\"twitter:label1\" content=\"Gesch\u00e4tzte Lesezeit\" \/>\n\t<meta name=\"twitter:data1\" content=\"1 Minute\" \/>\n<script type=\"application\/ld+json\" class=\"yoast-schema-graph\">{\"@context\":\"https:\/\/schema.org\",\"@graph\":[{\"@type\":\"WebPage\",\"@id\":\"https:\/\/dulacetduparc.com\/de\/suites-bungalows\/bungalows\/vierzimmer-bungalow\/\",\"url\":\"https:\/\/dulacetduparc.com\/de\/suites-bungalows\/bungalows\/vierzimmer-bungalow\/\",\"name\":\"Du Lac et Du Parc Grand Resort 4***S | Vierzimmer-Bungalow\",\"isPartOf\":{\"@id\":\"https:\/\/dulacetduparc.com\/de\/#website\"},\"datePublished\":\"2021-04-20T15:13:50+00:00\",\"dateModified\":\"2026-03-10T14:49:13+00:00\",\"description\":\"Die perfekte L\u00f6sung f\u00fcr einen unabh\u00e4ngigen Aufenthalt, wo Natur, Privatsph\u00e4re, Freiheit und Gr\u00fcnfl\u00e4che beitreten.\",\"breadcrumb\":{\"@id\":\"https:\/\/dulacetduparc.com\/de\/suites-bungalows\/bungalows\/vierzimmer-bungalow\/#breadcrumb\"},\"inLanguage\":\"de-DE\",\"potentialAction\":[{\"@type\":\"ReadAction\",\"target\":[\"https:\/\/dulacetduparc.com\/de\/suites-bungalows\/bungalows\/vierzimmer-bungalow\/\"]}]},{\"@type\":\"BreadcrumbList\",\"@id\":\"https:\/\/dulacetduparc.com\/de\/suites-bungalows\/bungalows\/vierzimmer-bungalow\/#breadcrumb\",\"itemListElement\":[{\"@type\":\"ListItem\",\"position\":1,\"name\":\"Home\",\"item\":\"https:\/\/dulacetduparc.com\/de\/\"},{\"@type\":\"ListItem\",\"position\":2,\"name\":\"Suites &#038; Bungalows\",\"item\":\"https:\/\/dulacetduparc.com\/de\/suites-bungalows\/\"},{\"@type\":\"ListItem\",\"position\":3,\"name\":\"Bungalows\",\"item\":\"https:\/\/dulacetduparc.com\/de\/suites-bungalows\/bungalows\/\"},{\"@type\":\"ListItem\",\"position\":4,\"name\":\"Vierzimmer-Bungalow\"}]},{\"@type\":\"WebSite\",\"@id\":\"https:\/\/dulacetduparc.com\/de\/#website\",\"url\":\"https:\/\/dulacetduparc.com\/de\/\",\"name\":\"Du Lac et Du Parc Grand Resort\",\"description\":\"Just another ms.decms.eu site\",\"potentialAction\":[{\"@type\":\"SearchAction\",\"target\":{\"@type\":\"EntryPoint\",\"urlTemplate\":\"https:\/\/dulacetduparc.com\/de\/?s={search_term_string}\"},\"query-input\":{\"@type\":\"PropertyValueSpecification\",\"valueRequired\":true,\"valueName\":\"search_term_string\"}}],\"inLanguage\":\"de-DE\"}]}<\/script>\n<!-- \/ Yoast SEO plugin. -->","yoast_head_json":{"title":"Du Lac et Du Parc Grand Resort 4***S | Vierzimmer-Bungalow","description":"Die perfekte L\u00f6sung f\u00fcr einen unabh\u00e4ngigen Aufenthalt, wo Natur, Privatsph\u00e4re, Freiheit und Gr\u00fcnfl\u00e4che beitreten.","robots":{"index":"index","follow":"follow","max-snippet":"max-snippet:-1","max-image-preview":"max-image-preview:large","max-video-preview":"max-video-preview:-1"},"canonical":"https:\/\/dulacetduparc.com\/de\/suites-bungalows\/bungalows\/vierzimmer-bungalow\/","og_locale":"de_DE","og_type":"article","og_title":"Du Lac et Du Parc Grand Resort 4***S | Vierzimmer-Bungalow","og_description":"Die perfekte L\u00f6sung f\u00fcr einen unabh\u00e4ngigen Aufenthalt, wo Natur, Privatsph\u00e4re, Freiheit und Gr\u00fcnfl\u00e4che beitreten.","og_url":"https:\/\/dulacetduparc.com\/de\/suites-bungalows\/bungalows\/vierzimmer-bungalow\/","og_site_name":"Du Lac et Du Parc Grand Resort","article_modified_time":"2026-03-10T14:49:13+00:00","twitter_card":"summary_large_image","twitter_misc":{"Gesch\u00e4tzte Lesezeit":"1 Minute"},"schema":{"@context":"https:\/\/schema.org","@graph":[{"@type":"WebPage","@id":"https:\/\/dulacetduparc.com\/de\/suites-bungalows\/bungalows\/vierzimmer-bungalow\/","url":"https:\/\/dulacetduparc.com\/de\/suites-bungalows\/bungalows\/vierzimmer-bungalow\/","name":"Du Lac et Du Parc Grand Resort 4***S | Vierzimmer-Bungalow","isPartOf":{"@id":"https:\/\/dulacetduparc.com\/de\/#website"},"datePublished":"2021-04-20T15:13:50+00:00","dateModified":"2026-03-10T14:49:13+00:00","description":"Die perfekte L\u00f6sung f\u00fcr einen unabh\u00e4ngigen Aufenthalt, wo Natur, Privatsph\u00e4re, Freiheit und Gr\u00fcnfl\u00e4che beitreten.","breadcrumb":{"@id":"https:\/\/dulacetduparc.com\/de\/suites-bungalows\/bungalows\/vierzimmer-bungalow\/#breadcrumb"},"inLanguage":"de-DE","potentialAction":[{"@type":"ReadAction","target":["https:\/\/dulacetduparc.com\/de\/suites-bungalows\/bungalows\/vierzimmer-bungalow\/"]}]},{"@type":"BreadcrumbList","@id":"https:\/\/dulacetduparc.com\/de\/suites-bungalows\/bungalows\/vierzimmer-bungalow\/#breadcrumb","itemListElement":[{"@type":"ListItem","position":1,"name":"Home","item":"https:\/\/dulacetduparc.com\/de\/"},{"@type":"ListItem","position":2,"name":"Suites &#038; Bungalows","item":"https:\/\/dulacetduparc.com\/de\/suites-bungalows\/"},{"@type":"ListItem","position":3,"name":"Bungalows","item":"https:\/\/dulacetduparc.com\/de\/suites-bungalows\/bungalows\/"},{"@type":"ListItem","position":4,"name":"Vierzimmer-Bungalow"}]},{"@type":"WebSite","@id":"https:\/\/dulacetduparc.com\/de\/#website","url":"https:\/\/dulacetduparc.com\/de\/","name":"Du Lac et Du Parc Grand Resort","description":"Just another ms.decms.eu site","potentialAction":[{"@type":"SearchAction","target":{"@type":"EntryPoint","urlTemplate":"https:\/\/dulacetduparc.com\/de\/?s={search_term_string}"},"query-input":{"@type":"PropertyValueSpecification","valueRequired":true,"valueName":"search_term_string"}}],"inLanguage":"de-DE"}]}},"acf":[],"_links":{"self":[{"href":"https:\/\/dulacetduparc.com\/de\/wp-json\/wp\/v2\/pages\/239","targetHints":{"allow":["GET"]}}],"collection":[{"href":"https:\/\/dulacetduparc.com\/de\/wp-json\/wp\/v2\/pages"}],"about":[{"href":"https:\/\/dulacetduparc.com\/de\/wp-json\/wp\/v2\/types\/page"}],"author":[{"embeddable":true,"href":"https:\/\/dulacetduparc.com\/de\/wp-json\/wp\/v2\/users\/17"}],"replies":[{"embeddable":true,"href":"https:\/\/dulacetduparc.com\/de\/wp-json\/wp\/v2\/comments?post=239"}],"version-history":[{"count":0,"href":"https:\/\/dulacetduparc.com\/de\/wp-json\/wp\/v2\/pages\/239\/revisions"}],"up":[{"embeddable":true,"href":"https:\/\/dulacetduparc.com\/de\/wp-json\/wp\/v2\/pages\/78"}],"wp:attachment":[{"href":"https:\/\/dulacetduparc.com\/de\/wp-json\/wp\/v2\/media?parent=239"}],"curies":[{"name":"wp","href":"https:\/\/api.w.org\/{rel}","templated":true}]}}