{"id":196,"date":"2021-04-20T15:10:11","date_gmt":"2021-04-20T15:10:11","guid":{"rendered":"https:\/\/dulacetduparc.ms.decms.eu\/suites-bungalow\/hotel-du-lac-s\/suite-parc\/"},"modified":"2024-09-12T08:50:58","modified_gmt":"2024-09-12T08:50:58","slug":"parc-suite","status":"publish","type":"page","link":"https:\/\/dulacetduparc.com\/de\/suites-bungalows\/hotel-du-lac-s\/parc-suite\/","title":{"rendered":"Suite Parc"},"content":{"rendered":"<p>Diese ger\u00e4umigen und eleganten Suiten in S\u00fcdlage mit Blick auf unseren wundersch\u00f6nen Park befinden sich im Hauptgeb\u00e4ude. Sie bestehen aus einem Schlafzimmer mit Doppelbett, einem separaten Wohnzimmer mit Schlafsofa, einem Balkon und einem modernen Bad.<\/p>\n<p>Die Einrichtung ist elegant und f\u00fcgt sich perfekt in die atemberaubende Naturlandschaft ein.<\/p>\n<p class=\"p1\">Freier Zugang zum Armonia SPA mit Nutzung von Cristallo-Schwimmbad, Fitnessraum, Whirlpool, Sauna und t\u00fcrkischem Bad.<\/p>\n","protected":false},"excerpt":{"rendered":"<p>Diese ger\u00e4umigen und eleganten Suiten in S\u00fcdlage mit Blick auf unseren wundersch\u00f6nen Park befinden sich im Hauptgeb\u00e4ude. Sie bestehen aus einem Schlafzimmer mit Doppelbett, einem separaten Wohnzimmer mit Schlafsofa, einem Balkon und einem modernen Bad. Die Einrichtung ist elegant und f\u00fcgt sich perfekt in die atemberaubende Naturlandschaft ein. Freier Zugang zum Armonia SPA mit Nutzung [&hellip;]<\/p>\n","protected":false},"author":17,"featured_media":1246,"parent":73,"menu_order":17,"comment_status":"closed","ping_status":"closed","template":"template-single-room.php","meta":{"footnotes":""},"class_list":["post-196","page","type-page","status-publish","has-post-thumbnail","hentry"],"yoast_head":"<!-- This site is optimized with the Yoast SEO plugin v26.9 - https:\/\/yoast.com\/product\/yoast-seo-wordpress\/ -->\n<title>Du Lac et Du Parc Grand Resort 4***S | Parc-Suite<\/title>\n<meta name=\"description\" content=\"Diese ger\u00e4umigen und eleganten Suiten in S\u00fcdlage mit Blick auf unseren wundersch\u00f6nen Park befinden sich im Hauptgeb\u00e4ude.\" \/>\n<meta name=\"robots\" content=\"index, follow, max-snippet:-1, max-image-preview:large, max-video-preview:-1\" \/>\n<link rel=\"canonical\" href=\"https:\/\/dulacetduparc.com\/de\/suites-bungalows\/hotel-du-lac-s\/parc-suite\/\" \/>\n<meta property=\"og:locale\" content=\"de_DE\" \/>\n<meta property=\"og:type\" content=\"article\" \/>\n<meta property=\"og:title\" content=\"Du Lac et Du Parc Grand Resort 4***S | Parc-Suite\" \/>\n<meta property=\"og:description\" content=\"Diese ger\u00e4umigen und eleganten Suiten in S\u00fcdlage mit Blick auf unseren wundersch\u00f6nen Park befinden sich im Hauptgeb\u00e4ude.\" \/>\n<meta property=\"og:url\" content=\"https:\/\/dulacetduparc.com\/de\/suites-bungalows\/hotel-du-lac-s\/parc-suite\/\" \/>\n<meta property=\"og:site_name\" content=\"Du Lac et Du Parc Grand Resort\" \/>\n<meta property=\"article:modified_time\" content=\"2024-09-12T08:50:58+00:00\" \/>\n<meta property=\"og:image\" content=\"https:\/\/dulacetduparc.com\/wp-content\/uploads\/sites\/292\/2022\/02\/DSC_9471-scaled.jpg\" \/>\n\t<meta property=\"og:image:width\" content=\"2560\" \/>\n\t<meta property=\"og:image:height\" content=\"1708\" \/>\n\t<meta property=\"og:image:type\" content=\"image\/jpeg\" \/>\n<meta name=\"twitter:card\" content=\"summary_large_image\" \/>\n<meta name=\"twitter:label1\" content=\"Gesch\u00e4tzte Lesezeit\" \/>\n\t<meta name=\"twitter:data1\" content=\"1 Minute\" \/>\n<script type=\"application\/ld+json\" class=\"yoast-schema-graph\">{\"@context\":\"https:\/\/schema.org\",\"@graph\":[{\"@type\":\"WebPage\",\"@id\":\"https:\/\/dulacetduparc.com\/de\/suites-bungalows\/hotel-du-lac-s\/parc-suite\/\",\"url\":\"https:\/\/dulacetduparc.com\/de\/suites-bungalows\/hotel-du-lac-s\/parc-suite\/\",\"name\":\"Du Lac et Du Parc Grand Resort 4***S | Parc-Suite\",\"isPartOf\":{\"@id\":\"https:\/\/dulacetduparc.com\/de\/#website\"},\"primaryImageOfPage\":{\"@id\":\"https:\/\/dulacetduparc.com\/de\/suites-bungalows\/hotel-du-lac-s\/parc-suite\/#primaryimage\"},\"image\":{\"@id\":\"https:\/\/dulacetduparc.com\/de\/suites-bungalows\/hotel-du-lac-s\/parc-suite\/#primaryimage\"},\"thumbnailUrl\":\"https:\/\/dulacetduparc.com\/wp-content\/uploads\/sites\/292\/2022\/02\/DSC_9471-scaled.jpg\",\"datePublished\":\"2021-04-20T15:10:11+00:00\",\"dateModified\":\"2024-09-12T08:50:58+00:00\",\"description\":\"Diese ger\u00e4umigen und eleganten Suiten in S\u00fcdlage mit Blick auf unseren wundersch\u00f6nen Park befinden sich im Hauptgeb\u00e4ude.\",\"breadcrumb\":{\"@id\":\"https:\/\/dulacetduparc.com\/de\/suites-bungalows\/hotel-du-lac-s\/parc-suite\/#breadcrumb\"},\"inLanguage\":\"de-DE\",\"potentialAction\":[{\"@type\":\"ReadAction\",\"target\":[\"https:\/\/dulacetduparc.com\/de\/suites-bungalows\/hotel-du-lac-s\/parc-suite\/\"]}]},{\"@type\":\"ImageObject\",\"inLanguage\":\"de-DE\",\"@id\":\"https:\/\/dulacetduparc.com\/de\/suites-bungalows\/hotel-du-lac-s\/parc-suite\/#primaryimage\",\"url\":\"https:\/\/dulacetduparc.com\/wp-content\/uploads\/sites\/292\/2022\/02\/DSC_9471-scaled.jpg\",\"contentUrl\":\"https:\/\/dulacetduparc.com\/wp-content\/uploads\/sites\/292\/2022\/02\/DSC_9471-scaled.jpg\",\"width\":2560,\"height\":1708},{\"@type\":\"BreadcrumbList\",\"@id\":\"https:\/\/dulacetduparc.com\/de\/suites-bungalows\/hotel-du-lac-s\/parc-suite\/#breadcrumb\",\"itemListElement\":[{\"@type\":\"ListItem\",\"position\":1,\"name\":\"Home\",\"item\":\"https:\/\/dulacetduparc.com\/de\/\"},{\"@type\":\"ListItem\",\"position\":2,\"name\":\"Suites &#038; Bungalows\",\"item\":\"https:\/\/dulacetduparc.com\/de\/suites-bungalows\/\"},{\"@type\":\"ListItem\",\"position\":3,\"name\":\"Hotel Du Lac **** S\",\"item\":\"https:\/\/dulacetduparc.com\/de\/suites-bungalows\/hotel-du-lac-s\/\"},{\"@type\":\"ListItem\",\"position\":4,\"name\":\"Suite Parc\"}]},{\"@type\":\"WebSite\",\"@id\":\"https:\/\/dulacetduparc.com\/de\/#website\",\"url\":\"https:\/\/dulacetduparc.com\/de\/\",\"name\":\"Du Lac et Du Parc Grand Resort\",\"description\":\"Just another ms.decms.eu site\",\"potentialAction\":[{\"@type\":\"SearchAction\",\"target\":{\"@type\":\"EntryPoint\",\"urlTemplate\":\"https:\/\/dulacetduparc.com\/de\/?s={search_term_string}\"},\"query-input\":{\"@type\":\"PropertyValueSpecification\",\"valueRequired\":true,\"valueName\":\"search_term_string\"}}],\"inLanguage\":\"de-DE\"}]}<\/script>\n<!-- \/ Yoast SEO plugin. -->","yoast_head_json":{"title":"Du Lac et Du Parc Grand Resort 4***S | Parc-Suite","description":"Diese ger\u00e4umigen und eleganten Suiten in S\u00fcdlage mit Blick auf unseren wundersch\u00f6nen Park befinden sich im Hauptgeb\u00e4ude.","robots":{"index":"index","follow":"follow","max-snippet":"max-snippet:-1","max-image-preview":"max-image-preview:large","max-video-preview":"max-video-preview:-1"},"canonical":"https:\/\/dulacetduparc.com\/de\/suites-bungalows\/hotel-du-lac-s\/parc-suite\/","og_locale":"de_DE","og_type":"article","og_title":"Du Lac et Du Parc Grand Resort 4***S | Parc-Suite","og_description":"Diese ger\u00e4umigen und eleganten Suiten in S\u00fcdlage mit Blick auf unseren wundersch\u00f6nen Park befinden sich im Hauptgeb\u00e4ude.","og_url":"https:\/\/dulacetduparc.com\/de\/suites-bungalows\/hotel-du-lac-s\/parc-suite\/","og_site_name":"Du Lac et Du Parc Grand Resort","article_modified_time":"2024-09-12T08:50:58+00:00","og_image":[{"width":2560,"height":1708,"url":"https:\/\/dulacetduparc.com\/wp-content\/uploads\/sites\/292\/2022\/02\/DSC_9471-scaled.jpg","type":"image\/jpeg"}],"twitter_card":"summary_large_image","twitter_misc":{"Gesch\u00e4tzte Lesezeit":"1 Minute"},"schema":{"@context":"https:\/\/schema.org","@graph":[{"@type":"WebPage","@id":"https:\/\/dulacetduparc.com\/de\/suites-bungalows\/hotel-du-lac-s\/parc-suite\/","url":"https:\/\/dulacetduparc.com\/de\/suites-bungalows\/hotel-du-lac-s\/parc-suite\/","name":"Du Lac et Du Parc Grand Resort 4***S | Parc-Suite","isPartOf":{"@id":"https:\/\/dulacetduparc.com\/de\/#website"},"primaryImageOfPage":{"@id":"https:\/\/dulacetduparc.com\/de\/suites-bungalows\/hotel-du-lac-s\/parc-suite\/#primaryimage"},"image":{"@id":"https:\/\/dulacetduparc.com\/de\/suites-bungalows\/hotel-du-lac-s\/parc-suite\/#primaryimage"},"thumbnailUrl":"https:\/\/dulacetduparc.com\/wp-content\/uploads\/sites\/292\/2022\/02\/DSC_9471-scaled.jpg","datePublished":"2021-04-20T15:10:11+00:00","dateModified":"2024-09-12T08:50:58+00:00","description":"Diese ger\u00e4umigen und eleganten Suiten in S\u00fcdlage mit Blick auf unseren wundersch\u00f6nen Park befinden sich im Hauptgeb\u00e4ude.","breadcrumb":{"@id":"https:\/\/dulacetduparc.com\/de\/suites-bungalows\/hotel-du-lac-s\/parc-suite\/#breadcrumb"},"inLanguage":"de-DE","potentialAction":[{"@type":"ReadAction","target":["https:\/\/dulacetduparc.com\/de\/suites-bungalows\/hotel-du-lac-s\/parc-suite\/"]}]},{"@type":"ImageObject","inLanguage":"de-DE","@id":"https:\/\/dulacetduparc.com\/de\/suites-bungalows\/hotel-du-lac-s\/parc-suite\/#primaryimage","url":"https:\/\/dulacetduparc.com\/wp-content\/uploads\/sites\/292\/2022\/02\/DSC_9471-scaled.jpg","contentUrl":"https:\/\/dulacetduparc.com\/wp-content\/uploads\/sites\/292\/2022\/02\/DSC_9471-scaled.jpg","width":2560,"height":1708},{"@type":"BreadcrumbList","@id":"https:\/\/dulacetduparc.com\/de\/suites-bungalows\/hotel-du-lac-s\/parc-suite\/#breadcrumb","itemListElement":[{"@type":"ListItem","position":1,"name":"Home","item":"https:\/\/dulacetduparc.com\/de\/"},{"@type":"ListItem","position":2,"name":"Suites &#038; Bungalows","item":"https:\/\/dulacetduparc.com\/de\/suites-bungalows\/"},{"@type":"ListItem","position":3,"name":"Hotel Du Lac **** S","item":"https:\/\/dulacetduparc.com\/de\/suites-bungalows\/hotel-du-lac-s\/"},{"@type":"ListItem","position":4,"name":"Suite Parc"}]},{"@type":"WebSite","@id":"https:\/\/dulacetduparc.com\/de\/#website","url":"https:\/\/dulacetduparc.com\/de\/","name":"Du Lac et Du Parc Grand Resort","description":"Just another ms.decms.eu site","potentialAction":[{"@type":"SearchAction","target":{"@type":"EntryPoint","urlTemplate":"https:\/\/dulacetduparc.com\/de\/?s={search_term_string}"},"query-input":{"@type":"PropertyValueSpecification","valueRequired":true,"valueName":"search_term_string"}}],"inLanguage":"de-DE"}]}},"acf":[],"_links":{"self":[{"href":"https:\/\/dulacetduparc.com\/de\/wp-json\/wp\/v2\/pages\/196","targetHints":{"allow":["GET"]}}],"collection":[{"href":"https:\/\/dulacetduparc.com\/de\/wp-json\/wp\/v2\/pages"}],"about":[{"href":"https:\/\/dulacetduparc.com\/de\/wp-json\/wp\/v2\/types\/page"}],"author":[{"embeddable":true,"href":"https:\/\/dulacetduparc.com\/de\/wp-json\/wp\/v2\/users\/17"}],"replies":[{"embeddable":true,"href":"https:\/\/dulacetduparc.com\/de\/wp-json\/wp\/v2\/comments?post=196"}],"version-history":[{"count":0,"href":"https:\/\/dulacetduparc.com\/de\/wp-json\/wp\/v2\/pages\/196\/revisions"}],"up":[{"embeddable":true,"href":"https:\/\/dulacetduparc.com\/de\/wp-json\/wp\/v2\/pages\/73"}],"wp:featuredmedia":[{"embeddable":true,"href":"https:\/\/dulacetduparc.com\/de\/wp-json\/wp\/v2\/media\/1246"}],"wp:attachment":[{"href":"https:\/\/dulacetduparc.com\/de\/wp-json\/wp\/v2\/media?parent=196"}],"curies":[{"name":"wp","href":"https:\/\/api.w.org\/{rel}","templated":true}]}}