{"id":191,"date":"2021-04-20T15:09:35","date_gmt":"2021-04-20T15:09:35","guid":{"rendered":"https:\/\/dulacetduparc.ms.decms.eu\/suites-bungalow\/hotel-du-lac-s\/suite-deluxe-vista-lago\/"},"modified":"2025-06-17T11:01:21","modified_gmt":"2025-06-17T11:01:21","slug":"suite-deluxe-lake-view","status":"publish","type":"page","link":"https:\/\/dulacetduparc.com\/de\/suites-bungalows\/hotel-du-lac-s\/suite-deluxe-lake-view\/","title":{"rendered":"Suite Deluxe Seeblick"},"content":{"rendered":"<p>Das Deluxe Suite Seeblick befindet sich in das Hauptgeb\u00e4ude (4, 5, 6 stock) und wurde sowohl auf dem Balkon als auch im Innenbereich mit atemberaubenden Blick auf den See und den Park komplett renoviert.<\/p>\n<p>Der neue Stil konzentriert sich auf das moderne und italienische Design, ausgehend von den B\u00f6den aus Harz und Parkett. Der Raum wird mit technischem Zubeh\u00f6r und raffinierten M\u00f6beln bereichert.<\/p>\n<p class=\"p1\">Freier Zugang zum Armonia SPA mit Nutzung von Cristallo-Schwimmbad, Fitnessraum, Whirlpool, Sauna und t\u00fcrkischem Bad.<\/p>\n<p>*In der Suite im 4. Stock befindet sich die Badewanne im Wohnzimmer<\/p>\n","protected":false},"excerpt":{"rendered":"<p>Das Deluxe Suite Seeblick befindet sich in das Hauptgeb\u00e4ude (4, 5, 6 stock) und wurde sowohl auf dem Balkon als auch im Innenbereich mit atemberaubenden Blick auf den See und den Park komplett renoviert. Der neue Stil konzentriert sich auf das moderne und italienische Design, ausgehend von den B\u00f6den aus Harz und Parkett. Der Raum [&hellip;]<\/p>\n","protected":false},"author":17,"featured_media":0,"parent":73,"menu_order":16,"comment_status":"closed","ping_status":"closed","template":"template-single-room.php","meta":{"footnotes":""},"class_list":["post-191","page","type-page","status-publish","hentry"],"yoast_head":"<!-- This site is optimized with the Yoast SEO plugin v26.9 - https:\/\/yoast.com\/product\/yoast-seo-wordpress\/ -->\n<title>Du Lac et Du Parc Grand Resort 4***S | Suite Deluxe Lake View<\/title>\n<meta name=\"description\" content=\"Das Deluxe Suite Lake View befindet sich in das Hauptgeb\u00e4ude (4, 5, 6 stock) und wurde sowohl auf dem Balkon als auch im Innenbereich mit atemberaubenden Blick auf den See und den Park komplett renoviert.\" \/>\n<meta name=\"robots\" content=\"index, follow, max-snippet:-1, max-image-preview:large, max-video-preview:-1\" \/>\n<link rel=\"canonical\" href=\"https:\/\/dulacetduparc.com\/de\/suites-bungalows\/hotel-du-lac-s\/suite-deluxe-lake-view\/\" \/>\n<meta property=\"og:locale\" content=\"de_DE\" \/>\n<meta property=\"og:type\" content=\"article\" \/>\n<meta property=\"og:title\" content=\"Du Lac et Du Parc Grand Resort 4***S | Suite Deluxe Lake View\" \/>\n<meta property=\"og:description\" content=\"Das Deluxe Suite Lake View befindet sich in das Hauptgeb\u00e4ude (4, 5, 6 stock) und wurde sowohl auf dem Balkon als auch im Innenbereich mit atemberaubenden Blick auf den See und den Park komplett renoviert.\" \/>\n<meta property=\"og:url\" content=\"https:\/\/dulacetduparc.com\/de\/suites-bungalows\/hotel-du-lac-s\/suite-deluxe-lake-view\/\" \/>\n<meta property=\"og:site_name\" content=\"Du Lac et Du Parc Grand Resort\" \/>\n<meta property=\"article:modified_time\" content=\"2025-06-17T11:01:21+00:00\" \/>\n<meta name=\"twitter:card\" content=\"summary_large_image\" \/>\n<meta name=\"twitter:label1\" content=\"Gesch\u00e4tzte Lesezeit\" \/>\n\t<meta name=\"twitter:data1\" content=\"1 Minute\" \/>\n<script type=\"application\/ld+json\" class=\"yoast-schema-graph\">{\"@context\":\"https:\/\/schema.org\",\"@graph\":[{\"@type\":\"WebPage\",\"@id\":\"https:\/\/dulacetduparc.com\/de\/suites-bungalows\/hotel-du-lac-s\/suite-deluxe-lake-view\/\",\"url\":\"https:\/\/dulacetduparc.com\/de\/suites-bungalows\/hotel-du-lac-s\/suite-deluxe-lake-view\/\",\"name\":\"Du Lac et Du Parc Grand Resort 4***S | Suite Deluxe Lake View\",\"isPartOf\":{\"@id\":\"https:\/\/dulacetduparc.com\/de\/#website\"},\"datePublished\":\"2021-04-20T15:09:35+00:00\",\"dateModified\":\"2025-06-17T11:01:21+00:00\",\"description\":\"Das Deluxe Suite Lake View befindet sich in das Hauptgeb\u00e4ude (4, 5, 6 stock) und wurde sowohl auf dem Balkon als auch im Innenbereich mit atemberaubenden Blick auf den See und den Park komplett renoviert.\",\"breadcrumb\":{\"@id\":\"https:\/\/dulacetduparc.com\/de\/suites-bungalows\/hotel-du-lac-s\/suite-deluxe-lake-view\/#breadcrumb\"},\"inLanguage\":\"de-DE\",\"potentialAction\":[{\"@type\":\"ReadAction\",\"target\":[\"https:\/\/dulacetduparc.com\/de\/suites-bungalows\/hotel-du-lac-s\/suite-deluxe-lake-view\/\"]}]},{\"@type\":\"BreadcrumbList\",\"@id\":\"https:\/\/dulacetduparc.com\/de\/suites-bungalows\/hotel-du-lac-s\/suite-deluxe-lake-view\/#breadcrumb\",\"itemListElement\":[{\"@type\":\"ListItem\",\"position\":1,\"name\":\"Home\",\"item\":\"https:\/\/dulacetduparc.com\/de\/\"},{\"@type\":\"ListItem\",\"position\":2,\"name\":\"Suites &#038; Bungalows\",\"item\":\"https:\/\/dulacetduparc.com\/de\/suites-bungalows\/\"},{\"@type\":\"ListItem\",\"position\":3,\"name\":\"Hotel Du Lac **** S\",\"item\":\"https:\/\/dulacetduparc.com\/de\/suites-bungalows\/hotel-du-lac-s\/\"},{\"@type\":\"ListItem\",\"position\":4,\"name\":\"Suite Deluxe Seeblick\"}]},{\"@type\":\"WebSite\",\"@id\":\"https:\/\/dulacetduparc.com\/de\/#website\",\"url\":\"https:\/\/dulacetduparc.com\/de\/\",\"name\":\"Du Lac et Du Parc Grand Resort\",\"description\":\"Just another ms.decms.eu site\",\"potentialAction\":[{\"@type\":\"SearchAction\",\"target\":{\"@type\":\"EntryPoint\",\"urlTemplate\":\"https:\/\/dulacetduparc.com\/de\/?s={search_term_string}\"},\"query-input\":{\"@type\":\"PropertyValueSpecification\",\"valueRequired\":true,\"valueName\":\"search_term_string\"}}],\"inLanguage\":\"de-DE\"}]}<\/script>\n<!-- \/ Yoast SEO plugin. -->","yoast_head_json":{"title":"Du Lac et Du Parc Grand Resort 4***S | Suite Deluxe Lake View","description":"Das Deluxe Suite Lake View befindet sich in das Hauptgeb\u00e4ude (4, 5, 6 stock) und wurde sowohl auf dem Balkon als auch im Innenbereich mit atemberaubenden Blick auf den See und den Park komplett renoviert.","robots":{"index":"index","follow":"follow","max-snippet":"max-snippet:-1","max-image-preview":"max-image-preview:large","max-video-preview":"max-video-preview:-1"},"canonical":"https:\/\/dulacetduparc.com\/de\/suites-bungalows\/hotel-du-lac-s\/suite-deluxe-lake-view\/","og_locale":"de_DE","og_type":"article","og_title":"Du Lac et Du Parc Grand Resort 4***S | Suite Deluxe Lake View","og_description":"Das Deluxe Suite Lake View befindet sich in das Hauptgeb\u00e4ude (4, 5, 6 stock) und wurde sowohl auf dem Balkon als auch im Innenbereich mit atemberaubenden Blick auf den See und den Park komplett renoviert.","og_url":"https:\/\/dulacetduparc.com\/de\/suites-bungalows\/hotel-du-lac-s\/suite-deluxe-lake-view\/","og_site_name":"Du Lac et Du Parc Grand Resort","article_modified_time":"2025-06-17T11:01:21+00:00","twitter_card":"summary_large_image","twitter_misc":{"Gesch\u00e4tzte Lesezeit":"1 Minute"},"schema":{"@context":"https:\/\/schema.org","@graph":[{"@type":"WebPage","@id":"https:\/\/dulacetduparc.com\/de\/suites-bungalows\/hotel-du-lac-s\/suite-deluxe-lake-view\/","url":"https:\/\/dulacetduparc.com\/de\/suites-bungalows\/hotel-du-lac-s\/suite-deluxe-lake-view\/","name":"Du Lac et Du Parc Grand Resort 4***S | Suite Deluxe Lake View","isPartOf":{"@id":"https:\/\/dulacetduparc.com\/de\/#website"},"datePublished":"2021-04-20T15:09:35+00:00","dateModified":"2025-06-17T11:01:21+00:00","description":"Das Deluxe Suite Lake View befindet sich in das Hauptgeb\u00e4ude (4, 5, 6 stock) und wurde sowohl auf dem Balkon als auch im Innenbereich mit atemberaubenden Blick auf den See und den Park komplett renoviert.","breadcrumb":{"@id":"https:\/\/dulacetduparc.com\/de\/suites-bungalows\/hotel-du-lac-s\/suite-deluxe-lake-view\/#breadcrumb"},"inLanguage":"de-DE","potentialAction":[{"@type":"ReadAction","target":["https:\/\/dulacetduparc.com\/de\/suites-bungalows\/hotel-du-lac-s\/suite-deluxe-lake-view\/"]}]},{"@type":"BreadcrumbList","@id":"https:\/\/dulacetduparc.com\/de\/suites-bungalows\/hotel-du-lac-s\/suite-deluxe-lake-view\/#breadcrumb","itemListElement":[{"@type":"ListItem","position":1,"name":"Home","item":"https:\/\/dulacetduparc.com\/de\/"},{"@type":"ListItem","position":2,"name":"Suites &#038; Bungalows","item":"https:\/\/dulacetduparc.com\/de\/suites-bungalows\/"},{"@type":"ListItem","position":3,"name":"Hotel Du Lac **** S","item":"https:\/\/dulacetduparc.com\/de\/suites-bungalows\/hotel-du-lac-s\/"},{"@type":"ListItem","position":4,"name":"Suite Deluxe Seeblick"}]},{"@type":"WebSite","@id":"https:\/\/dulacetduparc.com\/de\/#website","url":"https:\/\/dulacetduparc.com\/de\/","name":"Du Lac et Du Parc Grand Resort","description":"Just another ms.decms.eu site","potentialAction":[{"@type":"SearchAction","target":{"@type":"EntryPoint","urlTemplate":"https:\/\/dulacetduparc.com\/de\/?s={search_term_string}"},"query-input":{"@type":"PropertyValueSpecification","valueRequired":true,"valueName":"search_term_string"}}],"inLanguage":"de-DE"}]}},"acf":[],"_links":{"self":[{"href":"https:\/\/dulacetduparc.com\/de\/wp-json\/wp\/v2\/pages\/191","targetHints":{"allow":["GET"]}}],"collection":[{"href":"https:\/\/dulacetduparc.com\/de\/wp-json\/wp\/v2\/pages"}],"about":[{"href":"https:\/\/dulacetduparc.com\/de\/wp-json\/wp\/v2\/types\/page"}],"author":[{"embeddable":true,"href":"https:\/\/dulacetduparc.com\/de\/wp-json\/wp\/v2\/users\/17"}],"replies":[{"embeddable":true,"href":"https:\/\/dulacetduparc.com\/de\/wp-json\/wp\/v2\/comments?post=191"}],"version-history":[{"count":0,"href":"https:\/\/dulacetduparc.com\/de\/wp-json\/wp\/v2\/pages\/191\/revisions"}],"up":[{"embeddable":true,"href":"https:\/\/dulacetduparc.com\/de\/wp-json\/wp\/v2\/pages\/73"}],"wp:attachment":[{"href":"https:\/\/dulacetduparc.com\/de\/wp-json\/wp\/v2\/media?parent=191"}],"curies":[{"name":"wp","href":"https:\/\/api.w.org\/{rel}","templated":true}]}}