{"id":174,"date":"2021-04-20T15:08:19","date_gmt":"2021-04-20T15:08:19","guid":{"rendered":"https:\/\/dulacetduparc.ms.decms.eu\/suites-bungalow\/hotel-du-lac-s\/camera-doppia-superior\/"},"modified":"2024-03-13T10:31:34","modified_gmt":"2024-03-13T10:31:34","slug":"doppelzimmer-superior","status":"publish","type":"page","link":"https:\/\/dulacetduparc.com\/de\/suites-bungalows\/hotel-du-lac-s\/doppelzimmer-superior\/","title":{"rendered":"Doppelzimmer Superior"},"content":{"rendered":"<p>Die Doppelzimmer Superior mit Blick zum Park, komplett renoviert mit Harz- und Parkettboden, befinden sich im Hauptgeb\u00e4ude.<\/p>\n<p>Lichtvolle, elegante Zimmer, mit raffinierten Details.<\/p>\n<p>Ideal f\u00fcr diejenigen die einen eleganten, comfortablen Urlaub w\u00fcnschen.<\/p>\n<p>Schlafzimmer mit Ehebett, Klimaanlage, Balkon, Telefon, Minibar, Radio, Sat- und Sky TV 50&#8243;, Internet Anschluss, Safe, Bad mit Dusche. K\u00f6rperpflegeset Philip Martin\u2019s.<\/p>\n<p class=\"p1\">Freier Zugang zum Armonia SPA mit Nutzung von Cristallo-Schwimmbad, Fitnessraum, Whirlpool, Sauna und t\u00fcrkischem Bad.<\/p>\n","protected":false},"excerpt":{"rendered":"<p>Die Doppelzimmer Superior mit Blick zum Park, komplett renoviert mit Harz- und Parkettboden, befinden sich im Hauptgeb\u00e4ude. Lichtvolle, elegante Zimmer, mit raffinierten Details. Ideal f\u00fcr diejenigen die einen eleganten, comfortablen Urlaub w\u00fcnschen. Schlafzimmer mit Ehebett, Klimaanlage, Balkon, Telefon, Minibar, Radio, Sat- und Sky TV 50&#8243;, Internet Anschluss, Safe, Bad mit Dusche. K\u00f6rperpflegeset Philip Martin\u2019s. Freier [&hellip;]<\/p>\n","protected":false},"author":17,"featured_media":0,"parent":73,"menu_order":14,"comment_status":"closed","ping_status":"closed","template":"template-single-room.php","meta":{"footnotes":""},"class_list":["post-174","page","type-page","status-publish","hentry"],"yoast_head":"<!-- This site is optimized with the Yoast SEO plugin v26.9 - https:\/\/yoast.com\/product\/yoast-seo-wordpress\/ -->\n<title>Du Lac et Du Parc Grand Resort 4***S | Doppelzimmer Superior<\/title>\n<meta name=\"description\" content=\"Die Doppelzimmer Superior mit Blick zum Park, komplett renoviert mit Harz- und Parkettboden, befinden sich im Hauptgeb\u00e4ude.\" \/>\n<meta name=\"robots\" content=\"index, follow, max-snippet:-1, max-image-preview:large, max-video-preview:-1\" \/>\n<link rel=\"canonical\" href=\"https:\/\/dulacetduparc.com\/de\/suites-bungalows\/hotel-du-lac-s\/doppelzimmer-superior\/\" \/>\n<meta property=\"og:locale\" content=\"de_DE\" \/>\n<meta property=\"og:type\" content=\"article\" \/>\n<meta property=\"og:title\" content=\"Du Lac et Du Parc Grand Resort 4***S | Doppelzimmer Superior\" \/>\n<meta property=\"og:description\" content=\"Die Doppelzimmer Superior mit Blick zum Park, komplett renoviert mit Harz- und Parkettboden, befinden sich im Hauptgeb\u00e4ude.\" \/>\n<meta property=\"og:url\" content=\"https:\/\/dulacetduparc.com\/de\/suites-bungalows\/hotel-du-lac-s\/doppelzimmer-superior\/\" \/>\n<meta property=\"og:site_name\" content=\"Du Lac et Du Parc Grand Resort\" \/>\n<meta property=\"article:modified_time\" content=\"2024-03-13T10:31:34+00:00\" \/>\n<meta name=\"twitter:card\" content=\"summary_large_image\" \/>\n<meta name=\"twitter:label1\" content=\"Gesch\u00e4tzte Lesezeit\" \/>\n\t<meta name=\"twitter:data1\" content=\"1 Minute\" \/>\n<script type=\"application\/ld+json\" class=\"yoast-schema-graph\">{\"@context\":\"https:\/\/schema.org\",\"@graph\":[{\"@type\":\"WebPage\",\"@id\":\"https:\/\/dulacetduparc.com\/de\/suites-bungalows\/hotel-du-lac-s\/doppelzimmer-superior\/\",\"url\":\"https:\/\/dulacetduparc.com\/de\/suites-bungalows\/hotel-du-lac-s\/doppelzimmer-superior\/\",\"name\":\"Du Lac et Du Parc Grand Resort 4***S | Doppelzimmer Superior\",\"isPartOf\":{\"@id\":\"https:\/\/dulacetduparc.com\/de\/#website\"},\"datePublished\":\"2021-04-20T15:08:19+00:00\",\"dateModified\":\"2024-03-13T10:31:34+00:00\",\"description\":\"Die Doppelzimmer Superior mit Blick zum Park, komplett renoviert mit Harz- und Parkettboden, befinden sich im Hauptgeb\u00e4ude.\",\"breadcrumb\":{\"@id\":\"https:\/\/dulacetduparc.com\/de\/suites-bungalows\/hotel-du-lac-s\/doppelzimmer-superior\/#breadcrumb\"},\"inLanguage\":\"de-DE\",\"potentialAction\":[{\"@type\":\"ReadAction\",\"target\":[\"https:\/\/dulacetduparc.com\/de\/suites-bungalows\/hotel-du-lac-s\/doppelzimmer-superior\/\"]}]},{\"@type\":\"BreadcrumbList\",\"@id\":\"https:\/\/dulacetduparc.com\/de\/suites-bungalows\/hotel-du-lac-s\/doppelzimmer-superior\/#breadcrumb\",\"itemListElement\":[{\"@type\":\"ListItem\",\"position\":1,\"name\":\"Home\",\"item\":\"https:\/\/dulacetduparc.com\/de\/\"},{\"@type\":\"ListItem\",\"position\":2,\"name\":\"Suites &#038; Bungalows\",\"item\":\"https:\/\/dulacetduparc.com\/de\/suites-bungalows\/\"},{\"@type\":\"ListItem\",\"position\":3,\"name\":\"Hotel Du Lac **** S\",\"item\":\"https:\/\/dulacetduparc.com\/de\/suites-bungalows\/hotel-du-lac-s\/\"},{\"@type\":\"ListItem\",\"position\":4,\"name\":\"Doppelzimmer Superior\"}]},{\"@type\":\"WebSite\",\"@id\":\"https:\/\/dulacetduparc.com\/de\/#website\",\"url\":\"https:\/\/dulacetduparc.com\/de\/\",\"name\":\"Du Lac et Du Parc Grand Resort\",\"description\":\"Just another ms.decms.eu site\",\"potentialAction\":[{\"@type\":\"SearchAction\",\"target\":{\"@type\":\"EntryPoint\",\"urlTemplate\":\"https:\/\/dulacetduparc.com\/de\/?s={search_term_string}\"},\"query-input\":{\"@type\":\"PropertyValueSpecification\",\"valueRequired\":true,\"valueName\":\"search_term_string\"}}],\"inLanguage\":\"de-DE\"}]}<\/script>\n<!-- \/ Yoast SEO plugin. -->","yoast_head_json":{"title":"Du Lac et Du Parc Grand Resort 4***S | Doppelzimmer Superior","description":"Die Doppelzimmer Superior mit Blick zum Park, komplett renoviert mit Harz- und Parkettboden, befinden sich im Hauptgeb\u00e4ude.","robots":{"index":"index","follow":"follow","max-snippet":"max-snippet:-1","max-image-preview":"max-image-preview:large","max-video-preview":"max-video-preview:-1"},"canonical":"https:\/\/dulacetduparc.com\/de\/suites-bungalows\/hotel-du-lac-s\/doppelzimmer-superior\/","og_locale":"de_DE","og_type":"article","og_title":"Du Lac et Du Parc Grand Resort 4***S | Doppelzimmer Superior","og_description":"Die Doppelzimmer Superior mit Blick zum Park, komplett renoviert mit Harz- und Parkettboden, befinden sich im Hauptgeb\u00e4ude.","og_url":"https:\/\/dulacetduparc.com\/de\/suites-bungalows\/hotel-du-lac-s\/doppelzimmer-superior\/","og_site_name":"Du Lac et Du Parc Grand Resort","article_modified_time":"2024-03-13T10:31:34+00:00","twitter_card":"summary_large_image","twitter_misc":{"Gesch\u00e4tzte Lesezeit":"1 Minute"},"schema":{"@context":"https:\/\/schema.org","@graph":[{"@type":"WebPage","@id":"https:\/\/dulacetduparc.com\/de\/suites-bungalows\/hotel-du-lac-s\/doppelzimmer-superior\/","url":"https:\/\/dulacetduparc.com\/de\/suites-bungalows\/hotel-du-lac-s\/doppelzimmer-superior\/","name":"Du Lac et Du Parc Grand Resort 4***S | Doppelzimmer Superior","isPartOf":{"@id":"https:\/\/dulacetduparc.com\/de\/#website"},"datePublished":"2021-04-20T15:08:19+00:00","dateModified":"2024-03-13T10:31:34+00:00","description":"Die Doppelzimmer Superior mit Blick zum Park, komplett renoviert mit Harz- und Parkettboden, befinden sich im Hauptgeb\u00e4ude.","breadcrumb":{"@id":"https:\/\/dulacetduparc.com\/de\/suites-bungalows\/hotel-du-lac-s\/doppelzimmer-superior\/#breadcrumb"},"inLanguage":"de-DE","potentialAction":[{"@type":"ReadAction","target":["https:\/\/dulacetduparc.com\/de\/suites-bungalows\/hotel-du-lac-s\/doppelzimmer-superior\/"]}]},{"@type":"BreadcrumbList","@id":"https:\/\/dulacetduparc.com\/de\/suites-bungalows\/hotel-du-lac-s\/doppelzimmer-superior\/#breadcrumb","itemListElement":[{"@type":"ListItem","position":1,"name":"Home","item":"https:\/\/dulacetduparc.com\/de\/"},{"@type":"ListItem","position":2,"name":"Suites &#038; Bungalows","item":"https:\/\/dulacetduparc.com\/de\/suites-bungalows\/"},{"@type":"ListItem","position":3,"name":"Hotel Du Lac **** S","item":"https:\/\/dulacetduparc.com\/de\/suites-bungalows\/hotel-du-lac-s\/"},{"@type":"ListItem","position":4,"name":"Doppelzimmer Superior"}]},{"@type":"WebSite","@id":"https:\/\/dulacetduparc.com\/de\/#website","url":"https:\/\/dulacetduparc.com\/de\/","name":"Du Lac et Du Parc Grand Resort","description":"Just another ms.decms.eu site","potentialAction":[{"@type":"SearchAction","target":{"@type":"EntryPoint","urlTemplate":"https:\/\/dulacetduparc.com\/de\/?s={search_term_string}"},"query-input":{"@type":"PropertyValueSpecification","valueRequired":true,"valueName":"search_term_string"}}],"inLanguage":"de-DE"}]}},"acf":[],"_links":{"self":[{"href":"https:\/\/dulacetduparc.com\/de\/wp-json\/wp\/v2\/pages\/174","targetHints":{"allow":["GET"]}}],"collection":[{"href":"https:\/\/dulacetduparc.com\/de\/wp-json\/wp\/v2\/pages"}],"about":[{"href":"https:\/\/dulacetduparc.com\/de\/wp-json\/wp\/v2\/types\/page"}],"author":[{"embeddable":true,"href":"https:\/\/dulacetduparc.com\/de\/wp-json\/wp\/v2\/users\/17"}],"replies":[{"embeddable":true,"href":"https:\/\/dulacetduparc.com\/de\/wp-json\/wp\/v2\/comments?post=174"}],"version-history":[{"count":0,"href":"https:\/\/dulacetduparc.com\/de\/wp-json\/wp\/v2\/pages\/174\/revisions"}],"up":[{"embeddable":true,"href":"https:\/\/dulacetduparc.com\/de\/wp-json\/wp\/v2\/pages\/73"}],"wp:attachment":[{"href":"https:\/\/dulacetduparc.com\/de\/wp-json\/wp\/v2\/media?parent=174"}],"curies":[{"name":"wp","href":"https:\/\/api.w.org\/{rel}","templated":true}]}}