{"id":164,"date":"2021-04-20T15:07:53","date_gmt":"2021-04-20T15:07:53","guid":{"rendered":"https:\/\/dulacetduparc.ms.decms.eu\/suites-bungalow\/hotel-du-lac-s\/camera-doppia-parc\/"},"modified":"2024-09-12T09:06:40","modified_gmt":"2024-09-12T09:06:40","slug":"doppelzimmer-parc","status":"publish","type":"page","link":"https:\/\/dulacetduparc.com\/de\/suites-bungalows\/hotel-du-lac-s\/doppelzimmer-parc\/","title":{"rendered":"Doppelzimmer Parc"},"content":{"rendered":"<p style=\"text-align: left\">Das Parc-Zimmer befindet sich im Seitenfl\u00fcgel des Resorts und verf\u00fcgt \u00fcber einen Balkon mit Blick auf den wundersch\u00f6nen Park.<\/p>\n<p style=\"text-align: left\">Ideal f\u00fcr sch\u00f6ne Ausfl\u00fcge, um das Garda Trentino zu entdecken, das Doppelzimmer Park ist im klassischen Styl eingerichtet. Dieses Zimmer kann mit einem Doppelbett oder zwei Einzelbetten vorbereitet werden, je nach Ihren Bed\u00fcrfnissen. Es ist mit allen modernen Annehmlichkeiten ausgestattet: kostenloses Wi-Fi, Klimaanlage, Satellitenfernsehen mit Sky-Kan\u00e4len, Safe, Telefon und Minibar.<\/p>\n<p class=\"p1\">Freier Zugang zum Armonia SPA mit Nutzung von Cristallo-Schwimmbad, Fitnessraum, Whirlpool, Sauna und t\u00fcrkischem Bad.<\/p>\n","protected":false},"excerpt":{"rendered":"<p>Das Parc-Zimmer befindet sich im Seitenfl\u00fcgel des Resorts und verf\u00fcgt \u00fcber einen Balkon mit Blick auf den wundersch\u00f6nen Park. Ideal f\u00fcr sch\u00f6ne Ausfl\u00fcge, um das Garda Trentino zu entdecken, das Doppelzimmer Park ist im klassischen Styl eingerichtet. Dieses Zimmer kann mit einem Doppelbett oder zwei Einzelbetten vorbereitet werden, je nach Ihren Bed\u00fcrfnissen. Es ist mit [&hellip;]<\/p>\n","protected":false},"author":17,"featured_media":0,"parent":73,"menu_order":12,"comment_status":"closed","ping_status":"closed","template":"template-single-room.php","meta":{"footnotes":""},"class_list":["post-164","page","type-page","status-publish","hentry"],"yoast_head":"<!-- This site is optimized with the Yoast SEO plugin v26.9 - https:\/\/yoast.com\/product\/yoast-seo-wordpress\/ -->\n<title>Du Lac et Du Parc Grand Resort 4***S | Doppelzimmer Parc<\/title>\n<meta name=\"description\" content=\"Verw\u00f6hnen Sie sich mit einem Parc-Doppelzimmer und blicken Sie \u00fcber unsere wundersch\u00f6n gepflegten G\u00e4rten und genie\u00dfen einen luxuri\u00f6sen und erholsamen Aufenthalt am Ufer des Gardasees.\" \/>\n<meta name=\"robots\" content=\"index, follow, max-snippet:-1, max-image-preview:large, max-video-preview:-1\" \/>\n<link rel=\"canonical\" href=\"https:\/\/dulacetduparc.com\/de\/suites-bungalows\/hotel-du-lac-s\/doppelzimmer-parc\/\" \/>\n<meta property=\"og:locale\" content=\"de_DE\" \/>\n<meta property=\"og:type\" content=\"article\" \/>\n<meta property=\"og:title\" content=\"Du Lac et Du Parc Grand Resort 4***S | Doppelzimmer Parc\" \/>\n<meta property=\"og:description\" content=\"Verw\u00f6hnen Sie sich mit einem Parc-Doppelzimmer und blicken Sie \u00fcber unsere wundersch\u00f6n gepflegten G\u00e4rten und genie\u00dfen einen luxuri\u00f6sen und erholsamen Aufenthalt am Ufer des Gardasees.\" \/>\n<meta property=\"og:url\" content=\"https:\/\/dulacetduparc.com\/de\/suites-bungalows\/hotel-du-lac-s\/doppelzimmer-parc\/\" \/>\n<meta property=\"og:site_name\" content=\"Du Lac et Du Parc Grand Resort\" \/>\n<meta property=\"article:modified_time\" content=\"2024-09-12T09:06:40+00:00\" \/>\n<meta name=\"twitter:card\" content=\"summary_large_image\" \/>\n<meta name=\"twitter:label1\" content=\"Gesch\u00e4tzte Lesezeit\" \/>\n\t<meta name=\"twitter:data1\" content=\"1 Minute\" \/>\n<script type=\"application\/ld+json\" class=\"yoast-schema-graph\">{\"@context\":\"https:\/\/schema.org\",\"@graph\":[{\"@type\":\"WebPage\",\"@id\":\"https:\/\/dulacetduparc.com\/de\/suites-bungalows\/hotel-du-lac-s\/doppelzimmer-parc\/\",\"url\":\"https:\/\/dulacetduparc.com\/de\/suites-bungalows\/hotel-du-lac-s\/doppelzimmer-parc\/\",\"name\":\"Du Lac et Du Parc Grand Resort 4***S | Doppelzimmer Parc\",\"isPartOf\":{\"@id\":\"https:\/\/dulacetduparc.com\/de\/#website\"},\"datePublished\":\"2021-04-20T15:07:53+00:00\",\"dateModified\":\"2024-09-12T09:06:40+00:00\",\"description\":\"Verw\u00f6hnen Sie sich mit einem Parc-Doppelzimmer und blicken Sie \u00fcber unsere wundersch\u00f6n gepflegten G\u00e4rten und genie\u00dfen einen luxuri\u00f6sen und erholsamen Aufenthalt am Ufer des Gardasees.\",\"breadcrumb\":{\"@id\":\"https:\/\/dulacetduparc.com\/de\/suites-bungalows\/hotel-du-lac-s\/doppelzimmer-parc\/#breadcrumb\"},\"inLanguage\":\"de-DE\",\"potentialAction\":[{\"@type\":\"ReadAction\",\"target\":[\"https:\/\/dulacetduparc.com\/de\/suites-bungalows\/hotel-du-lac-s\/doppelzimmer-parc\/\"]}]},{\"@type\":\"BreadcrumbList\",\"@id\":\"https:\/\/dulacetduparc.com\/de\/suites-bungalows\/hotel-du-lac-s\/doppelzimmer-parc\/#breadcrumb\",\"itemListElement\":[{\"@type\":\"ListItem\",\"position\":1,\"name\":\"Home\",\"item\":\"https:\/\/dulacetduparc.com\/de\/\"},{\"@type\":\"ListItem\",\"position\":2,\"name\":\"Suites &#038; Bungalows\",\"item\":\"https:\/\/dulacetduparc.com\/de\/suites-bungalows\/\"},{\"@type\":\"ListItem\",\"position\":3,\"name\":\"Hotel Du Lac **** S\",\"item\":\"https:\/\/dulacetduparc.com\/de\/suites-bungalows\/hotel-du-lac-s\/\"},{\"@type\":\"ListItem\",\"position\":4,\"name\":\"Doppelzimmer Parc\"}]},{\"@type\":\"WebSite\",\"@id\":\"https:\/\/dulacetduparc.com\/de\/#website\",\"url\":\"https:\/\/dulacetduparc.com\/de\/\",\"name\":\"Du Lac et Du Parc Grand Resort\",\"description\":\"Just another ms.decms.eu site\",\"potentialAction\":[{\"@type\":\"SearchAction\",\"target\":{\"@type\":\"EntryPoint\",\"urlTemplate\":\"https:\/\/dulacetduparc.com\/de\/?s={search_term_string}\"},\"query-input\":{\"@type\":\"PropertyValueSpecification\",\"valueRequired\":true,\"valueName\":\"search_term_string\"}}],\"inLanguage\":\"de-DE\"}]}<\/script>\n<!-- \/ Yoast SEO plugin. -->","yoast_head_json":{"title":"Du Lac et Du Parc Grand Resort 4***S | Doppelzimmer Parc","description":"Verw\u00f6hnen Sie sich mit einem Parc-Doppelzimmer und blicken Sie \u00fcber unsere wundersch\u00f6n gepflegten G\u00e4rten und genie\u00dfen einen luxuri\u00f6sen und erholsamen Aufenthalt am Ufer des Gardasees.","robots":{"index":"index","follow":"follow","max-snippet":"max-snippet:-1","max-image-preview":"max-image-preview:large","max-video-preview":"max-video-preview:-1"},"canonical":"https:\/\/dulacetduparc.com\/de\/suites-bungalows\/hotel-du-lac-s\/doppelzimmer-parc\/","og_locale":"de_DE","og_type":"article","og_title":"Du Lac et Du Parc Grand Resort 4***S | Doppelzimmer Parc","og_description":"Verw\u00f6hnen Sie sich mit einem Parc-Doppelzimmer und blicken Sie \u00fcber unsere wundersch\u00f6n gepflegten G\u00e4rten und genie\u00dfen einen luxuri\u00f6sen und erholsamen Aufenthalt am Ufer des Gardasees.","og_url":"https:\/\/dulacetduparc.com\/de\/suites-bungalows\/hotel-du-lac-s\/doppelzimmer-parc\/","og_site_name":"Du Lac et Du Parc Grand Resort","article_modified_time":"2024-09-12T09:06:40+00:00","twitter_card":"summary_large_image","twitter_misc":{"Gesch\u00e4tzte Lesezeit":"1 Minute"},"schema":{"@context":"https:\/\/schema.org","@graph":[{"@type":"WebPage","@id":"https:\/\/dulacetduparc.com\/de\/suites-bungalows\/hotel-du-lac-s\/doppelzimmer-parc\/","url":"https:\/\/dulacetduparc.com\/de\/suites-bungalows\/hotel-du-lac-s\/doppelzimmer-parc\/","name":"Du Lac et Du Parc Grand Resort 4***S | Doppelzimmer Parc","isPartOf":{"@id":"https:\/\/dulacetduparc.com\/de\/#website"},"datePublished":"2021-04-20T15:07:53+00:00","dateModified":"2024-09-12T09:06:40+00:00","description":"Verw\u00f6hnen Sie sich mit einem Parc-Doppelzimmer und blicken Sie \u00fcber unsere wundersch\u00f6n gepflegten G\u00e4rten und genie\u00dfen einen luxuri\u00f6sen und erholsamen Aufenthalt am Ufer des Gardasees.","breadcrumb":{"@id":"https:\/\/dulacetduparc.com\/de\/suites-bungalows\/hotel-du-lac-s\/doppelzimmer-parc\/#breadcrumb"},"inLanguage":"de-DE","potentialAction":[{"@type":"ReadAction","target":["https:\/\/dulacetduparc.com\/de\/suites-bungalows\/hotel-du-lac-s\/doppelzimmer-parc\/"]}]},{"@type":"BreadcrumbList","@id":"https:\/\/dulacetduparc.com\/de\/suites-bungalows\/hotel-du-lac-s\/doppelzimmer-parc\/#breadcrumb","itemListElement":[{"@type":"ListItem","position":1,"name":"Home","item":"https:\/\/dulacetduparc.com\/de\/"},{"@type":"ListItem","position":2,"name":"Suites &#038; Bungalows","item":"https:\/\/dulacetduparc.com\/de\/suites-bungalows\/"},{"@type":"ListItem","position":3,"name":"Hotel Du Lac **** S","item":"https:\/\/dulacetduparc.com\/de\/suites-bungalows\/hotel-du-lac-s\/"},{"@type":"ListItem","position":4,"name":"Doppelzimmer Parc"}]},{"@type":"WebSite","@id":"https:\/\/dulacetduparc.com\/de\/#website","url":"https:\/\/dulacetduparc.com\/de\/","name":"Du Lac et Du Parc Grand Resort","description":"Just another ms.decms.eu site","potentialAction":[{"@type":"SearchAction","target":{"@type":"EntryPoint","urlTemplate":"https:\/\/dulacetduparc.com\/de\/?s={search_term_string}"},"query-input":{"@type":"PropertyValueSpecification","valueRequired":true,"valueName":"search_term_string"}}],"inLanguage":"de-DE"}]}},"acf":[],"_links":{"self":[{"href":"https:\/\/dulacetduparc.com\/de\/wp-json\/wp\/v2\/pages\/164","targetHints":{"allow":["GET"]}}],"collection":[{"href":"https:\/\/dulacetduparc.com\/de\/wp-json\/wp\/v2\/pages"}],"about":[{"href":"https:\/\/dulacetduparc.com\/de\/wp-json\/wp\/v2\/types\/page"}],"author":[{"embeddable":true,"href":"https:\/\/dulacetduparc.com\/de\/wp-json\/wp\/v2\/users\/17"}],"replies":[{"embeddable":true,"href":"https:\/\/dulacetduparc.com\/de\/wp-json\/wp\/v2\/comments?post=164"}],"version-history":[{"count":0,"href":"https:\/\/dulacetduparc.com\/de\/wp-json\/wp\/v2\/pages\/164\/revisions"}],"up":[{"embeddable":true,"href":"https:\/\/dulacetduparc.com\/de\/wp-json\/wp\/v2\/pages\/73"}],"wp:attachment":[{"href":"https:\/\/dulacetduparc.com\/de\/wp-json\/wp\/v2\/media?parent=164"}],"curies":[{"name":"wp","href":"https:\/\/api.w.org\/{rel}","templated":true}]}}