{"id":1567,"date":"2022-09-07T13:07:08","date_gmt":"2022-09-07T13:07:08","guid":{"rendered":"https:\/\/dulacetduparc.com\/?page_id=1567"},"modified":"2025-12-05T15:20:42","modified_gmt":"2025-12-05T15:20:42","slug":"natale-a-riva-del-garda","status":"publish","type":"page","link":"https:\/\/dulacetduparc.com\/de\/natale-a-riva-del-garda\/","title":{"rendered":"Weihnachten in Riva del Garda"},"content":{"rendered":"<p style=\"text-align: center\"><span style=\"font-weight: 400\">Dieses Jahr ist das Du Lac et Du Parc Grand Resort ganz in&#8230; Wei\u00df gehalten. <\/span><span style=\"font-weight: 400\">Entdecken Sie alle unsere <\/span><b>Winterangebote<\/b><span style=\"font-weight: 400\"> f\u00fcr einen <\/span><b>Urlaub<\/b><span style=\"font-weight: 400\"> in der <\/span><b>Weihnachtszeit<\/b><span style=\"font-weight: 400\"> in <\/span><b>Riva del Garda.<\/b><\/p>\n<p style=\"text-align: center\"><span style=\"font-weight: 400\">Von <\/span><b>Weihnachtsm\u00e4rkten<\/b><span style=\"font-weight: 400\"> \u00fcber zahlreiche Aktivit\u00e4ten f\u00fcr die Kinder bis hin zu einzigartigen <\/span><b>Wellness-Momenten<\/b><span style=\"font-weight: 400\"> in unserem Armonia Spa.\u00a0<\/span><\/p>\n<p style=\"text-align: center\"><b>Trentino <\/b><span style=\"font-weight: 400\">ist das ideale Ziel f\u00fcr Ihren Weihnachtsurlaub.<\/span><\/p>\n","protected":false},"excerpt":{"rendered":"<p>Dieses Jahr ist das Du Lac et Du Parc Grand Resort ganz in&#8230; Wei\u00df gehalten. Entdecken Sie alle unsere Winterangebote f\u00fcr einen Urlaub in der Weihnachtszeit in Riva del Garda. Von Weihnachtsm\u00e4rkten \u00fcber zahlreiche Aktivit\u00e4ten f\u00fcr die Kinder bis hin zu einzigartigen Wellness-Momenten in unserem Armonia Spa.\u00a0 Trentino ist das ideale Ziel f\u00fcr Ihren Weihnachtsurlaub.<\/p>\n","protected":false},"author":273,"featured_media":0,"parent":0,"menu_order":0,"comment_status":"closed","ping_status":"closed","template":"","meta":{"footnotes":""},"class_list":["post-1567","page","type-page","status-publish","hentry"],"yoast_head":"<!-- This site is optimized with the Yoast SEO plugin v26.9 - https:\/\/yoast.com\/product\/yoast-seo-wordpress\/ -->\n<title>Weihnachten in Riva del Garda - Du Lac et Du Parc Grand Resort<\/title>\n<meta name=\"robots\" content=\"index, follow, max-snippet:-1, max-image-preview:large, max-video-preview:-1\" \/>\n<link rel=\"canonical\" href=\"https:\/\/dulacetduparc.com\/de\/natale-a-riva-del-garda\/\" \/>\n<meta property=\"og:locale\" content=\"de_DE\" \/>\n<meta property=\"og:type\" content=\"article\" \/>\n<meta property=\"og:title\" content=\"Weihnachten in Riva del Garda - Du Lac et Du Parc Grand Resort\" \/>\n<meta property=\"og:description\" content=\"Dieses Jahr ist das Du Lac et Du Parc Grand Resort ganz in&#8230; Wei\u00df gehalten. Entdecken Sie alle unsere Winterangebote f\u00fcr einen Urlaub in der Weihnachtszeit in Riva del Garda. Von Weihnachtsm\u00e4rkten \u00fcber zahlreiche Aktivit\u00e4ten f\u00fcr die Kinder bis hin zu einzigartigen Wellness-Momenten in unserem Armonia Spa.\u00a0 Trentino ist das ideale Ziel f\u00fcr Ihren Weihnachtsurlaub.\" \/>\n<meta property=\"og:url\" content=\"https:\/\/dulacetduparc.com\/de\/natale-a-riva-del-garda\/\" \/>\n<meta property=\"og:site_name\" content=\"Du Lac et Du Parc Grand Resort\" \/>\n<meta property=\"article:modified_time\" content=\"2025-12-05T15:20:42+00:00\" \/>\n<meta name=\"twitter:card\" content=\"summary_large_image\" \/>\n<meta name=\"twitter:label1\" content=\"Gesch\u00e4tzte Lesezeit\" \/>\n\t<meta name=\"twitter:data1\" content=\"1 Minute\" \/>\n<script type=\"application\/ld+json\" class=\"yoast-schema-graph\">{\"@context\":\"https:\/\/schema.org\",\"@graph\":[{\"@type\":\"WebPage\",\"@id\":\"https:\/\/dulacetduparc.com\/de\/natale-a-riva-del-garda\/\",\"url\":\"https:\/\/dulacetduparc.com\/de\/natale-a-riva-del-garda\/\",\"name\":\"Weihnachten in Riva del Garda - Du Lac et Du Parc Grand Resort\",\"isPartOf\":{\"@id\":\"https:\/\/dulacetduparc.com\/de\/#website\"},\"datePublished\":\"2022-09-07T13:07:08+00:00\",\"dateModified\":\"2025-12-05T15:20:42+00:00\",\"breadcrumb\":{\"@id\":\"https:\/\/dulacetduparc.com\/de\/natale-a-riva-del-garda\/#breadcrumb\"},\"inLanguage\":\"de-DE\",\"potentialAction\":[{\"@type\":\"ReadAction\",\"target\":[\"https:\/\/dulacetduparc.com\/de\/natale-a-riva-del-garda\/\"]}]},{\"@type\":\"BreadcrumbList\",\"@id\":\"https:\/\/dulacetduparc.com\/de\/natale-a-riva-del-garda\/#breadcrumb\",\"itemListElement\":[{\"@type\":\"ListItem\",\"position\":1,\"name\":\"Home\",\"item\":\"https:\/\/dulacetduparc.com\/de\/\"},{\"@type\":\"ListItem\",\"position\":2,\"name\":\"Weihnachten in Riva del Garda\"}]},{\"@type\":\"WebSite\",\"@id\":\"https:\/\/dulacetduparc.com\/de\/#website\",\"url\":\"https:\/\/dulacetduparc.com\/de\/\",\"name\":\"Du Lac et Du Parc Grand Resort\",\"description\":\"Just another ms.decms.eu site\",\"potentialAction\":[{\"@type\":\"SearchAction\",\"target\":{\"@type\":\"EntryPoint\",\"urlTemplate\":\"https:\/\/dulacetduparc.com\/de\/?s={search_term_string}\"},\"query-input\":{\"@type\":\"PropertyValueSpecification\",\"valueRequired\":true,\"valueName\":\"search_term_string\"}}],\"inLanguage\":\"de-DE\"}]}<\/script>\n<!-- \/ Yoast SEO plugin. -->","yoast_head_json":{"title":"Weihnachten in Riva del Garda - Du Lac et Du Parc Grand Resort","robots":{"index":"index","follow":"follow","max-snippet":"max-snippet:-1","max-image-preview":"max-image-preview:large","max-video-preview":"max-video-preview:-1"},"canonical":"https:\/\/dulacetduparc.com\/de\/natale-a-riva-del-garda\/","og_locale":"de_DE","og_type":"article","og_title":"Weihnachten in Riva del Garda - Du Lac et Du Parc Grand Resort","og_description":"Dieses Jahr ist das Du Lac et Du Parc Grand Resort ganz in&#8230; Wei\u00df gehalten. Entdecken Sie alle unsere Winterangebote f\u00fcr einen Urlaub in der Weihnachtszeit in Riva del Garda. Von Weihnachtsm\u00e4rkten \u00fcber zahlreiche Aktivit\u00e4ten f\u00fcr die Kinder bis hin zu einzigartigen Wellness-Momenten in unserem Armonia Spa.\u00a0 Trentino ist das ideale Ziel f\u00fcr Ihren Weihnachtsurlaub.","og_url":"https:\/\/dulacetduparc.com\/de\/natale-a-riva-del-garda\/","og_site_name":"Du Lac et Du Parc Grand Resort","article_modified_time":"2025-12-05T15:20:42+00:00","twitter_card":"summary_large_image","twitter_misc":{"Gesch\u00e4tzte Lesezeit":"1 Minute"},"schema":{"@context":"https:\/\/schema.org","@graph":[{"@type":"WebPage","@id":"https:\/\/dulacetduparc.com\/de\/natale-a-riva-del-garda\/","url":"https:\/\/dulacetduparc.com\/de\/natale-a-riva-del-garda\/","name":"Weihnachten in Riva del Garda - Du Lac et Du Parc Grand Resort","isPartOf":{"@id":"https:\/\/dulacetduparc.com\/de\/#website"},"datePublished":"2022-09-07T13:07:08+00:00","dateModified":"2025-12-05T15:20:42+00:00","breadcrumb":{"@id":"https:\/\/dulacetduparc.com\/de\/natale-a-riva-del-garda\/#breadcrumb"},"inLanguage":"de-DE","potentialAction":[{"@type":"ReadAction","target":["https:\/\/dulacetduparc.com\/de\/natale-a-riva-del-garda\/"]}]},{"@type":"BreadcrumbList","@id":"https:\/\/dulacetduparc.com\/de\/natale-a-riva-del-garda\/#breadcrumb","itemListElement":[{"@type":"ListItem","position":1,"name":"Home","item":"https:\/\/dulacetduparc.com\/de\/"},{"@type":"ListItem","position":2,"name":"Weihnachten in Riva del Garda"}]},{"@type":"WebSite","@id":"https:\/\/dulacetduparc.com\/de\/#website","url":"https:\/\/dulacetduparc.com\/de\/","name":"Du Lac et Du Parc Grand Resort","description":"Just another ms.decms.eu site","potentialAction":[{"@type":"SearchAction","target":{"@type":"EntryPoint","urlTemplate":"https:\/\/dulacetduparc.com\/de\/?s={search_term_string}"},"query-input":{"@type":"PropertyValueSpecification","valueRequired":true,"valueName":"search_term_string"}}],"inLanguage":"de-DE"}]}},"acf":[],"_links":{"self":[{"href":"https:\/\/dulacetduparc.com\/de\/wp-json\/wp\/v2\/pages\/1567","targetHints":{"allow":["GET"]}}],"collection":[{"href":"https:\/\/dulacetduparc.com\/de\/wp-json\/wp\/v2\/pages"}],"about":[{"href":"https:\/\/dulacetduparc.com\/de\/wp-json\/wp\/v2\/types\/page"}],"author":[{"embeddable":true,"href":"https:\/\/dulacetduparc.com\/de\/wp-json\/wp\/v2\/users\/273"}],"replies":[{"embeddable":true,"href":"https:\/\/dulacetduparc.com\/de\/wp-json\/wp\/v2\/comments?post=1567"}],"version-history":[{"count":0,"href":"https:\/\/dulacetduparc.com\/de\/wp-json\/wp\/v2\/pages\/1567\/revisions"}],"wp:attachment":[{"href":"https:\/\/dulacetduparc.com\/de\/wp-json\/wp\/v2\/media?parent=1567"}],"curies":[{"name":"wp","href":"https:\/\/api.w.org\/{rel}","templated":true}]}}