{"id":1435,"date":"2022-06-07T10:34:52","date_gmt":"2022-06-07T10:34:52","guid":{"rendered":"https:\/\/dulacetduparc.com\/?page_id=1435"},"modified":"2022-06-09T12:42:25","modified_gmt":"2022-06-09T12:42:25","slug":"teambuilding-am-gardasee","status":"publish","type":"page","link":"https:\/\/dulacetduparc.com\/de\/teambuilding-am-gardasee\/","title":{"rendered":"Teambuilding"},"content":{"rendered":"<p>Sailing DuLac: eine gro\u00dfartige Idee, um Ihr Team zu motivieren und zu begeistern.<\/p>\n<p>Segeln stimuliert die F\u00e4higkeit zur Interaktion zwischen Menschen, optimiert die pers\u00f6nlichen und beruflichen Qualit\u00e4ten f\u00fcr das Erreichen der gesetzten Ziele und verbessert die Wettbewerbsf\u00e4higkeit und die Teamarbeit.<\/p>\n","protected":false},"excerpt":{"rendered":"<p>Sailing DuLac: eine gro\u00dfartige Idee, um Ihr Team zu motivieren und zu begeistern. Segeln stimuliert die F\u00e4higkeit zur Interaktion zwischen Menschen, optimiert die pers\u00f6nlichen und beruflichen Qualit\u00e4ten f\u00fcr das Erreichen der gesetzten Ziele und verbessert die Wettbewerbsf\u00e4higkeit und die Teamarbeit.<\/p>\n","protected":false},"author":273,"featured_media":0,"parent":0,"menu_order":0,"comment_status":"closed","ping_status":"closed","template":"","meta":{"footnotes":""},"class_list":["post-1435","page","type-page","status-publish","hentry"],"yoast_head":"<!-- This site is optimized with the Yoast SEO plugin v26.9 - https:\/\/yoast.com\/product\/yoast-seo-wordpress\/ -->\n<title>Teambuilding - Du Lac et Du Parc Grand Resort<\/title>\n<meta name=\"robots\" content=\"index, follow, max-snippet:-1, max-image-preview:large, max-video-preview:-1\" \/>\n<link rel=\"canonical\" href=\"https:\/\/dulacetduparc.com\/de\/teambuilding-am-gardasee\/\" \/>\n<meta property=\"og:locale\" content=\"de_DE\" \/>\n<meta property=\"og:type\" content=\"article\" \/>\n<meta property=\"og:title\" content=\"Teambuilding - Du Lac et Du Parc Grand Resort\" \/>\n<meta property=\"og:description\" content=\"Sailing DuLac: eine gro\u00dfartige Idee, um Ihr Team zu motivieren und zu begeistern. Segeln stimuliert die F\u00e4higkeit zur Interaktion zwischen Menschen, optimiert die pers\u00f6nlichen und beruflichen Qualit\u00e4ten f\u00fcr das Erreichen der gesetzten Ziele und verbessert die Wettbewerbsf\u00e4higkeit und die Teamarbeit.\" \/>\n<meta property=\"og:url\" content=\"https:\/\/dulacetduparc.com\/de\/teambuilding-am-gardasee\/\" \/>\n<meta property=\"og:site_name\" content=\"Du Lac et Du Parc Grand Resort\" \/>\n<meta property=\"article:modified_time\" content=\"2022-06-09T12:42:25+00:00\" \/>\n<meta name=\"twitter:card\" content=\"summary_large_image\" \/>\n<meta name=\"twitter:label1\" content=\"Gesch\u00e4tzte Lesezeit\" \/>\n\t<meta name=\"twitter:data1\" content=\"1 Minute\" \/>\n<script type=\"application\/ld+json\" class=\"yoast-schema-graph\">{\"@context\":\"https:\/\/schema.org\",\"@graph\":[{\"@type\":\"WebPage\",\"@id\":\"https:\/\/dulacetduparc.com\/de\/teambuilding-am-gardasee\/\",\"url\":\"https:\/\/dulacetduparc.com\/de\/teambuilding-am-gardasee\/\",\"name\":\"Teambuilding - Du Lac et Du Parc Grand Resort\",\"isPartOf\":{\"@id\":\"https:\/\/dulacetduparc.com\/de\/#website\"},\"datePublished\":\"2022-06-07T10:34:52+00:00\",\"dateModified\":\"2022-06-09T12:42:25+00:00\",\"breadcrumb\":{\"@id\":\"https:\/\/dulacetduparc.com\/de\/teambuilding-am-gardasee\/#breadcrumb\"},\"inLanguage\":\"de-DE\",\"potentialAction\":[{\"@type\":\"ReadAction\",\"target\":[\"https:\/\/dulacetduparc.com\/de\/teambuilding-am-gardasee\/\"]}]},{\"@type\":\"BreadcrumbList\",\"@id\":\"https:\/\/dulacetduparc.com\/de\/teambuilding-am-gardasee\/#breadcrumb\",\"itemListElement\":[{\"@type\":\"ListItem\",\"position\":1,\"name\":\"Home\",\"item\":\"https:\/\/dulacetduparc.com\/de\/\"},{\"@type\":\"ListItem\",\"position\":2,\"name\":\"Teambuilding\"}]},{\"@type\":\"WebSite\",\"@id\":\"https:\/\/dulacetduparc.com\/de\/#website\",\"url\":\"https:\/\/dulacetduparc.com\/de\/\",\"name\":\"Du Lac et Du Parc Grand Resort\",\"description\":\"Just another ms.decms.eu site\",\"potentialAction\":[{\"@type\":\"SearchAction\",\"target\":{\"@type\":\"EntryPoint\",\"urlTemplate\":\"https:\/\/dulacetduparc.com\/de\/?s={search_term_string}\"},\"query-input\":{\"@type\":\"PropertyValueSpecification\",\"valueRequired\":true,\"valueName\":\"search_term_string\"}}],\"inLanguage\":\"de-DE\"}]}<\/script>\n<!-- \/ Yoast SEO plugin. -->","yoast_head_json":{"title":"Teambuilding - Du Lac et Du Parc Grand Resort","robots":{"index":"index","follow":"follow","max-snippet":"max-snippet:-1","max-image-preview":"max-image-preview:large","max-video-preview":"max-video-preview:-1"},"canonical":"https:\/\/dulacetduparc.com\/de\/teambuilding-am-gardasee\/","og_locale":"de_DE","og_type":"article","og_title":"Teambuilding - Du Lac et Du Parc Grand Resort","og_description":"Sailing DuLac: eine gro\u00dfartige Idee, um Ihr Team zu motivieren und zu begeistern. Segeln stimuliert die F\u00e4higkeit zur Interaktion zwischen Menschen, optimiert die pers\u00f6nlichen und beruflichen Qualit\u00e4ten f\u00fcr das Erreichen der gesetzten Ziele und verbessert die Wettbewerbsf\u00e4higkeit und die Teamarbeit.","og_url":"https:\/\/dulacetduparc.com\/de\/teambuilding-am-gardasee\/","og_site_name":"Du Lac et Du Parc Grand Resort","article_modified_time":"2022-06-09T12:42:25+00:00","twitter_card":"summary_large_image","twitter_misc":{"Gesch\u00e4tzte Lesezeit":"1 Minute"},"schema":{"@context":"https:\/\/schema.org","@graph":[{"@type":"WebPage","@id":"https:\/\/dulacetduparc.com\/de\/teambuilding-am-gardasee\/","url":"https:\/\/dulacetduparc.com\/de\/teambuilding-am-gardasee\/","name":"Teambuilding - Du Lac et Du Parc Grand Resort","isPartOf":{"@id":"https:\/\/dulacetduparc.com\/de\/#website"},"datePublished":"2022-06-07T10:34:52+00:00","dateModified":"2022-06-09T12:42:25+00:00","breadcrumb":{"@id":"https:\/\/dulacetduparc.com\/de\/teambuilding-am-gardasee\/#breadcrumb"},"inLanguage":"de-DE","potentialAction":[{"@type":"ReadAction","target":["https:\/\/dulacetduparc.com\/de\/teambuilding-am-gardasee\/"]}]},{"@type":"BreadcrumbList","@id":"https:\/\/dulacetduparc.com\/de\/teambuilding-am-gardasee\/#breadcrumb","itemListElement":[{"@type":"ListItem","position":1,"name":"Home","item":"https:\/\/dulacetduparc.com\/de\/"},{"@type":"ListItem","position":2,"name":"Teambuilding"}]},{"@type":"WebSite","@id":"https:\/\/dulacetduparc.com\/de\/#website","url":"https:\/\/dulacetduparc.com\/de\/","name":"Du Lac et Du Parc Grand Resort","description":"Just another ms.decms.eu site","potentialAction":[{"@type":"SearchAction","target":{"@type":"EntryPoint","urlTemplate":"https:\/\/dulacetduparc.com\/de\/?s={search_term_string}"},"query-input":{"@type":"PropertyValueSpecification","valueRequired":true,"valueName":"search_term_string"}}],"inLanguage":"de-DE"}]}},"acf":[],"_links":{"self":[{"href":"https:\/\/dulacetduparc.com\/de\/wp-json\/wp\/v2\/pages\/1435","targetHints":{"allow":["GET"]}}],"collection":[{"href":"https:\/\/dulacetduparc.com\/de\/wp-json\/wp\/v2\/pages"}],"about":[{"href":"https:\/\/dulacetduparc.com\/de\/wp-json\/wp\/v2\/types\/page"}],"author":[{"embeddable":true,"href":"https:\/\/dulacetduparc.com\/de\/wp-json\/wp\/v2\/users\/273"}],"replies":[{"embeddable":true,"href":"https:\/\/dulacetduparc.com\/de\/wp-json\/wp\/v2\/comments?post=1435"}],"version-history":[{"count":0,"href":"https:\/\/dulacetduparc.com\/de\/wp-json\/wp\/v2\/pages\/1435\/revisions"}],"wp:attachment":[{"href":"https:\/\/dulacetduparc.com\/de\/wp-json\/wp\/v2\/media?parent=1435"}],"curies":[{"name":"wp","href":"https:\/\/api.w.org\/{rel}","templated":true}]}}