{"id":1412,"date":"2022-05-25T14:06:45","date_gmt":"2022-05-25T14:06:45","guid":{"rendered":"https:\/\/dulacetduparc.com\/green\/"},"modified":"2026-02-09T15:10:54","modified_gmt":"2026-02-09T15:10:54","slug":"green","status":"publish","type":"page","link":"https:\/\/dulacetduparc.com\/de\/green\/","title":{"rendered":"Nachhaltigkeit"},"content":{"rendered":"<p><img class=\"wp-image-3243  aligncenter lazy\" data-src=\"https:\/\/dulacetduparc.com\/wp-content\/uploads\/sites\/292\/2026\/02\/LOGO-WEBSITE-300x114.png\" alt=\"\" width=\"555\" height=\"211\" srcset=\"https:\/\/dulacetduparc.com\/wp-content\/uploads\/sites\/292\/2026\/02\/LOGO-WEBSITE-300x114.png 300w, https:\/\/dulacetduparc.com\/wp-content\/uploads\/sites\/292\/2026\/02\/LOGO-WEBSITE-1024x388.png 1024w, https:\/\/dulacetduparc.com\/wp-content\/uploads\/sites\/292\/2026\/02\/LOGO-WEBSITE-768x291.png 768w, https:\/\/dulacetduparc.com\/wp-content\/uploads\/sites\/292\/2026\/02\/LOGO-WEBSITE-1536x582.png 1536w, https:\/\/dulacetduparc.com\/wp-content\/uploads\/sites\/292\/2026\/02\/LOGO-WEBSITE-2048x775.png 2048w, https:\/\/dulacetduparc.com\/wp-content\/uploads\/sites\/292\/2026\/02\/LOGO-WEBSITE-1000x379.png 1000w, https:\/\/dulacetduparc.com\/wp-content\/uploads\/sites\/292\/2026\/02\/LOGO-WEBSITE-400x151.png 400w\" sizes=\"(max-width: 555px) 100vw, 555px\" \/><\/p>\n<p>&nbsp;<\/p>\n<p style=\"text-align: center\">Unser Engagement f\u00fcr Nachhaltigkeit hat einen wichtigen Meilenstein erreicht: Das Du Lac et Du Parc Grand Resort hat die <strong>GSTC-Zertifizierung (Global Sustainable Tourism Council) erhalten, den wichtigsten internationalen Standard f\u00fcr nachhaltigen Tourismus.<\/strong><\/p>\n<p style=\"text-align: center\">Diese Zertifizierung ist nicht nur eine Anerkennung, sondern das konkrete Ergebnis eines Weges, der von verantwortungsvollen Entscheidungen, Investitionen und neuen Praktiken in allen Bereichen des Resorts gepr\u00e4gt ist.<br \/>\nMonatelang haben wir daran gearbeitet, nachhaltigere Prozesse zu implementieren, die Energieeffizienz zu verbessern, den Verbrauch zu senken, unseren Naturpark zu sch\u00fctzen und eine Kultur des Respekts zu f\u00f6rdern \u2013 f\u00fcr die Umwelt, f\u00fcr die Menschen, f\u00fcr die Gemeinschaft.<\/p>\n<p style=\"text-align: center\">Der GSTC bewertet und zertifiziert das gesamte Managementsystem nach \u00f6kologischen, sozialen, kulturellen und wirtschaftlichen Kriterien:<br \/>\nvon Wasser- und Energieeinsparungen \u00fcber Abfallmanagement<br \/>\n\u00fcber die Unterst\u00fctzung der lokalen Lieferkette bis hin zum Schutz der Rechte unserer Mitarbeiter,<br \/>\nvom Schutz der Artenvielfalt bis hin zur Sensibilisierung der G\u00e4ste.<\/p>\n<p style=\"text-align: center\">F\u00fcr uns bedeutet Nachhaltigkeit, heute Werte zu schaffen, ohne die Zukunft zu gef\u00e4hrden.<\/p>\n<p style=\"text-align: center\">Diese Zertifizierung ist ein Ausgangspunkt, kein Ziel: Wir verbessern uns jeden Tag weiter, weil wir glauben, dass das Wohlbefinden unserer G\u00e4ste mit dem Wohlbefinden unseres Planeten Hand in Hand gehen kann und muss.<\/p>\n<h3 style=\"text-align: center\">Bewusste Entscheidungen, jeden Tag<\/h3>\n<p style=\"text-align: center\">Wir haben uns gefragt, wie wir jede Geste nachhaltiger gestalten k\u00f6nnen: von den Energiequellen bis zum Kochen, von den Materialien, die wir verwenden, bis zu unseren Beziehungen zum Territorium.<\/p>\n<p style=\"text-align: center\">Wir haben einen Ethikkodex und einen Nachhaltigkeitsplan mit klaren und messbaren Zielen verabschiedet. Unsere Mission ist es, authentische und respektvolle Gastfreundschaft anzubieten. Unsere Vision ist es, ein Bezugspunkt f\u00fcr nachhaltigen Tourismus im Garda Trentino zu werden.<\/p>\n<h3 style=\"text-align: center\">#makethedifference<\/h3>\n<p style=\"text-align: center\">Bei Du Lac et Du Parc glauben wir an eine Gastfreundschaft, die die Natur respektiert. Jede Geste z\u00e4hlt: Helfen Sie uns, die Sch\u00f6nheit dieses Ortes zu bewahren, heute und f\u00fcr die Zukunft.<\/p>\n<p style=\"text-align: center\"><a href=\"https:\/\/www.gardatrentino.it\/de\/make-the-difference\" target=\"_blank\" rel=\"noopener\"><strong>HELFEN SIE UNS<\/strong><\/a><\/p>\n","protected":false},"excerpt":{"rendered":"<p>&nbsp; Unser Engagement f\u00fcr Nachhaltigkeit hat einen wichtigen Meilenstein erreicht: Das Du Lac et Du Parc Grand Resort hat die GSTC-Zertifizierung (Global Sustainable Tourism Council) erhalten, den wichtigsten internationalen Standard f\u00fcr nachhaltigen Tourismus. Diese Zertifizierung ist nicht nur eine Anerkennung, sondern das konkrete Ergebnis eines Weges, der von verantwortungsvollen Entscheidungen, Investitionen und neuen Praktiken in [&hellip;]<\/p>\n","protected":false},"author":273,"featured_media":0,"parent":0,"menu_order":0,"comment_status":"closed","ping_status":"closed","template":"","meta":{"footnotes":""},"class_list":["post-1412","page","type-page","status-publish","hentry"],"yoast_head":"<!-- This site is optimized with the Yoast SEO plugin v26.9 - https:\/\/yoast.com\/product\/yoast-seo-wordpress\/ -->\n<title>Nachhaltigkeit - Du Lac et Du Parc Grand Resort<\/title>\n<meta name=\"robots\" content=\"index, follow, max-snippet:-1, max-image-preview:large, max-video-preview:-1\" \/>\n<link rel=\"canonical\" href=\"https:\/\/dulacetduparc.com\/de\/green\/\" \/>\n<meta property=\"og:locale\" content=\"de_DE\" \/>\n<meta property=\"og:type\" content=\"article\" \/>\n<meta property=\"og:title\" content=\"Nachhaltigkeit - Du Lac et Du Parc Grand Resort\" \/>\n<meta property=\"og:description\" content=\"&nbsp; Unser Engagement f\u00fcr Nachhaltigkeit hat einen wichtigen Meilenstein erreicht: Das Du Lac et Du Parc Grand Resort hat die GSTC-Zertifizierung (Global Sustainable Tourism Council) erhalten, den wichtigsten internationalen Standard f\u00fcr nachhaltigen Tourismus. Diese Zertifizierung ist nicht nur eine Anerkennung, sondern das konkrete Ergebnis eines Weges, der von verantwortungsvollen Entscheidungen, Investitionen und neuen Praktiken in [&hellip;]\" \/>\n<meta property=\"og:url\" content=\"https:\/\/dulacetduparc.com\/de\/green\/\" \/>\n<meta property=\"og:site_name\" content=\"Du Lac et Du Parc Grand Resort\" \/>\n<meta property=\"article:modified_time\" content=\"2026-02-09T15:10:54+00:00\" \/>\n<meta property=\"og:image\" content=\"https:\/\/dulacetduparc.com\/wp-content\/uploads\/sites\/292\/2026\/02\/LOGO-WEBSITE-300x114.png\" \/>\n<meta name=\"twitter:card\" content=\"summary_large_image\" \/>\n<meta name=\"twitter:label1\" content=\"Gesch\u00e4tzte Lesezeit\" \/>\n\t<meta name=\"twitter:data1\" content=\"2 Minuten\" \/>\n<script type=\"application\/ld+json\" class=\"yoast-schema-graph\">{\"@context\":\"https:\/\/schema.org\",\"@graph\":[{\"@type\":\"WebPage\",\"@id\":\"https:\/\/dulacetduparc.com\/de\/green\/\",\"url\":\"https:\/\/dulacetduparc.com\/de\/green\/\",\"name\":\"Nachhaltigkeit - Du Lac et Du Parc Grand Resort\",\"isPartOf\":{\"@id\":\"https:\/\/dulacetduparc.com\/de\/#website\"},\"primaryImageOfPage\":{\"@id\":\"https:\/\/dulacetduparc.com\/de\/green\/#primaryimage\"},\"image\":{\"@id\":\"https:\/\/dulacetduparc.com\/de\/green\/#primaryimage\"},\"thumbnailUrl\":\"https:\/\/dulacetduparc.com\/wp-content\/uploads\/sites\/292\/2026\/02\/LOGO-WEBSITE-300x114.png\",\"datePublished\":\"2022-05-25T14:06:45+00:00\",\"dateModified\":\"2026-02-09T15:10:54+00:00\",\"breadcrumb\":{\"@id\":\"https:\/\/dulacetduparc.com\/de\/green\/#breadcrumb\"},\"inLanguage\":\"de-DE\",\"potentialAction\":[{\"@type\":\"ReadAction\",\"target\":[\"https:\/\/dulacetduparc.com\/de\/green\/\"]}]},{\"@type\":\"ImageObject\",\"inLanguage\":\"de-DE\",\"@id\":\"https:\/\/dulacetduparc.com\/de\/green\/#primaryimage\",\"url\":\"https:\/\/dulacetduparc.com\/wp-content\/uploads\/sites\/292\/2026\/02\/LOGO-WEBSITE-300x114.png\",\"contentUrl\":\"https:\/\/dulacetduparc.com\/wp-content\/uploads\/sites\/292\/2026\/02\/LOGO-WEBSITE-300x114.png\"},{\"@type\":\"BreadcrumbList\",\"@id\":\"https:\/\/dulacetduparc.com\/de\/green\/#breadcrumb\",\"itemListElement\":[{\"@type\":\"ListItem\",\"position\":1,\"name\":\"Home\",\"item\":\"https:\/\/dulacetduparc.com\/de\/\"},{\"@type\":\"ListItem\",\"position\":2,\"name\":\"Nachhaltigkeit\"}]},{\"@type\":\"WebSite\",\"@id\":\"https:\/\/dulacetduparc.com\/de\/#website\",\"url\":\"https:\/\/dulacetduparc.com\/de\/\",\"name\":\"Du Lac et Du Parc Grand Resort\",\"description\":\"Just another ms.decms.eu site\",\"potentialAction\":[{\"@type\":\"SearchAction\",\"target\":{\"@type\":\"EntryPoint\",\"urlTemplate\":\"https:\/\/dulacetduparc.com\/de\/?s={search_term_string}\"},\"query-input\":{\"@type\":\"PropertyValueSpecification\",\"valueRequired\":true,\"valueName\":\"search_term_string\"}}],\"inLanguage\":\"de-DE\"}]}<\/script>\n<!-- \/ Yoast SEO plugin. -->","yoast_head_json":{"title":"Nachhaltigkeit - Du Lac et Du Parc Grand Resort","robots":{"index":"index","follow":"follow","max-snippet":"max-snippet:-1","max-image-preview":"max-image-preview:large","max-video-preview":"max-video-preview:-1"},"canonical":"https:\/\/dulacetduparc.com\/de\/green\/","og_locale":"de_DE","og_type":"article","og_title":"Nachhaltigkeit - Du Lac et Du Parc Grand Resort","og_description":"&nbsp; Unser Engagement f\u00fcr Nachhaltigkeit hat einen wichtigen Meilenstein erreicht: Das Du Lac et Du Parc Grand Resort hat die GSTC-Zertifizierung (Global Sustainable Tourism Council) erhalten, den wichtigsten internationalen Standard f\u00fcr nachhaltigen Tourismus. Diese Zertifizierung ist nicht nur eine Anerkennung, sondern das konkrete Ergebnis eines Weges, der von verantwortungsvollen Entscheidungen, Investitionen und neuen Praktiken in [&hellip;]","og_url":"https:\/\/dulacetduparc.com\/de\/green\/","og_site_name":"Du Lac et Du Parc Grand Resort","article_modified_time":"2026-02-09T15:10:54+00:00","og_image":[{"url":"https:\/\/dulacetduparc.com\/wp-content\/uploads\/sites\/292\/2026\/02\/LOGO-WEBSITE-300x114.png","type":"","width":"","height":""}],"twitter_card":"summary_large_image","twitter_misc":{"Gesch\u00e4tzte Lesezeit":"2 Minuten"},"schema":{"@context":"https:\/\/schema.org","@graph":[{"@type":"WebPage","@id":"https:\/\/dulacetduparc.com\/de\/green\/","url":"https:\/\/dulacetduparc.com\/de\/green\/","name":"Nachhaltigkeit - Du Lac et Du Parc Grand Resort","isPartOf":{"@id":"https:\/\/dulacetduparc.com\/de\/#website"},"primaryImageOfPage":{"@id":"https:\/\/dulacetduparc.com\/de\/green\/#primaryimage"},"image":{"@id":"https:\/\/dulacetduparc.com\/de\/green\/#primaryimage"},"thumbnailUrl":"https:\/\/dulacetduparc.com\/wp-content\/uploads\/sites\/292\/2026\/02\/LOGO-WEBSITE-300x114.png","datePublished":"2022-05-25T14:06:45+00:00","dateModified":"2026-02-09T15:10:54+00:00","breadcrumb":{"@id":"https:\/\/dulacetduparc.com\/de\/green\/#breadcrumb"},"inLanguage":"de-DE","potentialAction":[{"@type":"ReadAction","target":["https:\/\/dulacetduparc.com\/de\/green\/"]}]},{"@type":"ImageObject","inLanguage":"de-DE","@id":"https:\/\/dulacetduparc.com\/de\/green\/#primaryimage","url":"https:\/\/dulacetduparc.com\/wp-content\/uploads\/sites\/292\/2026\/02\/LOGO-WEBSITE-300x114.png","contentUrl":"https:\/\/dulacetduparc.com\/wp-content\/uploads\/sites\/292\/2026\/02\/LOGO-WEBSITE-300x114.png"},{"@type":"BreadcrumbList","@id":"https:\/\/dulacetduparc.com\/de\/green\/#breadcrumb","itemListElement":[{"@type":"ListItem","position":1,"name":"Home","item":"https:\/\/dulacetduparc.com\/de\/"},{"@type":"ListItem","position":2,"name":"Nachhaltigkeit"}]},{"@type":"WebSite","@id":"https:\/\/dulacetduparc.com\/de\/#website","url":"https:\/\/dulacetduparc.com\/de\/","name":"Du Lac et Du Parc Grand Resort","description":"Just another ms.decms.eu site","potentialAction":[{"@type":"SearchAction","target":{"@type":"EntryPoint","urlTemplate":"https:\/\/dulacetduparc.com\/de\/?s={search_term_string}"},"query-input":{"@type":"PropertyValueSpecification","valueRequired":true,"valueName":"search_term_string"}}],"inLanguage":"de-DE"}]}},"acf":[],"_links":{"self":[{"href":"https:\/\/dulacetduparc.com\/de\/wp-json\/wp\/v2\/pages\/1412","targetHints":{"allow":["GET"]}}],"collection":[{"href":"https:\/\/dulacetduparc.com\/de\/wp-json\/wp\/v2\/pages"}],"about":[{"href":"https:\/\/dulacetduparc.com\/de\/wp-json\/wp\/v2\/types\/page"}],"author":[{"embeddable":true,"href":"https:\/\/dulacetduparc.com\/de\/wp-json\/wp\/v2\/users\/273"}],"replies":[{"embeddable":true,"href":"https:\/\/dulacetduparc.com\/de\/wp-json\/wp\/v2\/comments?post=1412"}],"version-history":[{"count":0,"href":"https:\/\/dulacetduparc.com\/de\/wp-json\/wp\/v2\/pages\/1412\/revisions"}],"wp:attachment":[{"href":"https:\/\/dulacetduparc.com\/de\/wp-json\/wp\/v2\/media?parent=1412"}],"curies":[{"name":"wp","href":"https:\/\/api.w.org\/{rel}","templated":true}]}}