{"id":1375,"date":"2022-05-24T07:18:48","date_gmt":"2022-05-24T07:18:48","guid":{"rendered":"https:\/\/dulacetduparc.com\/parkguests\/"},"modified":"2022-05-25T14:27:34","modified_gmt":"2022-05-25T14:27:34","slug":"parkguests","status":"publish","type":"page","link":"https:\/\/dulacetduparc.com\/de\/parkguests\/","title":{"rendered":"Park Guests &#8211; Video"},"content":{"rendered":"<p style=\"text-align: center\">Haben Sie es nicht geschafft, alle G\u00e4ste in unserem Park zu sehen? Keine Sorge, hier k\u00f6nnen Sie selbst die scheuesten Tiere aus n\u00e4chster N\u00e4he beobachten!<\/p>\n<p style=\"text-align: center\">\u00d6ffnen Sie das Video und genie\u00dfen Sie die Show \ud83e\udd86 \ud83c\udf34<\/p>\n","protected":false},"excerpt":{"rendered":"<p>Haben Sie es nicht geschafft, alle G\u00e4ste in unserem Park zu sehen? Keine Sorge, hier k\u00f6nnen Sie selbst die scheuesten Tiere aus n\u00e4chster N\u00e4he beobachten! \u00d6ffnen Sie das Video und genie\u00dfen Sie die Show \ud83e\udd86 \ud83c\udf34<\/p>\n","protected":false},"author":273,"featured_media":0,"parent":0,"menu_order":0,"comment_status":"closed","ping_status":"closed","template":"template-gallery.php","meta":{"footnotes":""},"class_list":["post-1375","page","type-page","status-publish","hentry"],"yoast_head":"<!-- This site is optimized with the Yoast SEO plugin v26.9 - https:\/\/yoast.com\/product\/yoast-seo-wordpress\/ -->\n<title>Park Guests - Video - Du Lac et Du Parc Grand Resort<\/title>\n<meta name=\"robots\" content=\"index, follow, max-snippet:-1, max-image-preview:large, max-video-preview:-1\" \/>\n<link rel=\"canonical\" href=\"https:\/\/dulacetduparc.com\/de\/parkguests\/\" \/>\n<meta property=\"og:locale\" content=\"de_DE\" \/>\n<meta property=\"og:type\" content=\"article\" \/>\n<meta property=\"og:title\" content=\"Park Guests - Video - Du Lac et Du Parc Grand Resort\" \/>\n<meta property=\"og:description\" content=\"Haben Sie es nicht geschafft, alle G\u00e4ste in unserem Park zu sehen? Keine Sorge, hier k\u00f6nnen Sie selbst die scheuesten Tiere aus n\u00e4chster N\u00e4he beobachten! \u00d6ffnen Sie das Video und genie\u00dfen Sie die Show \ud83e\udd86 \ud83c\udf34\" \/>\n<meta property=\"og:url\" content=\"https:\/\/dulacetduparc.com\/de\/parkguests\/\" \/>\n<meta property=\"og:site_name\" content=\"Du Lac et Du Parc Grand Resort\" \/>\n<meta property=\"article:modified_time\" content=\"2022-05-25T14:27:34+00:00\" \/>\n<meta name=\"twitter:card\" content=\"summary_large_image\" \/>\n<script type=\"application\/ld+json\" class=\"yoast-schema-graph\">{\"@context\":\"https:\/\/schema.org\",\"@graph\":[{\"@type\":\"WebPage\",\"@id\":\"https:\/\/dulacetduparc.com\/de\/parkguests\/\",\"url\":\"https:\/\/dulacetduparc.com\/de\/parkguests\/\",\"name\":\"Park Guests - Video - Du Lac et Du Parc Grand Resort\",\"isPartOf\":{\"@id\":\"https:\/\/dulacetduparc.com\/de\/#website\"},\"datePublished\":\"2022-05-24T07:18:48+00:00\",\"dateModified\":\"2022-05-25T14:27:34+00:00\",\"breadcrumb\":{\"@id\":\"https:\/\/dulacetduparc.com\/de\/parkguests\/#breadcrumb\"},\"inLanguage\":\"de-DE\",\"potentialAction\":[{\"@type\":\"ReadAction\",\"target\":[\"https:\/\/dulacetduparc.com\/de\/parkguests\/\"]}]},{\"@type\":\"BreadcrumbList\",\"@id\":\"https:\/\/dulacetduparc.com\/de\/parkguests\/#breadcrumb\",\"itemListElement\":[{\"@type\":\"ListItem\",\"position\":1,\"name\":\"Home\",\"item\":\"https:\/\/dulacetduparc.com\/de\/\"},{\"@type\":\"ListItem\",\"position\":2,\"name\":\"Park Guests &#8211; Video\"}]},{\"@type\":\"WebSite\",\"@id\":\"https:\/\/dulacetduparc.com\/de\/#website\",\"url\":\"https:\/\/dulacetduparc.com\/de\/\",\"name\":\"Du Lac et Du Parc Grand Resort\",\"description\":\"Just another ms.decms.eu site\",\"potentialAction\":[{\"@type\":\"SearchAction\",\"target\":{\"@type\":\"EntryPoint\",\"urlTemplate\":\"https:\/\/dulacetduparc.com\/de\/?s={search_term_string}\"},\"query-input\":{\"@type\":\"PropertyValueSpecification\",\"valueRequired\":true,\"valueName\":\"search_term_string\"}}],\"inLanguage\":\"de-DE\"}]}<\/script>\n<!-- \/ Yoast SEO plugin. -->","yoast_head_json":{"title":"Park Guests - Video - Du Lac et Du Parc Grand Resort","robots":{"index":"index","follow":"follow","max-snippet":"max-snippet:-1","max-image-preview":"max-image-preview:large","max-video-preview":"max-video-preview:-1"},"canonical":"https:\/\/dulacetduparc.com\/de\/parkguests\/","og_locale":"de_DE","og_type":"article","og_title":"Park Guests - Video - Du Lac et Du Parc Grand Resort","og_description":"Haben Sie es nicht geschafft, alle G\u00e4ste in unserem Park zu sehen? Keine Sorge, hier k\u00f6nnen Sie selbst die scheuesten Tiere aus n\u00e4chster N\u00e4he beobachten! \u00d6ffnen Sie das Video und genie\u00dfen Sie die Show \ud83e\udd86 \ud83c\udf34","og_url":"https:\/\/dulacetduparc.com\/de\/parkguests\/","og_site_name":"Du Lac et Du Parc Grand Resort","article_modified_time":"2022-05-25T14:27:34+00:00","twitter_card":"summary_large_image","schema":{"@context":"https:\/\/schema.org","@graph":[{"@type":"WebPage","@id":"https:\/\/dulacetduparc.com\/de\/parkguests\/","url":"https:\/\/dulacetduparc.com\/de\/parkguests\/","name":"Park Guests - Video - Du Lac et Du Parc Grand Resort","isPartOf":{"@id":"https:\/\/dulacetduparc.com\/de\/#website"},"datePublished":"2022-05-24T07:18:48+00:00","dateModified":"2022-05-25T14:27:34+00:00","breadcrumb":{"@id":"https:\/\/dulacetduparc.com\/de\/parkguests\/#breadcrumb"},"inLanguage":"de-DE","potentialAction":[{"@type":"ReadAction","target":["https:\/\/dulacetduparc.com\/de\/parkguests\/"]}]},{"@type":"BreadcrumbList","@id":"https:\/\/dulacetduparc.com\/de\/parkguests\/#breadcrumb","itemListElement":[{"@type":"ListItem","position":1,"name":"Home","item":"https:\/\/dulacetduparc.com\/de\/"},{"@type":"ListItem","position":2,"name":"Park Guests &#8211; Video"}]},{"@type":"WebSite","@id":"https:\/\/dulacetduparc.com\/de\/#website","url":"https:\/\/dulacetduparc.com\/de\/","name":"Du Lac et Du Parc Grand Resort","description":"Just another ms.decms.eu site","potentialAction":[{"@type":"SearchAction","target":{"@type":"EntryPoint","urlTemplate":"https:\/\/dulacetduparc.com\/de\/?s={search_term_string}"},"query-input":{"@type":"PropertyValueSpecification","valueRequired":true,"valueName":"search_term_string"}}],"inLanguage":"de-DE"}]}},"acf":[],"_links":{"self":[{"href":"https:\/\/dulacetduparc.com\/de\/wp-json\/wp\/v2\/pages\/1375","targetHints":{"allow":["GET"]}}],"collection":[{"href":"https:\/\/dulacetduparc.com\/de\/wp-json\/wp\/v2\/pages"}],"about":[{"href":"https:\/\/dulacetduparc.com\/de\/wp-json\/wp\/v2\/types\/page"}],"author":[{"embeddable":true,"href":"https:\/\/dulacetduparc.com\/de\/wp-json\/wp\/v2\/users\/273"}],"replies":[{"embeddable":true,"href":"https:\/\/dulacetduparc.com\/de\/wp-json\/wp\/v2\/comments?post=1375"}],"version-history":[{"count":0,"href":"https:\/\/dulacetduparc.com\/de\/wp-json\/wp\/v2\/pages\/1375\/revisions"}],"wp:attachment":[{"href":"https:\/\/dulacetduparc.com\/de\/wp-json\/wp\/v2\/media?parent=1375"}],"curies":[{"name":"wp","href":"https:\/\/api.w.org\/{rel}","templated":true}]}}