{"id":1282,"date":"2022-03-16T15:47:19","date_gmt":"2022-03-16T15:47:19","guid":{"rendered":"https:\/\/dulacetduparc.com\/coaching-retreat\/"},"modified":"2022-12-15T09:22:53","modified_gmt":"2022-12-15T09:22:53","slug":"coaching-retreat","status":"publish","type":"page","link":"https:\/\/dulacetduparc.com\/de\/coaching-retreat\/","title":{"rendered":"Coaching Retreat"},"content":{"rendered":"<p style=\"text-align: center\"><strong>Gewinne f\u00fcr dich in diesen Tagen<\/strong><\/p>\n<ul>\n<li style=\"text-align: center\">Klarheit \u00fcber deine St\u00e4rken und Ziele<\/li>\n<li style=\"text-align: center\">Vertrauen zu dir, um mutig die n\u00e4chsten Schritte zu gehen<\/li>\n<li style=\"text-align: center\">Achtsamkeit f\u00fcr das richtige Ma\u00df<\/li>\n<li style=\"text-align: center\">Neue Kraft aus Ort und Begegnungen<\/li>\n<\/ul>\n<p>&nbsp;<\/p>\n<p style=\"text-align: center\"><strong>4 Tage<\/strong><br \/>\nUrlaubsreise zu Dir selbst<br \/>\nCoaching, Bewegung und Natur<\/p>\n<p style=\"text-align: center\">St\u00e4rke deine emotionale Kompetenz und innere Kraft und entdecke dich selbst.<br \/>\nWir schaffen den passenden Rahmen und unterst\u00fctzen dich dabei!<\/p>\n<p style=\"text-align: center\">Hotel Du Lac et Du Parc<br \/>\nAstrid Fleischmann und Constanze Spagnolli<\/p>\n","protected":false},"excerpt":{"rendered":"<p>Gewinne f\u00fcr dich in diesen Tagen Klarheit \u00fcber deine St\u00e4rken und Ziele Vertrauen zu dir, um mutig die n\u00e4chsten Schritte zu gehen Achtsamkeit f\u00fcr das richtige Ma\u00df Neue Kraft aus Ort und Begegnungen &nbsp; 4 Tage Urlaubsreise zu Dir selbst Coaching, Bewegung und Natur St\u00e4rke deine emotionale Kompetenz und innere Kraft und entdecke dich selbst. [&hellip;]<\/p>\n","protected":false},"author":273,"featured_media":0,"parent":0,"menu_order":0,"comment_status":"closed","ping_status":"closed","template":"","meta":{"footnotes":""},"class_list":["post-1282","page","type-page","status-publish","hentry"],"yoast_head":"<!-- This site is optimized with the Yoast SEO plugin v26.9 - https:\/\/yoast.com\/product\/yoast-seo-wordpress\/ -->\n<title>Coaching Retreat - Du Lac et Du Parc Grand Resort<\/title>\n<meta name=\"robots\" content=\"index, follow, max-snippet:-1, max-image-preview:large, max-video-preview:-1\" \/>\n<link rel=\"canonical\" href=\"https:\/\/dulacetduparc.com\/de\/coaching-retreat\/\" \/>\n<meta property=\"og:locale\" content=\"de_DE\" \/>\n<meta property=\"og:type\" content=\"article\" \/>\n<meta property=\"og:title\" content=\"Coaching Retreat - Du Lac et Du Parc Grand Resort\" \/>\n<meta property=\"og:description\" content=\"Gewinne f\u00fcr dich in diesen Tagen Klarheit \u00fcber deine St\u00e4rken und Ziele Vertrauen zu dir, um mutig die n\u00e4chsten Schritte zu gehen Achtsamkeit f\u00fcr das richtige Ma\u00df Neue Kraft aus Ort und Begegnungen &nbsp; 4 Tage Urlaubsreise zu Dir selbst Coaching, Bewegung und Natur St\u00e4rke deine emotionale Kompetenz und innere Kraft und entdecke dich selbst. [&hellip;]\" \/>\n<meta property=\"og:url\" content=\"https:\/\/dulacetduparc.com\/de\/coaching-retreat\/\" \/>\n<meta property=\"og:site_name\" content=\"Du Lac et Du Parc Grand Resort\" \/>\n<meta property=\"article:modified_time\" content=\"2022-12-15T09:22:53+00:00\" \/>\n<meta name=\"twitter:card\" content=\"summary_large_image\" \/>\n<meta name=\"twitter:label1\" content=\"Gesch\u00e4tzte Lesezeit\" \/>\n\t<meta name=\"twitter:data1\" content=\"1 Minute\" \/>\n<script type=\"application\/ld+json\" class=\"yoast-schema-graph\">{\"@context\":\"https:\/\/schema.org\",\"@graph\":[{\"@type\":\"WebPage\",\"@id\":\"https:\/\/dulacetduparc.com\/de\/coaching-retreat\/\",\"url\":\"https:\/\/dulacetduparc.com\/de\/coaching-retreat\/\",\"name\":\"Coaching Retreat - Du Lac et Du Parc Grand Resort\",\"isPartOf\":{\"@id\":\"https:\/\/dulacetduparc.com\/de\/#website\"},\"datePublished\":\"2022-03-16T15:47:19+00:00\",\"dateModified\":\"2022-12-15T09:22:53+00:00\",\"breadcrumb\":{\"@id\":\"https:\/\/dulacetduparc.com\/de\/coaching-retreat\/#breadcrumb\"},\"inLanguage\":\"de-DE\",\"potentialAction\":[{\"@type\":\"ReadAction\",\"target\":[\"https:\/\/dulacetduparc.com\/de\/coaching-retreat\/\"]}]},{\"@type\":\"BreadcrumbList\",\"@id\":\"https:\/\/dulacetduparc.com\/de\/coaching-retreat\/#breadcrumb\",\"itemListElement\":[{\"@type\":\"ListItem\",\"position\":1,\"name\":\"Home\",\"item\":\"https:\/\/dulacetduparc.com\/de\/\"},{\"@type\":\"ListItem\",\"position\":2,\"name\":\"Coaching Retreat\"}]},{\"@type\":\"WebSite\",\"@id\":\"https:\/\/dulacetduparc.com\/de\/#website\",\"url\":\"https:\/\/dulacetduparc.com\/de\/\",\"name\":\"Du Lac et Du Parc Grand Resort\",\"description\":\"Just another ms.decms.eu site\",\"potentialAction\":[{\"@type\":\"SearchAction\",\"target\":{\"@type\":\"EntryPoint\",\"urlTemplate\":\"https:\/\/dulacetduparc.com\/de\/?s={search_term_string}\"},\"query-input\":{\"@type\":\"PropertyValueSpecification\",\"valueRequired\":true,\"valueName\":\"search_term_string\"}}],\"inLanguage\":\"de-DE\"}]}<\/script>\n<!-- \/ Yoast SEO plugin. -->","yoast_head_json":{"title":"Coaching Retreat - Du Lac et Du Parc Grand Resort","robots":{"index":"index","follow":"follow","max-snippet":"max-snippet:-1","max-image-preview":"max-image-preview:large","max-video-preview":"max-video-preview:-1"},"canonical":"https:\/\/dulacetduparc.com\/de\/coaching-retreat\/","og_locale":"de_DE","og_type":"article","og_title":"Coaching Retreat - Du Lac et Du Parc Grand Resort","og_description":"Gewinne f\u00fcr dich in diesen Tagen Klarheit \u00fcber deine St\u00e4rken und Ziele Vertrauen zu dir, um mutig die n\u00e4chsten Schritte zu gehen Achtsamkeit f\u00fcr das richtige Ma\u00df Neue Kraft aus Ort und Begegnungen &nbsp; 4 Tage Urlaubsreise zu Dir selbst Coaching, Bewegung und Natur St\u00e4rke deine emotionale Kompetenz und innere Kraft und entdecke dich selbst. [&hellip;]","og_url":"https:\/\/dulacetduparc.com\/de\/coaching-retreat\/","og_site_name":"Du Lac et Du Parc Grand Resort","article_modified_time":"2022-12-15T09:22:53+00:00","twitter_card":"summary_large_image","twitter_misc":{"Gesch\u00e4tzte Lesezeit":"1 Minute"},"schema":{"@context":"https:\/\/schema.org","@graph":[{"@type":"WebPage","@id":"https:\/\/dulacetduparc.com\/de\/coaching-retreat\/","url":"https:\/\/dulacetduparc.com\/de\/coaching-retreat\/","name":"Coaching Retreat - Du Lac et Du Parc Grand Resort","isPartOf":{"@id":"https:\/\/dulacetduparc.com\/de\/#website"},"datePublished":"2022-03-16T15:47:19+00:00","dateModified":"2022-12-15T09:22:53+00:00","breadcrumb":{"@id":"https:\/\/dulacetduparc.com\/de\/coaching-retreat\/#breadcrumb"},"inLanguage":"de-DE","potentialAction":[{"@type":"ReadAction","target":["https:\/\/dulacetduparc.com\/de\/coaching-retreat\/"]}]},{"@type":"BreadcrumbList","@id":"https:\/\/dulacetduparc.com\/de\/coaching-retreat\/#breadcrumb","itemListElement":[{"@type":"ListItem","position":1,"name":"Home","item":"https:\/\/dulacetduparc.com\/de\/"},{"@type":"ListItem","position":2,"name":"Coaching Retreat"}]},{"@type":"WebSite","@id":"https:\/\/dulacetduparc.com\/de\/#website","url":"https:\/\/dulacetduparc.com\/de\/","name":"Du Lac et Du Parc Grand Resort","description":"Just another ms.decms.eu site","potentialAction":[{"@type":"SearchAction","target":{"@type":"EntryPoint","urlTemplate":"https:\/\/dulacetduparc.com\/de\/?s={search_term_string}"},"query-input":{"@type":"PropertyValueSpecification","valueRequired":true,"valueName":"search_term_string"}}],"inLanguage":"de-DE"}]}},"acf":[],"_links":{"self":[{"href":"https:\/\/dulacetduparc.com\/de\/wp-json\/wp\/v2\/pages\/1282","targetHints":{"allow":["GET"]}}],"collection":[{"href":"https:\/\/dulacetduparc.com\/de\/wp-json\/wp\/v2\/pages"}],"about":[{"href":"https:\/\/dulacetduparc.com\/de\/wp-json\/wp\/v2\/types\/page"}],"author":[{"embeddable":true,"href":"https:\/\/dulacetduparc.com\/de\/wp-json\/wp\/v2\/users\/273"}],"replies":[{"embeddable":true,"href":"https:\/\/dulacetduparc.com\/de\/wp-json\/wp\/v2\/comments?post=1282"}],"version-history":[{"count":0,"href":"https:\/\/dulacetduparc.com\/de\/wp-json\/wp\/v2\/pages\/1282\/revisions"}],"wp:attachment":[{"href":"https:\/\/dulacetduparc.com\/de\/wp-json\/wp\/v2\/media?parent=1282"}],"curies":[{"name":"wp","href":"https:\/\/api.w.org\/{rel}","templated":true}]}}