{"id":1269,"date":"2022-02-15T13:43:56","date_gmt":"2022-02-15T13:43:56","guid":{"rendered":"https:\/\/dulacetduparc.com\/technogym-fitness-center\/"},"modified":"2025-01-20T14:00:09","modified_gmt":"2025-01-20T14:00:09","slug":"technogym-fitness-center","status":"publish","type":"page","link":"https:\/\/dulacetduparc.com\/de\/technogym-fitness-center\/","title":{"rendered":"Technogym\u00ae Fitness Center"},"content":{"rendered":"<p style=\"text-align: center\">Wir freuen uns, Ihnen das brandneue <strong>Technogym\u00ae Fitness Center<\/strong> vorzustellen.<br \/>\nUnser Armonia SPA die neueste Generation von Technogym\u00ae-Ger\u00e4ten. Um Ihnen auch im Urlaub ein Fitness-Center auf hohem Niveau zu garantieren, das allen Bed\u00fcrfnissen gerecht wird.<br \/>\nAuf Wunsch organisieren wir auch <strong>1-st\u00fcndige Training mit einem Personal Trainer.<\/strong><\/p>\n<p style=\"text-align: center\">\u00d6ffnungszeiten: 07.00 &#8211; 20.00<\/p>\n","protected":false},"excerpt":{"rendered":"<p>Wir freuen uns, Ihnen das brandneue Technogym\u00ae Fitness Center vorzustellen. Unser Armonia SPA die neueste Generation von Technogym\u00ae-Ger\u00e4ten. Um Ihnen auch im Urlaub ein Fitness-Center auf hohem Niveau zu garantieren, das allen Bed\u00fcrfnissen gerecht wird. Auf Wunsch organisieren wir auch 1-st\u00fcndige Training mit einem Personal Trainer. \u00d6ffnungszeiten: 07.00 &#8211; 20.00<\/p>\n","protected":false},"author":273,"featured_media":0,"parent":0,"menu_order":0,"comment_status":"closed","ping_status":"closed","template":"","meta":{"footnotes":""},"class_list":["post-1269","page","type-page","status-publish","hentry"],"yoast_head":"<!-- This site is optimized with the Yoast SEO plugin v26.9 - https:\/\/yoast.com\/product\/yoast-seo-wordpress\/ -->\n<title>Technogym\u00ae Fitness Center - Du Lac et Du Parc Grand Resort<\/title>\n<meta name=\"robots\" content=\"index, follow, max-snippet:-1, max-image-preview:large, max-video-preview:-1\" \/>\n<link rel=\"canonical\" href=\"https:\/\/dulacetduparc.com\/de\/technogym-fitness-center\/\" \/>\n<meta property=\"og:locale\" content=\"de_DE\" \/>\n<meta property=\"og:type\" content=\"article\" \/>\n<meta property=\"og:title\" content=\"Technogym\u00ae Fitness Center - Du Lac et Du Parc Grand Resort\" \/>\n<meta property=\"og:description\" content=\"Wir freuen uns, Ihnen das brandneue Technogym\u00ae Fitness Center vorzustellen. Unser Armonia SPA die neueste Generation von Technogym\u00ae-Ger\u00e4ten. Um Ihnen auch im Urlaub ein Fitness-Center auf hohem Niveau zu garantieren, das allen Bed\u00fcrfnissen gerecht wird. Auf Wunsch organisieren wir auch 1-st\u00fcndige Training mit einem Personal Trainer. \u00d6ffnungszeiten: 07.00 &#8211; 20.00\" \/>\n<meta property=\"og:url\" content=\"https:\/\/dulacetduparc.com\/de\/technogym-fitness-center\/\" \/>\n<meta property=\"og:site_name\" content=\"Du Lac et Du Parc Grand Resort\" \/>\n<meta property=\"article:modified_time\" content=\"2025-01-20T14:00:09+00:00\" \/>\n<meta name=\"twitter:card\" content=\"summary_large_image\" \/>\n<meta name=\"twitter:label1\" content=\"Gesch\u00e4tzte Lesezeit\" \/>\n\t<meta name=\"twitter:data1\" content=\"1 Minute\" \/>\n<script type=\"application\/ld+json\" class=\"yoast-schema-graph\">{\"@context\":\"https:\/\/schema.org\",\"@graph\":[{\"@type\":\"WebPage\",\"@id\":\"https:\/\/dulacetduparc.com\/de\/technogym-fitness-center\/\",\"url\":\"https:\/\/dulacetduparc.com\/de\/technogym-fitness-center\/\",\"name\":\"Technogym\u00ae Fitness Center - Du Lac et Du Parc Grand Resort\",\"isPartOf\":{\"@id\":\"https:\/\/dulacetduparc.com\/de\/#website\"},\"datePublished\":\"2022-02-15T13:43:56+00:00\",\"dateModified\":\"2025-01-20T14:00:09+00:00\",\"breadcrumb\":{\"@id\":\"https:\/\/dulacetduparc.com\/de\/technogym-fitness-center\/#breadcrumb\"},\"inLanguage\":\"de-DE\",\"potentialAction\":[{\"@type\":\"ReadAction\",\"target\":[\"https:\/\/dulacetduparc.com\/de\/technogym-fitness-center\/\"]}]},{\"@type\":\"BreadcrumbList\",\"@id\":\"https:\/\/dulacetduparc.com\/de\/technogym-fitness-center\/#breadcrumb\",\"itemListElement\":[{\"@type\":\"ListItem\",\"position\":1,\"name\":\"Home\",\"item\":\"https:\/\/dulacetduparc.com\/de\/\"},{\"@type\":\"ListItem\",\"position\":2,\"name\":\"Technogym\u00ae Fitness Center\"}]},{\"@type\":\"WebSite\",\"@id\":\"https:\/\/dulacetduparc.com\/de\/#website\",\"url\":\"https:\/\/dulacetduparc.com\/de\/\",\"name\":\"Du Lac et Du Parc Grand Resort\",\"description\":\"Just another ms.decms.eu site\",\"potentialAction\":[{\"@type\":\"SearchAction\",\"target\":{\"@type\":\"EntryPoint\",\"urlTemplate\":\"https:\/\/dulacetduparc.com\/de\/?s={search_term_string}\"},\"query-input\":{\"@type\":\"PropertyValueSpecification\",\"valueRequired\":true,\"valueName\":\"search_term_string\"}}],\"inLanguage\":\"de-DE\"}]}<\/script>\n<!-- \/ Yoast SEO plugin. -->","yoast_head_json":{"title":"Technogym\u00ae Fitness Center - Du Lac et Du Parc Grand Resort","robots":{"index":"index","follow":"follow","max-snippet":"max-snippet:-1","max-image-preview":"max-image-preview:large","max-video-preview":"max-video-preview:-1"},"canonical":"https:\/\/dulacetduparc.com\/de\/technogym-fitness-center\/","og_locale":"de_DE","og_type":"article","og_title":"Technogym\u00ae Fitness Center - Du Lac et Du Parc Grand Resort","og_description":"Wir freuen uns, Ihnen das brandneue Technogym\u00ae Fitness Center vorzustellen. Unser Armonia SPA die neueste Generation von Technogym\u00ae-Ger\u00e4ten. Um Ihnen auch im Urlaub ein Fitness-Center auf hohem Niveau zu garantieren, das allen Bed\u00fcrfnissen gerecht wird. Auf Wunsch organisieren wir auch 1-st\u00fcndige Training mit einem Personal Trainer. \u00d6ffnungszeiten: 07.00 &#8211; 20.00","og_url":"https:\/\/dulacetduparc.com\/de\/technogym-fitness-center\/","og_site_name":"Du Lac et Du Parc Grand Resort","article_modified_time":"2025-01-20T14:00:09+00:00","twitter_card":"summary_large_image","twitter_misc":{"Gesch\u00e4tzte Lesezeit":"1 Minute"},"schema":{"@context":"https:\/\/schema.org","@graph":[{"@type":"WebPage","@id":"https:\/\/dulacetduparc.com\/de\/technogym-fitness-center\/","url":"https:\/\/dulacetduparc.com\/de\/technogym-fitness-center\/","name":"Technogym\u00ae Fitness Center - Du Lac et Du Parc Grand Resort","isPartOf":{"@id":"https:\/\/dulacetduparc.com\/de\/#website"},"datePublished":"2022-02-15T13:43:56+00:00","dateModified":"2025-01-20T14:00:09+00:00","breadcrumb":{"@id":"https:\/\/dulacetduparc.com\/de\/technogym-fitness-center\/#breadcrumb"},"inLanguage":"de-DE","potentialAction":[{"@type":"ReadAction","target":["https:\/\/dulacetduparc.com\/de\/technogym-fitness-center\/"]}]},{"@type":"BreadcrumbList","@id":"https:\/\/dulacetduparc.com\/de\/technogym-fitness-center\/#breadcrumb","itemListElement":[{"@type":"ListItem","position":1,"name":"Home","item":"https:\/\/dulacetduparc.com\/de\/"},{"@type":"ListItem","position":2,"name":"Technogym\u00ae Fitness Center"}]},{"@type":"WebSite","@id":"https:\/\/dulacetduparc.com\/de\/#website","url":"https:\/\/dulacetduparc.com\/de\/","name":"Du Lac et Du Parc Grand Resort","description":"Just another ms.decms.eu site","potentialAction":[{"@type":"SearchAction","target":{"@type":"EntryPoint","urlTemplate":"https:\/\/dulacetduparc.com\/de\/?s={search_term_string}"},"query-input":{"@type":"PropertyValueSpecification","valueRequired":true,"valueName":"search_term_string"}}],"inLanguage":"de-DE"}]}},"acf":[],"_links":{"self":[{"href":"https:\/\/dulacetduparc.com\/de\/wp-json\/wp\/v2\/pages\/1269","targetHints":{"allow":["GET"]}}],"collection":[{"href":"https:\/\/dulacetduparc.com\/de\/wp-json\/wp\/v2\/pages"}],"about":[{"href":"https:\/\/dulacetduparc.com\/de\/wp-json\/wp\/v2\/types\/page"}],"author":[{"embeddable":true,"href":"https:\/\/dulacetduparc.com\/de\/wp-json\/wp\/v2\/users\/273"}],"replies":[{"embeddable":true,"href":"https:\/\/dulacetduparc.com\/de\/wp-json\/wp\/v2\/comments?post=1269"}],"version-history":[{"count":0,"href":"https:\/\/dulacetduparc.com\/de\/wp-json\/wp\/v2\/pages\/1269\/revisions"}],"wp:attachment":[{"href":"https:\/\/dulacetduparc.com\/de\/wp-json\/wp\/v2\/media?parent=1269"}],"curies":[{"name":"wp","href":"https:\/\/api.w.org\/{rel}","templated":true}]}}