{"id":1021,"date":"2021-06-25T14:14:17","date_gmt":"2021-06-25T14:14:17","guid":{"rendered":"https:\/\/dulacetduparc.com\/?page_id=1021"},"modified":"2023-01-13T08:32:00","modified_gmt":"2023-01-13T08:32:00","slug":"selfness","status":"publish","type":"page","link":"https:\/\/dulacetduparc.com\/de\/selfness\/","title":{"rendered":"Selfness"},"content":{"rendered":"<p>NEU! Selfness-Urlaub am Hotel Du Lac ed Du Parc Grand Resort ****+ mit Astrid und Constanze. Selfness \u2013 Urlaubsreise zu dir selbst.<br \/>\nSelfness bedeutet Emotionale und mentale Balance finden, K\u00f6rper, Geist und Seele in Einklang bringen. Bewusst Zeit f\u00fcr sich selbst nehmen.<br \/>\nSelfness hilft den Weg zu seinem innersten Kern zu finden. Gibt Klarheit, Kraft und \u00f6ffnet neue M\u00f6glichkeiten, das eigene Leben zu gestalten. Sorgf\u00e4ltig gestaltete Programme die den inneren Einklang f\u00f6rdern und Gef\u00fchle und Gedanken in Bewegung bringen.<\/p>\n","protected":false},"excerpt":{"rendered":"<p>NEU! Selfness-Urlaub am Hotel Du Lac ed Du Parc Grand Resort ****+ mit Astrid und Constanze. Selfness \u2013 Urlaubsreise zu dir selbst. Selfness bedeutet Emotionale und mentale Balance finden, K\u00f6rper, Geist und Seele in Einklang bringen. Bewusst Zeit f\u00fcr sich selbst nehmen. Selfness hilft den Weg zu seinem innersten Kern zu finden. Gibt Klarheit, Kraft [&hellip;]<\/p>\n","protected":false},"author":273,"featured_media":974,"parent":0,"menu_order":0,"comment_status":"closed","ping_status":"closed","template":"","meta":{"footnotes":""},"class_list":["post-1021","page","type-page","status-publish","has-post-thumbnail","hentry"],"yoast_head":"<!-- This site is optimized with the Yoast SEO plugin v26.9 - https:\/\/yoast.com\/product\/yoast-seo-wordpress\/ -->\n<title>Selfness - Du Lac et Du Parc Grand Resort<\/title>\n<meta name=\"robots\" content=\"index, follow, max-snippet:-1, max-image-preview:large, max-video-preview:-1\" \/>\n<link rel=\"canonical\" href=\"https:\/\/dulacetduparc.com\/de\/selfness\/\" \/>\n<meta property=\"og:locale\" content=\"de_DE\" \/>\n<meta property=\"og:type\" content=\"article\" \/>\n<meta property=\"og:title\" content=\"Selfness - Du Lac et Du Parc Grand Resort\" \/>\n<meta property=\"og:description\" content=\"NEU! Selfness-Urlaub am Hotel Du Lac ed Du Parc Grand Resort ****+ mit Astrid und Constanze. Selfness \u2013 Urlaubsreise zu dir selbst. Selfness bedeutet Emotionale und mentale Balance finden, K\u00f6rper, Geist und Seele in Einklang bringen. Bewusst Zeit f\u00fcr sich selbst nehmen. Selfness hilft den Weg zu seinem innersten Kern zu finden. Gibt Klarheit, Kraft [&hellip;]\" \/>\n<meta property=\"og:url\" content=\"https:\/\/dulacetduparc.com\/de\/selfness\/\" \/>\n<meta property=\"og:site_name\" content=\"Du Lac et Du Parc Grand Resort\" \/>\n<meta property=\"article:modified_time\" content=\"2023-01-13T08:32:00+00:00\" \/>\n<meta property=\"og:image\" content=\"https:\/\/dulacetduparc.com\/wp-content\/uploads\/sites\/292\/2021\/06\/Seelensport-min.jpg\" \/>\n\t<meta property=\"og:image:width\" content=\"1669\" \/>\n\t<meta property=\"og:image:height\" content=\"1200\" \/>\n\t<meta property=\"og:image:type\" content=\"image\/jpeg\" \/>\n<meta name=\"twitter:card\" content=\"summary_large_image\" \/>\n<meta name=\"twitter:label1\" content=\"Gesch\u00e4tzte Lesezeit\" \/>\n\t<meta name=\"twitter:data1\" content=\"1 Minute\" \/>\n<script type=\"application\/ld+json\" class=\"yoast-schema-graph\">{\"@context\":\"https:\/\/schema.org\",\"@graph\":[{\"@type\":\"WebPage\",\"@id\":\"https:\/\/dulacetduparc.com\/de\/selfness\/\",\"url\":\"https:\/\/dulacetduparc.com\/de\/selfness\/\",\"name\":\"Selfness - Du Lac et Du Parc Grand Resort\",\"isPartOf\":{\"@id\":\"https:\/\/dulacetduparc.com\/de\/#website\"},\"primaryImageOfPage\":{\"@id\":\"https:\/\/dulacetduparc.com\/de\/selfness\/#primaryimage\"},\"image\":{\"@id\":\"https:\/\/dulacetduparc.com\/de\/selfness\/#primaryimage\"},\"thumbnailUrl\":\"https:\/\/dulacetduparc.com\/wp-content\/uploads\/sites\/292\/2021\/06\/Seelensport-min.jpg\",\"datePublished\":\"2021-06-25T14:14:17+00:00\",\"dateModified\":\"2023-01-13T08:32:00+00:00\",\"breadcrumb\":{\"@id\":\"https:\/\/dulacetduparc.com\/de\/selfness\/#breadcrumb\"},\"inLanguage\":\"de-DE\",\"potentialAction\":[{\"@type\":\"ReadAction\",\"target\":[\"https:\/\/dulacetduparc.com\/de\/selfness\/\"]}]},{\"@type\":\"ImageObject\",\"inLanguage\":\"de-DE\",\"@id\":\"https:\/\/dulacetduparc.com\/de\/selfness\/#primaryimage\",\"url\":\"https:\/\/dulacetduparc.com\/wp-content\/uploads\/sites\/292\/2021\/06\/Seelensport-min.jpg\",\"contentUrl\":\"https:\/\/dulacetduparc.com\/wp-content\/uploads\/sites\/292\/2021\/06\/Seelensport-min.jpg\",\"width\":1669,\"height\":1200},{\"@type\":\"BreadcrumbList\",\"@id\":\"https:\/\/dulacetduparc.com\/de\/selfness\/#breadcrumb\",\"itemListElement\":[{\"@type\":\"ListItem\",\"position\":1,\"name\":\"Home\",\"item\":\"https:\/\/dulacetduparc.com\/de\/\"},{\"@type\":\"ListItem\",\"position\":2,\"name\":\"Selfness\"}]},{\"@type\":\"WebSite\",\"@id\":\"https:\/\/dulacetduparc.com\/de\/#website\",\"url\":\"https:\/\/dulacetduparc.com\/de\/\",\"name\":\"Du Lac et Du Parc Grand Resort\",\"description\":\"Just another ms.decms.eu site\",\"potentialAction\":[{\"@type\":\"SearchAction\",\"target\":{\"@type\":\"EntryPoint\",\"urlTemplate\":\"https:\/\/dulacetduparc.com\/de\/?s={search_term_string}\"},\"query-input\":{\"@type\":\"PropertyValueSpecification\",\"valueRequired\":true,\"valueName\":\"search_term_string\"}}],\"inLanguage\":\"de-DE\"}]}<\/script>\n<!-- \/ Yoast SEO plugin. -->","yoast_head_json":{"title":"Selfness - Du Lac et Du Parc Grand Resort","robots":{"index":"index","follow":"follow","max-snippet":"max-snippet:-1","max-image-preview":"max-image-preview:large","max-video-preview":"max-video-preview:-1"},"canonical":"https:\/\/dulacetduparc.com\/de\/selfness\/","og_locale":"de_DE","og_type":"article","og_title":"Selfness - Du Lac et Du Parc Grand Resort","og_description":"NEU! Selfness-Urlaub am Hotel Du Lac ed Du Parc Grand Resort ****+ mit Astrid und Constanze. Selfness \u2013 Urlaubsreise zu dir selbst. Selfness bedeutet Emotionale und mentale Balance finden, K\u00f6rper, Geist und Seele in Einklang bringen. Bewusst Zeit f\u00fcr sich selbst nehmen. Selfness hilft den Weg zu seinem innersten Kern zu finden. Gibt Klarheit, Kraft [&hellip;]","og_url":"https:\/\/dulacetduparc.com\/de\/selfness\/","og_site_name":"Du Lac et Du Parc Grand Resort","article_modified_time":"2023-01-13T08:32:00+00:00","og_image":[{"width":1669,"height":1200,"url":"https:\/\/dulacetduparc.com\/wp-content\/uploads\/sites\/292\/2021\/06\/Seelensport-min.jpg","type":"image\/jpeg"}],"twitter_card":"summary_large_image","twitter_misc":{"Gesch\u00e4tzte Lesezeit":"1 Minute"},"schema":{"@context":"https:\/\/schema.org","@graph":[{"@type":"WebPage","@id":"https:\/\/dulacetduparc.com\/de\/selfness\/","url":"https:\/\/dulacetduparc.com\/de\/selfness\/","name":"Selfness - Du Lac et Du Parc Grand Resort","isPartOf":{"@id":"https:\/\/dulacetduparc.com\/de\/#website"},"primaryImageOfPage":{"@id":"https:\/\/dulacetduparc.com\/de\/selfness\/#primaryimage"},"image":{"@id":"https:\/\/dulacetduparc.com\/de\/selfness\/#primaryimage"},"thumbnailUrl":"https:\/\/dulacetduparc.com\/wp-content\/uploads\/sites\/292\/2021\/06\/Seelensport-min.jpg","datePublished":"2021-06-25T14:14:17+00:00","dateModified":"2023-01-13T08:32:00+00:00","breadcrumb":{"@id":"https:\/\/dulacetduparc.com\/de\/selfness\/#breadcrumb"},"inLanguage":"de-DE","potentialAction":[{"@type":"ReadAction","target":["https:\/\/dulacetduparc.com\/de\/selfness\/"]}]},{"@type":"ImageObject","inLanguage":"de-DE","@id":"https:\/\/dulacetduparc.com\/de\/selfness\/#primaryimage","url":"https:\/\/dulacetduparc.com\/wp-content\/uploads\/sites\/292\/2021\/06\/Seelensport-min.jpg","contentUrl":"https:\/\/dulacetduparc.com\/wp-content\/uploads\/sites\/292\/2021\/06\/Seelensport-min.jpg","width":1669,"height":1200},{"@type":"BreadcrumbList","@id":"https:\/\/dulacetduparc.com\/de\/selfness\/#breadcrumb","itemListElement":[{"@type":"ListItem","position":1,"name":"Home","item":"https:\/\/dulacetduparc.com\/de\/"},{"@type":"ListItem","position":2,"name":"Selfness"}]},{"@type":"WebSite","@id":"https:\/\/dulacetduparc.com\/de\/#website","url":"https:\/\/dulacetduparc.com\/de\/","name":"Du Lac et Du Parc Grand Resort","description":"Just another ms.decms.eu site","potentialAction":[{"@type":"SearchAction","target":{"@type":"EntryPoint","urlTemplate":"https:\/\/dulacetduparc.com\/de\/?s={search_term_string}"},"query-input":{"@type":"PropertyValueSpecification","valueRequired":true,"valueName":"search_term_string"}}],"inLanguage":"de-DE"}]}},"acf":[],"_links":{"self":[{"href":"https:\/\/dulacetduparc.com\/de\/wp-json\/wp\/v2\/pages\/1021","targetHints":{"allow":["GET"]}}],"collection":[{"href":"https:\/\/dulacetduparc.com\/de\/wp-json\/wp\/v2\/pages"}],"about":[{"href":"https:\/\/dulacetduparc.com\/de\/wp-json\/wp\/v2\/types\/page"}],"author":[{"embeddable":true,"href":"https:\/\/dulacetduparc.com\/de\/wp-json\/wp\/v2\/users\/273"}],"replies":[{"embeddable":true,"href":"https:\/\/dulacetduparc.com\/de\/wp-json\/wp\/v2\/comments?post=1021"}],"version-history":[{"count":0,"href":"https:\/\/dulacetduparc.com\/de\/wp-json\/wp\/v2\/pages\/1021\/revisions"}],"wp:featuredmedia":[{"embeddable":true,"href":"https:\/\/dulacetduparc.com\/de\/wp-json\/wp\/v2\/media\/974"}],"wp:attachment":[{"href":"https:\/\/dulacetduparc.com\/de\/wp-json\/wp\/v2\/media?parent=1021"}],"curies":[{"name":"wp","href":"https:\/\/api.w.org\/{rel}","templated":true}]}}